{"id":6279,"date":"2023-04-27T11:15:12","date_gmt":"2023-04-27T09:15:12","guid":{"rendered":"https:\/\/bibliolingua.eu\/planes-de-clase\/"},"modified":"2024-11-05T15:06:24","modified_gmt":"2024-11-05T14:06:24","slug":"planes-de-clase","status":"publish","type":"page","link":"https:\/\/bibliolingua.eu\/es\/planes-de-clase\/","title":{"rendered":"Planes de clase"},"content":{"rendered":"<p>[et_pb_section fb_built=\u00bb1&#8243; _builder_version=\u00bb4.20.2&#8243; _module_preset=\u00bbdefault\u00bb background_color=\u00bb#0C71C3&#8243; custom_padding=\u00bb50px||50px||true|false\u00bb global_colors_info=\u00bb{}\u00bb theme_builder_area=\u00bbet_body_layout\u00bb][et_pb_row _builder_version=\u00bb4.20.2&#8243; _module_preset=\u00bbdefault\u00bb custom_padding=\u00bb0px||0px||true|false\u00bb global_colors_info=\u00bb{}\u00bb theme_builder_area=\u00bbet_body_layout\u00bb][et_pb_column type=\u00bb4_4&#8243; _builder_version=\u00bb4.20.2&#8243; _module_preset=\u00bbdefault\u00bb global_colors_info=\u00bb{}\u00bb theme_builder_area=\u00bbet_body_layout\u00bb][et_pb_text _builder_version=\u00bb4.20.2&#8243; _dynamic_attributes=\u00bbcontent\u00bb _module_preset=\u00bb8bb535d0-67f5-4977-8fda-512a67174802&#8243; text_orientation=\u00bbcenter\u00bb background_layout=\u00bbdark\u00bb global_colors_info=\u00bb{}\u00bb theme_builder_area=\u00bbet_body_layout\u00bb]@ET-DC@eyJkeW5hbWljIjp0cnVlLCJjb250ZW50IjoicG9zdF90aXRsZSIsInNldHRpbmdzIjp7ImJlZm9yZSI6IjxoMT4iLCJhZnRlciI6IjxcL2gxPiJ9fQ==@[\/et_pb_text][\/et_pb_column][\/et_pb_row][et_pb_row _builder_version=\u00bb4.24.2&#8243; _module_preset=\u00bbdefault\u00bb background_color=\u00bbRGBA(255,255,255,0)\u00bb max_width=\u00bb500px\u00bb custom_margin=\u00bb50px||||false|false\u00bb custom_padding=\u00bb||||true|true\u00bb hover_enabled=\u00bb0&#8243; border_radii=\u00bbon|20px|20px|20px|20px\u00bb global_colors_info=\u00bb{}\u00bb theme_builder_area=\u00bbet_body_layout\u00bb sticky_enabled=\u00bb0&#8243;][et_pb_column type=\u00bb4_4&#8243; _builder_version=\u00bb4.20.2&#8243; _module_preset=\u00bbdefault\u00bb global_colors_info=\u00bb{}\u00bb theme_builder_area=\u00bbet_body_layout\u00bb][et_pb_text _builder_version=\u00bb4.24.2&#8243; _module_preset=\u00bbdefault\u00bb theme_builder_area=\u00bbet_body_layout\u00bb hover_enabled=\u00bb0&#8243; sticky_enabled=\u00bb0&#8243; background_layout=\u00bbdark\u00bb]<\/p>\n<p>Adem\u00e1s de los planes de clase disponibles en la biblioteca de libros electr\u00f3nicos, puede descargar m\u00e1s ejemplos aqu\u00ed mismo.<\/p>\n<p>[\/et_pb_text][et_pb_code _builder_version=\u00bb4.24.2&#8243; _module_preset=\u00bbdefault\u00bb theme_builder_area=\u00bbet_body_layout\u00bb hover_enabled=\u00bb0&#8243; sticky_enabled=\u00bb0&#8243; custom_margin=\u00bb50px||||false|false\u00bb]<a class=\"book\" href=\"\/wp-content\/uploads\/2024\/10\/bibliolingua_lesson-plans_level-1_ES.pdf\" target=\"_blank\" rel=\"noopener\"><!-- [et_pb_line_break_holder] --><\/p>\n<div class=\"book__level\">Nivel 1<\/div>\n<p><!-- [et_pb_line_break_holder] --><button class=\"book__btn button\">Descargar<\/button><!-- [et_pb_line_break_holder] --><\/a><!-- [et_pb_line_break_holder] --><a class=\"book\" href=\"\/wp-content\/uploads\/2024\/10\/bibliolingua_lesson-plans_level-2_ES.pdf\" target=\"_blank\" rel=\"noopener\"><!-- [et_pb_line_break_holder] --><\/p>\n<div class=\"book__level\">Nivel 2<\/div>\n<p><!-- [et_pb_line_break_holder] --><button class=\"book__btn button\">Descargar<\/button><!-- [et_pb_line_break_holder] --><\/a><!-- [et_pb_line_break_holder] --><a class=\"book\" href=\"\/wp-content\/uploads\/2024\/10\/bibliolingua_lesson-plans_level-3_ES-1.pdf\" target=\"_blank\" rel=\"noopener\"><!-- [et_pb_line_break_holder] --><\/p>\n<div class=\"book__level\">Nivel 3<\/div>\n<p><!-- [et_pb_line_break_holder] --><button class=\"book__btn button\">Descargar<\/button><!-- [et_pb_line_break_holder] --><\/a>[\/et_pb_code][\/et_pb_column][\/et_pb_row][\/et_pb_section]<\/p>\n","protected":false},"excerpt":{"rendered":"<p>Adem\u00e1s de los planes de clase disponibles en la biblioteca de libros electr\u00f3nicos, puede descargar m\u00e1s ejemplos aqu\u00ed mismo.<\/p>\n","protected":false},"author":3,"featured_media":0,"parent":0,"menu_order":0,"comment_status":"closed","ping_status":"closed","template":"","meta":{"_acf_changed":false,"_et_pb_use_builder":"on","_et_pb_old_content":"","_et_gb_content_width":"","footnotes":""},"class_list":["post-6279","page","type-page","status-publish","hentry"],"acf":[],"_links":{"self":[{"href":"https:\/\/bibliolingua.eu\/es\/wp-json\/wp\/v2\/pages\/6279","targetHints":{"allow":["GET"]}}],"collection":[{"href":"https:\/\/bibliolingua.eu\/es\/wp-json\/wp\/v2\/pages"}],"about":[{"href":"https:\/\/bibliolingua.eu\/es\/wp-json\/wp\/v2\/types\/page"}],"author":[{"embeddable":true,"href":"https:\/\/bibliolingua.eu\/es\/wp-json\/wp\/v2\/users\/3"}],"replies":[{"embeddable":true,"href":"https:\/\/bibliolingua.eu\/es\/wp-json\/wp\/v2\/comments?post=6279"}],"version-history":[{"count":8,"href":"https:\/\/bibliolingua.eu\/es\/wp-json\/wp\/v2\/pages\/6279\/revisions"}],"predecessor-version":[{"id":11823,"href":"https:\/\/bibliolingua.eu\/es\/wp-json\/wp\/v2\/pages\/6279\/revisions\/11823"}],"wp:attachment":[{"href":"https:\/\/bibliolingua.eu\/es\/wp-json\/wp\/v2\/media?parent=6279"}],"curies":[{"name":"wp","href":"https:\/\/api.w.org\/{rel}","templated":true}]}}