{"id":7097,"date":"2023-06-21T11:26:25","date_gmt":"2023-06-21T09:26:25","guid":{"rendered":"https:\/\/bibliolingua.eu\/el-proyecto\/"},"modified":"2023-11-14T11:46:46","modified_gmt":"2023-11-14T10:46:46","slug":"el-proyecto","status":"publish","type":"page","link":"https:\/\/bibliolingua.eu\/es\/el-proyecto\/","title":{"rendered":"El proyecto"},"content":{"rendered":"\n<p><strong>BiblioLingua (proyecto 2023-2025) tiene como objetivo proponer una oferta de lectura adaptada, asociando la adquisici\u00f3n de una segunda lengua con la promoci\u00f3n de la literatura y el patrimonio europeos. Esta oferta se dirige a los estudiantes de secundaria y a sus profesores.<\/strong><\/p>\n\n<p>La futura colecci\u00f3n consta de 17 libros electr\u00f3nicos con diferentes niveles de lectura.<\/p>\n\n<p>Para que nuestra oferta se adapte lo m\u00e1s posible a las necesidades de los estudiantes y los profesores, pondremos a su disposici\u00f3n los paquetes pedag\u00f3gicos asociados. Estos paquetes consistir\u00e1n en planes de clase para los profesores y dosieres pedag\u00f3gicos para los estudiantes.<\/p>\n\n<p>Adem\u00e1s, este proyecto pretende ofrecer una plataforma en la que todos los recursos creados a lo largo del proyecto sean accesibles de forma gratuita para todo el mundo.<\/p>\n\n<p>Este proyecto re\u00fane a 6 socios europeos:<\/p>\n\n<ul class=\"wp-block-list\">\n<li>LogoPsyCom (coordinador), empresa belga especializada en dificultades de aprendizaje<\/li>\n\n\n\n<li>Les Apprimeurs, agencia digital francesa especializada en la aplicaci\u00f3n de soluciones innovadoras que promueven el acceso a los conocimientos fundamentales<\/li>\n\n\n\n<li>El Instituto de Sordos de Tur\u00edn (Italia), que trabaja, entre otros, con inmigrantes sordos<\/li>\n\n\n\n<li>Babel Idiomas, un centro privado de formaci\u00f3n de profesores y ense\u00f1anza de idiomas en M\u00e1laga (Espa\u00f1a)<\/li>\n\n\n\n<li>Tartu Raatuse Kool, una escuela primaria de Estonia que utiliza m\u00e9todos modernos de ense\u00f1anza<\/li>\n\n\n\n<li>Zakladna skola, Skultetyho 1, Nitra es una escuela eslovaca que ofrece educaci\u00f3n primaria y secundaria inferior<\/li>\n<\/ul>\n\n<p>BiblioLingua est\u00e1 financiado por el programa Erasmus+.<br\/>Todos los contenidos producidos durante el proyecto ser\u00e1n de libre acceso.<br\/>N\u00famero de proyecto: 2022-2-BE01-KA220-SCH-000096799<\/p>\n","protected":false},"excerpt":{"rendered":"<p>BiblioLingua (proyecto 2023-2025) tiene como objetivo proponer una oferta de lectura adaptada, asociando la adquisici\u00f3n de una segunda lengua con la promoci\u00f3n de la literatura y el patrimonio europeos. Esta oferta se dirige a los estudiantes de secundaria y a sus profesores. La futura colecci\u00f3n consta de 17 libros electr\u00f3nicos con diferentes niveles de lectura. [&hellip;]<\/p>\n","protected":false},"author":3,"featured_media":0,"parent":0,"menu_order":0,"comment_status":"closed","ping_status":"closed","template":"","meta":{"_acf_changed":false,"_et_pb_use_builder":"off","_et_pb_old_content":"","_et_gb_content_width":"","footnotes":""},"class_list":["post-7097","page","type-page","status-publish","hentry"],"acf":[],"_links":{"self":[{"href":"https:\/\/bibliolingua.eu\/es\/wp-json\/wp\/v2\/pages\/7097","targetHints":{"allow":["GET"]}}],"collection":[{"href":"https:\/\/bibliolingua.eu\/es\/wp-json\/wp\/v2\/pages"}],"about":[{"href":"https:\/\/bibliolingua.eu\/es\/wp-json\/wp\/v2\/types\/page"}],"author":[{"embeddable":true,"href":"https:\/\/bibliolingua.eu\/es\/wp-json\/wp\/v2\/users\/3"}],"replies":[{"embeddable":true,"href":"https:\/\/bibliolingua.eu\/es\/wp-json\/wp\/v2\/comments?post=7097"}],"version-history":[{"count":1,"href":"https:\/\/bibliolingua.eu\/es\/wp-json\/wp\/v2\/pages\/7097\/revisions"}],"predecessor-version":[{"id":7098,"href":"https:\/\/bibliolingua.eu\/es\/wp-json\/wp\/v2\/pages\/7097\/revisions\/7098"}],"wp:attachment":[{"href":"https:\/\/bibliolingua.eu\/es\/wp-json\/wp\/v2\/media?parent=7097"}],"curies":[{"name":"wp","href":"https:\/\/api.w.org\/{rel}","templated":true}]}}