{"id":7099,"date":"2023-06-21T11:41:14","date_gmt":"2023-06-21T09:41:14","guid":{"rendered":"https:\/\/bibliolingua.eu\/socios\/"},"modified":"2024-11-05T15:05:10","modified_gmt":"2024-11-05T14:05:10","slug":"socios","status":"publish","type":"page","link":"https:\/\/bibliolingua.eu\/es\/socios\/","title":{"rendered":"Socios"},"content":{"rendered":"\n<div class=\"wp-block-columns is-layout-flex wp-container-core-columns-is-layout-9d6595d7 wp-block-columns-is-layout-flex\">\n<div class=\"wp-block-column is-layout-flow wp-block-column-is-layout-flow\" style=\"flex-basis:10%\">\n<div class=\"flag flagBE\"><\/div>\n<\/div>\n\n\n\n<div class=\"wp-block-column is-layout-flow wp-block-column-is-layout-flow\" style=\"flex-basis:90%\">\n<h2 class=\"wp-block-heading\">LogoPsyCom<\/h2>\n\n\n\n<p>B\u00e9lgica<\/p>\n<\/div>\n<\/div>\n\n<div style=\"height:30px\" aria-hidden=\"true\" class=\"wp-block-spacer\"><\/div>\n\n<p>Logopsycom es un centro de innovaci\u00f3n educativa que crea y utiliza m\u00e9todos o herramientas alternativas (digitales o no) para acompa\u00f1ar a escuelas, centros de FP, organizaciones educativas, j\u00f3venes y padres. Inicialmente se cre\u00f3 como una empresa de atenci\u00f3n, especializada en los trastornos del aprendizaje, entre los j\u00f3venes, especialmente en \u00abDis\u00bb (Dispraxia, Disfasia, Dislexia, etc.), tambi\u00e9n llamado Trastornos Espec\u00edficos del Aprendizaje (TEA) y por lo tanto siempre trabaja en la accesibilidad de los contenidos.<\/p>\n\n<a href=\"https:\/\/logopsycom.com\/\" class=\"partnerButton\" target=\"_blank\" rel=\"noopener\"><img decoding=\"async\" src=\"https:\/\/bibliolingua.eu\/wp-content\/uploads\/2023\/04\/web.png\" width=\"26px\"\/><\/a>\n<a href=\"https:\/\/www.facebook.com\/Logopsycom\/\" class=\"partnerButton\" target=\"_blank\" rel=\"noopener\"><img decoding=\"async\" src=\"https:\/\/bibliolingua.eu\/wp-content\/uploads\/2023\/04\/fb.png\" width=\"12px\"\/><\/a>\n\n<div style=\"height:60px\" aria-hidden=\"true\" class=\"wp-block-spacer\"><\/div>\n\n<div class=\"wp-block-columns is-layout-flex wp-container-core-columns-is-layout-9d6595d7 wp-block-columns-is-layout-flex\">\n<div class=\"wp-block-column is-layout-flow wp-block-column-is-layout-flow\" style=\"flex-basis:10%\">\n<div class=\"flag flagET\"><\/div>\n<\/div>\n\n\n\n<div class=\"wp-block-column is-layout-flow wp-block-column-is-layout-flow\" style=\"flex-basis:90%\">\n<h2 class=\"wp-block-heading\">Tartu Raatuse Kool<\/h2>\n\n\n\n<p>Estonia<\/p>\n<\/div>\n<\/div>\n\n<div style=\"height:30px\" aria-hidden=\"true\" class=\"wp-block-spacer\"><\/div>\n\n<p>Tartu Raatuse School es una escuela primaria de Estonia que est\u00e1 utilizando m\u00e9todos de ense\u00f1anza modernos, como no utilizar un sistema tradicional de calificaciones en las clases de primaria con los a\u00f1os 1-6. La escuela ya tiene la experiencia que trata el proyecto BiblioLingua &#8211; la combinaci\u00f3n de diferentes \u00e1reas de aprendizaje de idiomas con la promoci\u00f3n de la literatura europea y el patrimonio. El lema de la escuela es: \u00abNo ense\u00f1amos planes de estudios ni asignaturas, sino a alumnos\u00bb.<\/p>\n\n<a href=\"https:\/\/raatuse.tartu.ee\/en\/\" class=\"partnerButton\" target=\"_blank\" rel=\"noopener\"><img decoding=\"async\" src=\"https:\/\/bibliolingua.eu\/wp-content\/uploads\/2023\/04\/web.png\" width=\"26px\"\/><\/a>\n<a href=\"https:\/\/www.facebook.com\/people\/Tartu-Raatuse-Kool\/100057033176530\/\" class=\"partnerButton\" target=\"_blank\" rel=\"noopener\"><img decoding=\"async\" src=\"https:\/\/bibliolingua.eu\/wp-content\/uploads\/2023\/04\/fb.png\" width=\"12px\"\/><\/a>\n\n<div style=\"height:60px\" aria-hidden=\"true\" class=\"wp-block-spacer\"><\/div>\n\n<div class=\"wp-block-columns is-layout-flex wp-container-core-columns-is-layout-9d6595d7 wp-block-columns-is-layout-flex\">\n<div class=\"wp-block-column is-layout-flow wp-block-column-is-layout-flow\" style=\"flex-basis:10%\">\n<div class=\"flag flagIT\"><\/div>\n<\/div>\n\n\n\n<div class=\"wp-block-column is-layout-flow wp-block-column-is-layout-flow\" style=\"flex-basis:90%\">\n<h2 class=\"wp-block-heading\">Istituto dei Sordi di Torino<\/h2>\n\n\n\n<p>Italia<\/p>\n<\/div>\n<\/div>\n\n<div style=\"height:30px\" aria-hidden=\"true\" class=\"wp-block-spacer\"><\/div>\n\n<p>El Istituto dei Sordi es una de las escuelas para sordos m\u00e1s antiguas de Italia. Se fund\u00f3 en 1814 y colabora con unos 250 alumnos sordos desde la guarder\u00eda hasta la universidad.<\/p>\n\n<a href=\"http:\/\/www.istitutosorditorino.org\" class=\"partnerButton\" target=\"_blank\" rel=\"noopener\"><img decoding=\"async\" src=\"https:\/\/bibliolingua.eu\/wp-content\/uploads\/2023\/04\/web.png\" width=\"26px\"\/><\/a>\n<a href=\"https:\/\/www.facebook.com\/Istituto-dei-Sordi-di-Torino-148350511989647\/\" class=\"partnerButton\" target=\"_blank\" rel=\"noopener\"><img decoding=\"async\" src=\"https:\/\/bibliolingua.eu\/wp-content\/uploads\/2023\/04\/fb.png\" width=\"12px\"\/><\/a>\n\n<div style=\"height:60px\" aria-hidden=\"true\" class=\"wp-block-spacer\"><\/div>\n\n<div class=\"wp-block-columns is-layout-flex wp-container-core-columns-is-layout-9d6595d7 wp-block-columns-is-layout-flex\">\n<div class=\"wp-block-column is-layout-flow wp-block-column-is-layout-flow\" style=\"flex-basis:10%\">\n<div class=\"flag flagES\"><\/div>\n<\/div>\n\n\n\n<div class=\"wp-block-column is-layout-flow wp-block-column-is-layout-flow\" style=\"flex-basis:90%\">\n<h2 class=\"wp-block-heading\">Babel Idioma y Cultura S.L.<\/h2>\n\n\n\n<p>Espa\u00f1a<\/p>\n<\/div>\n<\/div>\n\n<div style=\"height:30px\" aria-hidden=\"true\" class=\"wp-block-spacer\"><\/div>\n\n<p>Babel Idiomas es un centro privado de formaci\u00f3n de profesores y ense\u00f1anza de idiomas en M\u00e1laga (Espa\u00f1a). Desde 1999, imparten formaci\u00f3n en ingl\u00e9s, espa\u00f1ol, alem\u00e1n y franc\u00e9s a estudiantes de todas las edades y procedencias. Adem\u00e1s de dirigir 2 centros de idiomas, Babel Idiomas tambi\u00e9n imparte clases en 3 colegios locales, donde ofrecen cursos extraescolares de ingl\u00e9s para sus alumnos. Babel Idiomas tambi\u00e9n tiene una l\u00ednea especial de cursos de ingl\u00e9s adaptados a estudiantes con dislexia.<\/p>\n\n<a href=\"https:\/\/www.babelidiomas.es\/\" class=\"partnerButton\" target=\"_blank\" rel=\"noopener\"><img decoding=\"async\" src=\"https:\/\/bibliolingua.eu\/wp-content\/uploads\/2023\/04\/web.png\" width=\"26px\"\/><\/a>\n<a href=\"https:\/\/es-es.facebook.com\/BabelIdiomasMalaga\/\" class=\"partnerButton\" target=\"_blank\" rel=\"noopener\"><img decoding=\"async\" src=\"https:\/\/bibliolingua.eu\/wp-content\/uploads\/2023\/04\/fb.png\" width=\"12px\"\/><\/a>\n\n<div style=\"height:60px\" aria-hidden=\"true\" class=\"wp-block-spacer\"><\/div>\n\n<div class=\"wp-block-columns is-layout-flex wp-container-core-columns-is-layout-9d6595d7 wp-block-columns-is-layout-flex\">\n<div class=\"wp-block-column is-layout-flow wp-block-column-is-layout-flow\" style=\"flex-basis:10%\">\n<div class=\"flag flagFR\"><\/div>\n<\/div>\n\n\n\n<div class=\"wp-block-column is-layout-flow wp-block-column-is-layout-flow\" style=\"flex-basis:90%\">\n<h2 class=\"wp-block-heading\">Les Apprimeurs<\/h2>\n\n\n\n<p>Francia<\/p>\n<\/div>\n<\/div>\n\n<div style=\"height:30px\" aria-hidden=\"true\" class=\"wp-block-spacer\"><\/div>\n\n<p>Les Apprimeurs es una empresa francesa especializada en la creaci\u00f3n de soluciones digitales a medida para los sectores de la educaci\u00f3n, la cultura y la formaci\u00f3n.<\/p>\n\n<a href=\"https:\/\/lesapprimeurs.com\/\" class=\"partnerButton\" target=\"_blank\" rel=\"noopener\"><img decoding=\"async\" src=\"https:\/\/bibliolingua.eu\/wp-content\/uploads\/2023\/04\/web.png\" width=\"26px\"\/><\/a>\n<a href=\"https:\/\/www.facebook.com\/lesapprimeurs\/\" class=\"partnerButton\" target=\"_blank\" rel=\"noopener\"><img decoding=\"async\" src=\"https:\/\/bibliolingua.eu\/wp-content\/uploads\/2023\/04\/fb.png\" width=\"12px\"\/><\/a>\n\n<div style=\"height:60px\" aria-hidden=\"true\" class=\"wp-block-spacer\"><\/div>\n\n<div class=\"wp-block-columns is-layout-flex wp-container-core-columns-is-layout-9d6595d7 wp-block-columns-is-layout-flex\">\n<div class=\"wp-block-column is-layout-flow wp-block-column-is-layout-flow\" style=\"flex-basis:10%\">\n<div class=\"flag flagSK\"><\/div>\n<\/div>\n\n\n\n<div class=\"wp-block-column is-layout-flow wp-block-column-is-layout-flow\" style=\"flex-basis:90%\">\n<h2 class=\"wp-block-heading\">Zakladna skola, Skultetyho 1, Nitra<\/h2>\n\n\n\n<p>Eslovaquia<\/p>\n<\/div>\n<\/div>\n\n<div style=\"height:30px\" aria-hidden=\"true\" class=\"wp-block-spacer\"><\/div>\n\n<p>Z\u00e1kladn\u00e1 \u0161kola, \u0160kult\u00e9tyho 1, Nitra, es una escuela eslovaca que ofrece educaci\u00f3n primaria y secundaria inferior. Incluyen el trabajo por proyectos y m\u00e9todos innovadores en el proceso de ense\u00f1anza y aprendizaje. Los alumnos de Z\u00e1kladn\u00e1 \u0161kola aprenden ingl\u00e9s desde la primera clase. Tambi\u00e9n aprenden otras lenguas extranjeras como alem\u00e1n, espa\u00f1ol y ruso. <br\/>La escuela ha participado en el programa Desarrollo de la alfabetizaci\u00f3n medioambiental y nos hemos convertido en miembro activo de las Ecoescuelas.<\/p>\n\n<div style=\"height:10px\" aria-hidden=\"true\" class=\"wp-block-spacer\"><\/div>\n\n<a href=\"https:\/\/zsskultetyhonitra.edupage.org\/\" class=\"partnerButton\" target=\"_blank\" rel=\"noopener\"><img decoding=\"async\" src=\"https:\/\/bibliolingua.eu\/wp-content\/uploads\/2023\/04\/web.png\" width=\"26px\"\/><\/a>\n<a href=\"https:\/\/www.facebook.com\/people\/Z%C3%A1kladn%C3%A1-%C5%A1kola-%C5%A0kult%C3%A9tyho-1-Nitra\/100063775350908\/\" class=\"partnerButton\" target=\"_blank\" rel=\"noopener\"><img decoding=\"async\" src=\"https:\/\/bibliolingua.eu\/wp-content\/uploads\/2023\/04\/fb.png\" width=\"12px\"\/><\/a>\n","protected":false},"excerpt":{"rendered":"<p>LogoPsyCom B\u00e9lgica Logopsycom es un centro de innovaci\u00f3n educativa que crea y utiliza m\u00e9todos o herramientas alternativas (digitales o no) para acompa\u00f1ar a escuelas, centros de FP, organizaciones educativas, j\u00f3venes y padres. Inicialmente se cre\u00f3 como una empresa de atenci\u00f3n, especializada en los trastornos del aprendizaje, entre los j\u00f3venes, especialmente en \u00abDis\u00bb (Dispraxia, Disfasia, Dislexia, [&hellip;]<\/p>\n","protected":false},"author":3,"featured_media":0,"parent":0,"menu_order":0,"comment_status":"closed","ping_status":"closed","template":"","meta":{"_acf_changed":false,"_et_pb_use_builder":"off","_et_pb_old_content":"","_et_gb_content_width":"","footnotes":""},"class_list":["post-7099","page","type-page","status-publish","hentry"],"acf":[],"_links":{"self":[{"href":"https:\/\/bibliolingua.eu\/es\/wp-json\/wp\/v2\/pages\/7099","targetHints":{"allow":["GET"]}}],"collection":[{"href":"https:\/\/bibliolingua.eu\/es\/wp-json\/wp\/v2\/pages"}],"about":[{"href":"https:\/\/bibliolingua.eu\/es\/wp-json\/wp\/v2\/types\/page"}],"author":[{"embeddable":true,"href":"https:\/\/bibliolingua.eu\/es\/wp-json\/wp\/v2\/users\/3"}],"replies":[{"embeddable":true,"href":"https:\/\/bibliolingua.eu\/es\/wp-json\/wp\/v2\/comments?post=7099"}],"version-history":[{"count":5,"href":"https:\/\/bibliolingua.eu\/es\/wp-json\/wp\/v2\/pages\/7099\/revisions"}],"predecessor-version":[{"id":11817,"href":"https:\/\/bibliolingua.eu\/es\/wp-json\/wp\/v2\/pages\/7099\/revisions\/11817"}],"wp:attachment":[{"href":"https:\/\/bibliolingua.eu\/es\/wp-json\/wp\/v2\/media?parent=7099"}],"curies":[{"name":"wp","href":"https:\/\/api.w.org\/{rel}","templated":true}]}}