{"id":7105,"date":"2023-06-21T12:00:04","date_gmt":"2023-06-21T10:00:04","guid":{"rendered":"https:\/\/bibliolingua.eu\/nota-legal\/"},"modified":"2023-11-15T10:38:27","modified_gmt":"2023-11-15T09:38:27","slug":"nota-legal","status":"publish","type":"page","link":"https:\/\/bibliolingua.eu\/es\/nota-legal\/","title":{"rendered":"Menciones legales"},"content":{"rendered":"\n<p>De conformidad con lo dispuesto en las cl\u00e1usulas 6-III y 19 de la legislaci\u00f3n francesa sobre la Confianza en la Econom\u00eda Digital (loi pour la Confiance dans l&#8217;\u00c9conomie Num\u00e9rique,) le informamos de que:<\/p>\n\n<h2 class=\"wp-block-heading\">Alojamiento<\/h2>\n\n<p>Red Infomaniak SA<br\/>Rue Eug\u00e8ne Marziano 25 &#8211; 1227 Les Acacias \/ Ginebra &#8211; SUIZA<br\/>Tel\u00e9fono : <a href=\"tel:+41%2022%20820%2035%2044\" target=\"_blank\" rel=\"noreferrer noopener\">+41 22 820 35 44<\/a><br\/>Correo electr\u00f3nico : <a href=\"mailto:contact@infomaniak.com\" target=\"_blank\" rel=\"noreferrer noopener\">contact@infomaniak.com<\/a><br\/>P\u00e1gina web: <a href=\"https:\/\/www.infomaniak.com\/\" target=\"_blank\" rel=\"noreferrer noopener\">https:\/\/www.infomaniak.com\/<\/a><\/p>\n\n<h2 class=\"wp-block-heading\">Editor<\/h2>\n\n<p>Este sitio web est\u00e1 publicado por Les Apprimeurs y la asociaci\u00f3n del proyecto BiblioLingua Erasmus+. La informaci\u00f3n relativa al gestor de la publicaci\u00f3n ha sido transmitida a la empresa de alojamiento de conformidad con la ley.<\/p>\n\n<h2 class=\"wp-block-heading\">Proyecto BiblioLingua<\/h2>\n\n<p>Este proyecto ha sido financiado por la Uni\u00f3n Europea. El apoyo de la Comisi\u00f3n Europea a la elaboraci\u00f3n de esta publicaci\u00f3n no constituye una aprobaci\u00f3n de su contenido, que refleja \u00fanicamente las opiniones de los autores, y la Comisi\u00f3n no se hace responsable del uso que pueda hacerse de la informaci\u00f3n aqu\u00ed difundida.<\/p>\n\n<h2 class=\"wp-block-heading\">Datos personales<\/h2>\n\n<p>Los datos recogidos por este sitio web nunca ser\u00e1n vendidos ni transmitidos a terceros, y ser\u00e1n utilizados con la m\u00e1xima discreci\u00f3n por nosotros, \u00fanicamente para el fin para el que usted nos los proporcion\u00f3. En ning\u00fan caso utilizaremos sus datos para fines distintos de los claramente indicados cuando nos los facilit\u00f3.<\/p>\n\n<p>Es posible que se recopilen datos de conexi\u00f3n (por ejemplo, direcci\u00f3n IP, registros de conexi\u00f3n) cuando visite este sitio web. Al navegar por este sitio web, usted consiente en transmit\u00edrnoslos.<\/p>\n\n<p>Los datos que env\u00ede expl\u00edcitamente a trav\u00e9s de la p\u00e1gina de contacto de este sitio web mediante formularios s\u00f3lo se utilizar\u00e1n a efectos de respuesta. Toda la informaci\u00f3n enviada a trav\u00e9s de estos formularios se eliminar\u00e1 a m\u00e1s tardar 3 a\u00f1os despu\u00e9s de hab\u00e9rnosla transmitido.<\/p>\n\n<p>Adem\u00e1s, la direcci\u00f3n de correo electr\u00f3nico que nos proporcione para probar nuestros recursos o participar en el proyecto BiblioLingua en la p\u00e1gina de inicio de este sitio web s\u00f3lo se utilizar\u00e1 para enviarle informaci\u00f3n sobre el proyecto en curso. Puede darse de baja en cualquier momento envi\u00e1ndonos un correo electr\u00f3nico a <a rel=\"noreferrer noopener\" href=\"mailto:contact@lesapprimeurs.com\" target=\"_blank\">contact@lesapprimeurs.com<\/a><\/p>\n\n<p>Los datos transmitidos en este sitio web s\u00f3lo son accesibles a los servicios internos pertinentes, a saber:<\/p>\n\n<ul class=\"wp-block-list\">\n<li>Para las direcciones IP, los registros y todos los datos de conexi\u00f3n, s\u00f3lo los administradores del sitio web.<\/li>\n\n\n\n<li>Para los correos electr\u00f3nicos transmitidos para la lista \u00danase a nosotros, s\u00f3lo los administradores del sitio web.<\/li>\n\n\n\n<li>Para la informaci\u00f3n transmitida a trav\u00e9s del formulario de contacto, s\u00f3lo el socio pertinente del idioma que haya seleccionado.<\/li>\n\n\n\n<li>Para cualquier pregunta relacionada con la protecci\u00f3n, seguridad y uso de los datos personales, p\u00f3ngase en contacto con nosotros en la direcci\u00f3n de correo electr\u00f3nico <a href=\"mailto:contact@lesapprimeurs.com\" target=\"_blank\" rel=\"noreferrer noopener\">contact@lesapprimeurs.com<\/a>.<\/li>\n<\/ul>\n\n<p>Tiene derecho a solicitar en cualquier momento la supresi\u00f3n total o parcial de los datos personales que le conciernen enviando un correo electr\u00f3nico a <a rel=\"noreferrer noopener\" href=\"mailto:contact@lesapprimeurs.com\" target=\"_blank\">contact@lesapprimeurs.com<\/a>.<\/p>\n\n<p>Si la respuesta no es satisfactoria, puede presentar una reclamaci\u00f3n ante la Comisi\u00f3n Nacional de Inform\u00e1tica y Libertades (CNIL): <a rel=\"noreferrer noopener\" href=\"https:\/\/www.cnil.fr\/fr\/plaintes\" target=\"_blank\">https:\/\/www.cnil.fr\/fr\/plaintes<\/a>.<\/p>\n\n<p>Cualquier litigio relativo a la utilizaci\u00f3n del Sitio Web estar\u00e1 sujeto a la legislaci\u00f3n francesa. Los visitantes del Sitio Web reconocen y aceptan la jurisdicci\u00f3n exclusiva de los tribunales pertinentes que sean competencia del Tribunal de Apelaci\u00f3n de Par\u00eds (Cour d&#8217;appel de Paris).<\/p>\n\n<h2 class=\"wp-block-heading\">Cr\u00e9ditos<\/h2>\n\n<p>P\u00e1gina de inicio &#8211; Adolescente con smartphone : <a rel=\"noreferrer noopener\" href=\"https:\/\/www.freepik.com\" target=\"_blank\">Imagen de stories \/ Freepik<\/a><\/p>\n\n<p>Blog &#8211; \u00abVentajas cognitivas del biling\u00fcismo: los m\u00faltiples beneficios de hablar varios idiomas\u00bb : <a href=\"https:\/\/www.freepik.com\/free-vector\/diverse-multilingual-people-group-saying-hello_25917823.htm\" target=\"_blank\" rel=\"noreferrer noopener\">Imagen de upklyak \/ Freepik<\/a><\/p>\n\n<p>Blog &#8211; \u00bb Narraci\u00f3n de cuentos y aprendizaje de idiomas\u00bb : <a rel=\"noreferrer noopener\" href=\"https:\/\/unsplash.com\/fr\/@aaronburden?utm_source=unsplash&amp;utm_medium=referral&amp;utm_content=creditCopyText\" target=\"_blank\">Imagen de Aaron Burden \/ Unsplash<\/a><\/p>\n\n<p>Blog &#8211; \u00abLa lectura funcional y sus pr\u00e1cticas\u00bb : <a href=\"https:\/\/unsplash.com\/fr\/@jeshoots\" data-type=\"link\" data-id=\"https:\/\/unsplash.com\/fr\/@jeshoots\" target=\"_blank\" rel=\"noreferrer noopener\">Imagen de JESHOOTS.COM \/ UnsplashPhoto<\/a><\/p>\n","protected":false},"excerpt":{"rendered":"<p>De conformidad con lo dispuesto en las cl\u00e1usulas 6-III y 19 de la legislaci\u00f3n francesa sobre la Confianza en la Econom\u00eda Digital (loi pour la Confiance dans l&#8217;\u00c9conomie Num\u00e9rique,) le informamos de que: Alojamiento Red Infomaniak SARue Eug\u00e8ne Marziano 25 &#8211; 1227 Les Acacias \/ Ginebra &#8211; SUIZATel\u00e9fono : +41 22 820 35 44Correo electr\u00f3nico [&hellip;]<\/p>\n","protected":false},"author":3,"featured_media":0,"parent":0,"menu_order":0,"comment_status":"closed","ping_status":"closed","template":"","meta":{"_acf_changed":false,"_et_pb_use_builder":"off","_et_pb_old_content":"","_et_gb_content_width":"","footnotes":""},"class_list":["post-7105","page","type-page","status-publish","hentry"],"acf":[],"_links":{"self":[{"href":"https:\/\/bibliolingua.eu\/es\/wp-json\/wp\/v2\/pages\/7105","targetHints":{"allow":["GET"]}}],"collection":[{"href":"https:\/\/bibliolingua.eu\/es\/wp-json\/wp\/v2\/pages"}],"about":[{"href":"https:\/\/bibliolingua.eu\/es\/wp-json\/wp\/v2\/types\/page"}],"author":[{"embeddable":true,"href":"https:\/\/bibliolingua.eu\/es\/wp-json\/wp\/v2\/users\/3"}],"replies":[{"embeddable":true,"href":"https:\/\/bibliolingua.eu\/es\/wp-json\/wp\/v2\/comments?post=7105"}],"version-history":[{"count":3,"href":"https:\/\/bibliolingua.eu\/es\/wp-json\/wp\/v2\/pages\/7105\/revisions"}],"predecessor-version":[{"id":7261,"href":"https:\/\/bibliolingua.eu\/es\/wp-json\/wp\/v2\/pages\/7105\/revisions\/7261"}],"wp:attachment":[{"href":"https:\/\/bibliolingua.eu\/es\/wp-json\/wp\/v2\/media?parent=7105"}],"curies":[{"name":"wp","href":"https:\/\/api.w.org\/{rel}","templated":true}]}}