{"id":6247,"date":"2023-06-21T11:26:25","date_gmt":"2023-06-21T09:26:25","guid":{"rendered":"https:\/\/bibliolingua.eu\/projekt\/"},"modified":"2024-01-10T12:14:55","modified_gmt":"2024-01-10T11:14:55","slug":"projekt","status":"publish","type":"page","link":"https:\/\/bibliolingua.eu\/et\/projekt\/","title":{"rendered":"Projekt"},"content":{"rendered":"\n<p><strong>BiblioLingua (2023-2025) on lugemis- ja keele\u00f5ppeprojekt, milles keskendutakse lugemise, keele\u00f5ppe ning Euroopa kirjandusp\u00e4randi sidumisele. Projekti eesm\u00e4rk on pakkuda p\u00f5hi- ja g\u00fcmnaasiumitasemel v\u00f5\u00f5rkeele \u00f5ppijatele kohandatud lugemismaterjali.<\/strong><\/p>\n\n<p>Tulevane raamatukogu koosneb 17st e-raamatust, millest iga\u00fcks on kirjutatud kolmel erineval lugemistasemel.<\/p>\n\n<p>Kohandumaks maksimaalselt \u00f5pilaste ja \u00f5petajate vajadustega, koostame ka pedagoogilised materjalid, mis koosnevad tunnikavadest \u00f5petajatele ja \u00f5pijuhistest \u00f5pilastele.<\/p>\n\n<p>Lisaks on antud projekti eesm\u00e4rk luua platvorm, kus k\u00f5ik projekti k\u00e4igus loodud materjalid on k\u00f5ikidele tasuta k\u00e4ttesaadavad.<\/p>\n\n<p>Projekt saab teoks kuue Euroopa partneri koost\u00f6\u00f6s:<\/p>\n\n<ul class=\"wp-block-list\">\n<li>LogoPsyCom (koordinaator), Belgia ettev\u00f5te, mis on spetsialiseerunud \u00f5piraskustega \u00f5ppijatele<\/li>\n\n\n\n<li>Les Apprimeurs, Prantsuse digiagentuur, mis on spetsialiseerunud baasteadmistele paremat juurdep\u00e4\u00e4su v\u00f5imaldavatele uuenduslike lahenduste loomisele ja rakendamisele<\/li>\n\n\n\n<li>Torinos, Itaalias asuv kurtide instituut, kus muuhulgas t\u00f6\u00f6tatakse kurtide sisser\u00e4ndajatega<\/li>\n\n\n\n<li>Babel Idiomas, eraettev\u00f5ttena tegutsev \u00f5petajate koolitus- ja keele\u00f5ppekeskus M\u00e1lagas, Hispaanias<\/li>\n\n\n\n<li>Tartu Raatuse Kool, arenev ja kaasaegseid \u00f5ppemeetodeid kasutav p\u00f5hikool Eestis<\/li>\n\n\n\n<li>Zakladna skola, Skultetyho 1, Nitra, alg- ja p\u00f5hiharidust pakkuv Slovakkia kool<\/li>\n<\/ul>\n\n<p>BiblioLingua projekti rahastab Erasmus+.programm.<br\/>Kogu projekti k\u00e4igus toodetud sisu on vabalt k\u00e4ttesaadav.<br\/>Projekti number: 2022-2-BE01-KA220-SCH-000096799<\/p>\n","protected":false},"excerpt":{"rendered":"<p>BiblioLingua (2023-2025) on lugemis- ja keele\u00f5ppeprojekt, milles keskendutakse lugemise, keele\u00f5ppe ning Euroopa kirjandusp\u00e4randi sidumisele. Projekti eesm\u00e4rk on pakkuda p\u00f5hi- ja g\u00fcmnaasiumitasemel v\u00f5\u00f5rkeele \u00f5ppijatele kohandatud lugemismaterjali. Tulevane raamatukogu koosneb 17st e-raamatust, millest iga\u00fcks on kirjutatud kolmel erineval lugemistasemel. Kohandumaks maksimaalselt \u00f5pilaste ja \u00f5petajate vajadustega, koostame ka pedagoogilised materjalid, mis koosnevad tunnikavadest \u00f5petajatele ja \u00f5pijuhistest \u00f5pilastele. Lisaks [&hellip;]<\/p>\n","protected":false},"author":3,"featured_media":0,"parent":0,"menu_order":0,"comment_status":"closed","ping_status":"closed","template":"","meta":{"_acf_changed":false,"_et_pb_use_builder":"off","_et_pb_old_content":"","_et_gb_content_width":"","footnotes":""},"class_list":["post-6247","page","type-page","status-publish","hentry"],"acf":[],"_links":{"self":[{"href":"https:\/\/bibliolingua.eu\/et\/wp-json\/wp\/v2\/pages\/6247","targetHints":{"allow":["GET"]}}],"collection":[{"href":"https:\/\/bibliolingua.eu\/et\/wp-json\/wp\/v2\/pages"}],"about":[{"href":"https:\/\/bibliolingua.eu\/et\/wp-json\/wp\/v2\/types\/page"}],"author":[{"embeddable":true,"href":"https:\/\/bibliolingua.eu\/et\/wp-json\/wp\/v2\/users\/3"}],"replies":[{"embeddable":true,"href":"https:\/\/bibliolingua.eu\/et\/wp-json\/wp\/v2\/comments?post=6247"}],"version-history":[{"count":3,"href":"https:\/\/bibliolingua.eu\/et\/wp-json\/wp\/v2\/pages\/6247\/revisions"}],"predecessor-version":[{"id":7876,"href":"https:\/\/bibliolingua.eu\/et\/wp-json\/wp\/v2\/pages\/6247\/revisions\/7876"}],"wp:attachment":[{"href":"https:\/\/bibliolingua.eu\/et\/wp-json\/wp\/v2\/media?parent=6247"}],"curies":[{"name":"wp","href":"https:\/\/api.w.org\/{rel}","templated":true}]}}