{"id":6253,"date":"2023-06-21T11:41:14","date_gmt":"2023-06-21T09:41:14","guid":{"rendered":"https:\/\/bibliolingua.eu\/partnerid\/"},"modified":"2024-10-22T16:13:41","modified_gmt":"2024-10-22T14:13:41","slug":"partnerid","status":"publish","type":"page","link":"https:\/\/bibliolingua.eu\/et\/partnerid\/","title":{"rendered":"Partnerid"},"content":{"rendered":"\n<div class=\"wp-block-columns is-layout-flex wp-container-core-columns-is-layout-9d6595d7 wp-block-columns-is-layout-flex\">\n<div class=\"wp-block-column is-layout-flow wp-block-column-is-layout-flow\" style=\"flex-basis:10%\">\n<div class=\"flag flagBE\"><\/div>\n<\/div>\n\n\n\n<div class=\"wp-block-column is-layout-flow wp-block-column-is-layout-flow\" style=\"flex-basis:90%\">\n<h2 class=\"wp-block-heading\">LogoPsyCom<\/h2>\n\n\n\n<p>Belgia<\/p>\n<\/div>\n<\/div>\n\n<div style=\"height:30px\" aria-hidden=\"true\" class=\"wp-block-spacer\"><\/div>\n\n<p>Logopsycom on haridusinnovatsioonikeskus, mis loob ja kasutab alternatiivseid meetodeid v\u00f5i t\u00f6\u00f6riistu (sh digitaalseid) toetamaks koole, kutsehariduskeskusi, haridusorganisatsioone, noori ja lapsevanemaid. Algselt loodi see ettev\u00f5ttena, mis spetsialiseerus noorte \u00f5pih\u00e4iretele, eriti d\u00fcspraksiale, d\u00fcsfaasiale, d\u00fcsleksiale jne, mida nimetatakse ka spetsiifilisteks \u00f5piraskusteks. Seet\u00f5ttu t\u00f6\u00f6tab antud keskus alati \u00f5ppematerjalide v\u00f5imalikult laialdase kasutusv\u00f5imaluse nimel ka nimetatud sihtgruppe silmas pidades.<\/p>\n\n<a href=\"https:\/\/logopsycom.com\/\" class=\"partnerButton\" target=\"_blank\" rel=\"noopener\"><img decoding=\"async\" src=\"https:\/\/bibliolingua.eu\/wp-content\/uploads\/2023\/04\/web.png\" width=\"26px\"\/><\/a>\n<a href=\"https:\/\/www.facebook.com\/Logopsycom\/\" class=\"partnerButton\" target=\"_blank\" rel=\"noopener\"><img decoding=\"async\" src=\"https:\/\/bibliolingua.eu\/wp-content\/uploads\/2023\/04\/fb.png\" width=\"12px\"\/><\/a>\n\n<div style=\"height:60px\" aria-hidden=\"true\" class=\"wp-block-spacer\"><\/div>\n\n<div class=\"wp-block-columns is-layout-flex wp-container-core-columns-is-layout-9d6595d7 wp-block-columns-is-layout-flex\">\n<div class=\"wp-block-column is-layout-flow wp-block-column-is-layout-flow\" style=\"flex-basis:10%\">\n<div class=\"flag flagET\"><\/div>\n<\/div>\n\n\n\n<div class=\"wp-block-column is-layout-flow wp-block-column-is-layout-flow\" style=\"flex-basis:90%\">\n<h2 class=\"wp-block-heading\">Tartu Raatuse Kool<\/h2>\n\n\n\n<p>Eesti<\/p>\n<\/div>\n<\/div>\n\n<div style=\"height:30px\" aria-hidden=\"true\" class=\"wp-block-spacer\"><\/div>\n\n<p>Tartu Raatuse Kool on arenev ja kaasaegseid \u00f5ppemeetodeid kasutav p\u00f5hikool Eestis. N\u00e4iteks ei kasutata 1.-6. klassi \u00f5pilastele traditsioonilist hinnetega hindamiss\u00fcsteemi, vaid \u00f5ppimist toetavat suulist ja kirjalikku hindamist, mille k\u00e4igus anal\u00fc\u00fcsitakse \u00f5pilase teadmisi, oskusi, hoiakuid, v\u00e4\u00e4rtushinnanguid ja k\u00e4itumist, innustatakse ja suunatakse teda edasisel \u00f5ppimisel ning kavandatakse selleks eesm\u00e4rgid ja teed, mille abil saab \u00f5pilane olla ise oma arengu suunajaks. Koolil on juba varasem kogemus teemadega, millega BiblioLingua projekt tegeleb \u2013 erinevate keele\u00f5ppe valdkondade \u00fchendamine Euroopa kirjanduse ja kultuurip\u00e4randi tutvustamisega. Kooli moto on \u2013 me ei \u00f5peta mitte \u00f5ppekavasid ega aineid, vaid \u00f5pilasi!<\/p>\n\n<a href=\"https:\/\/raatuse.tartu.ee\/en\/\" class=\"partnerButton\" target=\"_blank\" rel=\"noopener\"><img decoding=\"async\" src=\"https:\/\/bibliolingua.eu\/wp-content\/uploads\/2023\/04\/web.png\" width=\"26px\"\/><\/a>\n<a href=\"https:\/\/www.facebook.com\/people\/Tartu-Raatuse-Kool\/100057033176530\/\" class=\"partnerButton\" target=\"_blank\" rel=\"noopener\"><img decoding=\"async\" src=\"https:\/\/bibliolingua.eu\/wp-content\/uploads\/2023\/04\/fb.png\" width=\"12px\"\/><\/a>\n\n<div style=\"height:60px\" aria-hidden=\"true\" class=\"wp-block-spacer\"><\/div>\n\n<div class=\"wp-block-columns is-layout-flex wp-container-core-columns-is-layout-9d6595d7 wp-block-columns-is-layout-flex\">\n<div class=\"wp-block-column is-layout-flow wp-block-column-is-layout-flow\" style=\"flex-basis:10%\">\n<div class=\"flag flagIT\"><\/div>\n<\/div>\n\n\n\n<div class=\"wp-block-column is-layout-flow wp-block-column-is-layout-flow\" style=\"flex-basis:90%\">\n<h2 class=\"wp-block-heading\">Istituto dei Sordi di Torino<\/h2>\n\n\n\n<p>Itaalia<\/p>\n<\/div>\n<\/div>\n\n<div style=\"height:30px\" aria-hidden=\"true\" class=\"wp-block-spacer\"><\/div>\n\n<p>Istituto dei Sordi on \u00fcks vanimaid kurtide koole Itaalias. See asutati 1814. aastal ja teeb koost\u00f6\u00f6d umbes 250 kuulmispuudega \u00f5pilasega lasteaiast \u00fclikoolini.<\/p>\n\n<a href=\"http:\/\/www.istitutosorditorino.org\" class=\"partnerButton\" target=\"_blank\" rel=\"noopener\"><img decoding=\"async\" src=\"https:\/\/bibliolingua.eu\/wp-content\/uploads\/2023\/04\/web.png\" width=\"26px\"\/><\/a>\n<a href=\"https:\/\/www.facebook.com\/Istituto-dei-Sordi-di-Torino-148350511989647\/\" class=\"partnerButton\" target=\"_blank\" rel=\"noopener\"><img decoding=\"async\" src=\"https:\/\/bibliolingua.eu\/wp-content\/uploads\/2023\/04\/fb.png\" width=\"12px\"\/><\/a>\n\n<div style=\"height:60px\" aria-hidden=\"true\" class=\"wp-block-spacer\"><\/div>\n\n<div class=\"wp-block-columns is-layout-flex wp-container-core-columns-is-layout-9d6595d7 wp-block-columns-is-layout-flex\">\n<div class=\"wp-block-column is-layout-flow wp-block-column-is-layout-flow\" style=\"flex-basis:10%\">\n<div class=\"flag flagES\"><\/div>\n<\/div>\n\n\n\n<div class=\"wp-block-column is-layout-flow wp-block-column-is-layout-flow\" style=\"flex-basis:90%\">\n<h2 class=\"wp-block-heading\">Babel Idioma y Cultura S.L.<\/h2>\n\n\n\n<p>Hispaania<\/p>\n<\/div>\n<\/div>\n\n<div style=\"height:30px\" aria-hidden=\"true\" class=\"wp-block-spacer\"><\/div>\n\n<p>Babel Idiomas on eraettev\u00f5ttena tegutsev \u00f5petajate koolitus- ja keele\u00f5ppekeskus M\u00e1lagas, Hispaanias. Alates 1999. aastast on nad pakkunud keele\u00f5pet inglise, hispaania, saksa ja prantsuse keeles ning seda igas vanuses ja erineva taustaga \u00f5pilastele. Lisaks kahe keelekeskuse pidamisele \u00f5petavad Babel Idiomase \u00f5petajad ka kolmes kohalikus koolis, kus nad pakuvad \u00f5pilastele \u00f5ppekavav\u00e4liseid inglise keele kursusi. Babel Idiomasel on ka spetsiaalne inglise keele kursuste sari, mis on kohandatud d\u00fcsleksiaga \u00f5pilastele.<\/p>\n\n<a href=\"https:\/\/www.babelidiomas.es\/\" class=\"partnerButton\" target=\"_blank\" rel=\"noopener\"><img decoding=\"async\" src=\"https:\/\/bibliolingua.eu\/wp-content\/uploads\/2023\/04\/web.png\" width=\"26px\"\/><\/a>\n<a href=\"https:\/\/es-es.facebook.com\/BabelIdiomasMalaga\/\" class=\"partnerButton\" target=\"_blank\" rel=\"noopener\"><img decoding=\"async\" src=\"https:\/\/bibliolingua.eu\/wp-content\/uploads\/2023\/04\/fb.png\" width=\"12px\"\/><\/a>\n\n<div style=\"height:60px\" aria-hidden=\"true\" class=\"wp-block-spacer\"><\/div>\n\n<div class=\"wp-block-columns is-layout-flex wp-container-core-columns-is-layout-9d6595d7 wp-block-columns-is-layout-flex\">\n<div class=\"wp-block-column is-layout-flow wp-block-column-is-layout-flow\" style=\"flex-basis:10%\">\n<div class=\"flag flagFR\"><\/div>\n<\/div>\n\n\n\n<div class=\"wp-block-column is-layout-flow wp-block-column-is-layout-flow\" style=\"flex-basis:90%\">\n<h2 class=\"wp-block-heading\">Les Apprimeurs<\/h2>\n\n\n\n<p>Prantsusmaa<\/p>\n<\/div>\n<\/div>\n\n<div style=\"height:30px\" aria-hidden=\"true\" class=\"wp-block-spacer\"><\/div>\n\n<p>Les Apprimeurs on Prantsuse ettev\u00f5te, mis on spetsialiseerunud haridus-, kultuuri- ja koolitussektori jaoks kohandatud digitaalsete lahenduste loomisele.<\/p>\n\n<a href=\"https:\/\/lesapprimeurs.com\/\" class=\"partnerButton\" target=\"_blank\" rel=\"noopener\"><img decoding=\"async\" src=\"https:\/\/bibliolingua.eu\/wp-content\/uploads\/2023\/04\/web.png\" width=\"26px\"\/><\/a>\n<a href=\"https:\/\/www.facebook.com\/lesapprimeurs\/\" class=\"partnerButton\" target=\"_blank\" rel=\"noopener\"><img decoding=\"async\" src=\"https:\/\/bibliolingua.eu\/wp-content\/uploads\/2023\/04\/fb.png\" width=\"12px\"\/><\/a>\n\n<div style=\"height:60px\" aria-hidden=\"true\" class=\"wp-block-spacer\"><\/div>\n\n<div class=\"wp-block-columns is-layout-flex wp-container-core-columns-is-layout-9d6595d7 wp-block-columns-is-layout-flex\">\n<div class=\"wp-block-column is-layout-flow wp-block-column-is-layout-flow\" style=\"flex-basis:10%\">\n<div class=\"flag flagSK\"><\/div>\n<\/div>\n\n\n\n<div class=\"wp-block-column is-layout-flow wp-block-column-is-layout-flow\" style=\"flex-basis:90%\">\n<h2 class=\"wp-block-heading\">Z\u00e1kladn\u00e1 \u0161kola, Skultetyho 1, Nitra<\/h2>\n\n\n\n<p>Slovakkia<\/p>\n<\/div>\n<\/div>\n\n<div style=\"height:30px\" aria-hidden=\"true\" class=\"wp-block-spacer\"><\/div>\n\n<p>Zakladna skola, Skultetyho 1, Nitra on alg- ja p\u00f5hiharidust pakkuv Slovakkia kool. Nad kasutavad oma \u00f5ppeprotsessis palju projekt\u00f5pet ja teisi uuenduslikke meetodeid. Z\u00e1kladn\u00e1 \u0161kola \u00f5pilased \u00f5pivad inglise keelt alates esimesest klassist. Nad \u00f5pivad ka teisi v\u00f5\u00f5rkeeli, nagu saksa, hispaania ja vene keel. Kool on osalenud programmis \u201eKeskkonnaalase kirjaoskuse arendamine\u201c ning oleme saanud aktiivseks liikmeks \u00f6ko-koolide v\u00f5rgustikus.<\/p>\n\n<div style=\"height:10px\" aria-hidden=\"true\" class=\"wp-block-spacer\"><\/div>\n\n<a href=\"https:\/\/zsskultetyhonitra.edupage.org\/\" class=\"partnerButton\" target=\"_blank\" rel=\"noopener\"><img decoding=\"async\" src=\"https:\/\/bibliolingua.eu\/wp-content\/uploads\/2023\/04\/web.png\" width=\"26px\"\/><\/a>\n<a href=\"https:\/\/www.facebook.com\/people\/Z%C3%A1kladn%C3%A1-%C5%A1kola-%C5%A0kult%C3%A9tyho-1-Nitra\/100063775350908\/\" class=\"partnerButton\" target=\"_blank\" rel=\"noopener\"><img decoding=\"async\" src=\"https:\/\/bibliolingua.eu\/wp-content\/uploads\/2023\/04\/fb.png\" width=\"12px\"\/><\/a>\n","protected":false},"excerpt":{"rendered":"<p>LogoPsyCom Belgia Logopsycom on haridusinnovatsioonikeskus, mis loob ja kasutab alternatiivseid meetodeid v\u00f5i t\u00f6\u00f6riistu (sh digitaalseid) toetamaks koole, kutsehariduskeskusi, haridusorganisatsioone, noori ja lapsevanemaid. Algselt loodi see ettev\u00f5ttena, mis spetsialiseerus noorte \u00f5pih\u00e4iretele, eriti d\u00fcspraksiale, d\u00fcsfaasiale, d\u00fcsleksiale jne, mida nimetatakse ka spetsiifilisteks \u00f5piraskusteks. Seet\u00f5ttu t\u00f6\u00f6tab antud keskus alati \u00f5ppematerjalide v\u00f5imalikult laialdase kasutusv\u00f5imaluse nimel ka nimetatud sihtgruppe silmas pidades. [&hellip;]<\/p>\n","protected":false},"author":3,"featured_media":0,"parent":0,"menu_order":0,"comment_status":"closed","ping_status":"closed","template":"","meta":{"_acf_changed":false,"_et_pb_use_builder":"off","_et_pb_old_content":"","_et_gb_content_width":"","footnotes":""},"class_list":["post-6253","page","type-page","status-publish","hentry"],"acf":[],"_links":{"self":[{"href":"https:\/\/bibliolingua.eu\/et\/wp-json\/wp\/v2\/pages\/6253","targetHints":{"allow":["GET"]}}],"collection":[{"href":"https:\/\/bibliolingua.eu\/et\/wp-json\/wp\/v2\/pages"}],"about":[{"href":"https:\/\/bibliolingua.eu\/et\/wp-json\/wp\/v2\/types\/page"}],"author":[{"embeddable":true,"href":"https:\/\/bibliolingua.eu\/et\/wp-json\/wp\/v2\/users\/3"}],"replies":[{"embeddable":true,"href":"https:\/\/bibliolingua.eu\/et\/wp-json\/wp\/v2\/comments?post=6253"}],"version-history":[{"count":7,"href":"https:\/\/bibliolingua.eu\/et\/wp-json\/wp\/v2\/pages\/6253\/revisions"}],"predecessor-version":[{"id":11186,"href":"https:\/\/bibliolingua.eu\/et\/wp-json\/wp\/v2\/pages\/6253\/revisions\/11186"}],"wp:attachment":[{"href":"https:\/\/bibliolingua.eu\/et\/wp-json\/wp\/v2\/media?parent=6253"}],"curies":[{"name":"wp","href":"https:\/\/api.w.org\/{rel}","templated":true}]}}