{"id":6261,"date":"2023-07-11T14:03:14","date_gmt":"2023-07-11T12:03:14","guid":{"rendered":"https:\/\/bibliolingua.eu\/kontakt\/"},"modified":"2024-01-11T15:48:42","modified_gmt":"2024-01-11T14:48:42","slug":"kontakt","status":"publish","type":"page","link":"https:\/\/bibliolingua.eu\/et\/kontakt\/","title":{"rendered":"Kontakt"},"content":{"rendered":"\n<p>Soovite meiega \u00fchendust v\u00f5tta? \u00c4rge k\u00f5helge! Kas soovite infot v\u00f5i projekti partneriks hakata, t\u00e4itke allolev vorm. Vastame teile esimesel v\u00f5imalusel.<\/p>\n\n<div class=\"forminator-guttenberg\"><div class=\"forminator-ui forminator-custom-form forminator-custom-form-7935 forminator-design--flat  forminator_ajax\" data-forminator-render=\"0\" data-form=\"forminator-module-7935\" data-uid=\"69e16410765c7\"><br\/><\/div><form\n\t\t\t\tid=\"forminator-module-7935\"\n\t\t\t\tclass=\"forminator-ui forminator-custom-form forminator-custom-form-7935 forminator-design--flat  forminator_ajax\"\n\t\t\t\tmethod=\"post\"\n\t\t\t\tdata-forminator-render=\"0\"\n\t\t\t\tdata-form-id=\"7935\"\n\t\t\t\t data-color-option=\"default\" data-design=\"flat\" data-grid=\"open\" style=\"display: none;\"\n\t\t\t\tdata-uid=\"69e16410765c7\"\n\t\t\t><div role=\"alert\" aria-live=\"polite\" class=\"forminator-response-message forminator-error\" aria-hidden=\"true\"><\/div><div class=\"forminator-row\"><div id=\"text-1\" class=\"forminator-field-text forminator-col forminator-col-12 \"><div class=\"forminator-field\"><label for=\"forminator-field-text-1_69e16410765c7\" id=\"forminator-field-text-1_69e16410765c7-label\" class=\"forminator-label\">Nimi<\/label><input type=\"text\" name=\"text-1\" value=\"\" placeholder=\"E.g. John Doe\" id=\"forminator-field-text-1_69e16410765c7\" class=\"forminator-input forminator-name--field\" data-required=\"\" \/><\/div><\/div><\/div><div class=\"forminator-row\"><div id=\"email-1\" class=\"forminator-field-email forminator-col forminator-col-12 \"><div class=\"forminator-field\"><label for=\"forminator-field-email-1_69e16410765c7\" id=\"forminator-field-email-1_69e16410765c7-label\" class=\"forminator-label\">Aadress <span class=\"forminator-required\">*<\/span><\/label><input type=\"email\" name=\"email-1\" value=\"\" placeholder=\"E.g. john@doe.com\" id=\"forminator-field-email-1_69e16410765c7\" class=\"forminator-input forminator-email--field\" data-required=\"true\" aria-required=\"true\" autocomplete=\"email\" \/><\/div><\/div><\/div><div class=\"forminator-row\"><div id=\"textarea-1\" class=\"forminator-field-textarea forminator-col forminator-col-12 \"><div class=\"forminator-field\"><label for=\"forminator-field-textarea-1_69e16410765c7\" id=\"forminator-field-textarea-1_69e16410765c7-label\" class=\"forminator-label\">S\u00f5num<\/label><textarea name=\"textarea-1\" placeholder=\"Enter your message...\" id=\"forminator-field-textarea-1_69e16410765c7\" class=\"forminator-textarea\" rows=\"6\" style=\"min-height:140px;\" maxlength=\"180\" ><\/textarea><span id=\"forminator-field-textarea-1_69e16410765c7-description\" class=\"forminator-description\"><span data-limit=\"180\" data-type=\"characters\" data-editor=\"\">0 \/ 180<\/span><\/span><\/div><\/div><\/div><div class=\"forminator-row\"><div id=\"consent-1\" class=\"forminator-field-consent forminator-col forminator-col-12 \"><div class=\"forminator-field\"><div class=\"forminator-checkbox__wrapper\"><label id=\"forminator-field-consent-1_69e16410765c7__label\" class=\"forminator-checkbox forminator-consent\"><input type=\"checkbox\" name=\"consent-1\" id=\"forminator-field-consent-1_69e16410765c7\" value=\"checked\" aria-labelledby=\"forminator-field-consent-1_69e16410765c7-label\" aria-describedby=\"forminator-field-consent-1_69e16410765c7__description\" data-required=\"true\" aria-required=\"true\" \/><span class=\"forminator-checkbox-box\" aria-hidden=\"true\"><\/span><\/label><div id=\"forminator-field-consent-1_69e16410765c7__description\" class=\"forminator-checkbox__label forminator-consent__label\"><p>N\u00f5ustun, et BiblioLingua v\u00f5ib neid andmeid minuga \u00fchenduse v\u00f5tmiseks kasutada.<\/p><\/div><\/div><\/div><\/div><\/div><input type=\"hidden\" name=\"referer_url\" value=\"\" \/><div class=\"forminator-row forminator-row-last\"><div class=\"forminator-col\"><div class=\"forminator-field\"><button class=\"forminator-button forminator-button-submit\">Saada s&otilde;num<\/button><\/div><\/div><\/div><input type=\"hidden\" id=\"forminator_nonce\" name=\"forminator_nonce\" value=\"4a181e8bc0\" \/><input type=\"hidden\" name=\"_wp_http_referer\" value=\"\/et\/wp-json\/wp\/v2\/pages\/6261\" \/><input type=\"hidden\" name=\"form_id\" value=\"7935\"><input type=\"hidden\" name=\"page_id\" value=\"6261\"><input type=\"hidden\" name=\"form_type\" value=\"default\"><input type=\"hidden\" name=\"current_url\" value=\"https:\/\/bibliolingua.eu\/et\/kontakt\/\"><input type=\"hidden\" name=\"render_id\" value=\"0\"><input type=\"hidden\" name=\"action\" value=\"forminator_submit_form_custom-forms\"><label for=\"input_5\" class=\"forminator-hidden\" aria-hidden=\"true\">Please do not fill in this field. <input id=\"input_5\" type=\"text\" name=\"input_5\" value=\"\" autocomplete=\"off\"><\/label><\/form><\/div>\n","protected":false},"excerpt":{"rendered":"<p>Soovite meiega \u00fchendust v\u00f5tta? \u00c4rge k\u00f5helge! Kas soovite infot v\u00f5i projekti partneriks hakata, t\u00e4itke allolev vorm. Vastame teile esimesel v\u00f5imalusel.<\/p>\n","protected":false},"author":3,"featured_media":0,"parent":0,"menu_order":0,"comment_status":"closed","ping_status":"closed","template":"","meta":{"_acf_changed":false,"_et_pb_use_builder":"off","_et_pb_old_content":"","_et_gb_content_width":"","footnotes":""},"class_list":["post-6261","page","type-page","status-publish","hentry"],"acf":[],"_links":{"self":[{"href":"https:\/\/bibliolingua.eu\/et\/wp-json\/wp\/v2\/pages\/6261","targetHints":{"allow":["GET"]}}],"collection":[{"href":"https:\/\/bibliolingua.eu\/et\/wp-json\/wp\/v2\/pages"}],"about":[{"href":"https:\/\/bibliolingua.eu\/et\/wp-json\/wp\/v2\/types\/page"}],"author":[{"embeddable":true,"href":"https:\/\/bibliolingua.eu\/et\/wp-json\/wp\/v2\/users\/3"}],"replies":[{"embeddable":true,"href":"https:\/\/bibliolingua.eu\/et\/wp-json\/wp\/v2\/comments?post=6261"}],"version-history":[{"count":13,"href":"https:\/\/bibliolingua.eu\/et\/wp-json\/wp\/v2\/pages\/6261\/revisions"}],"predecessor-version":[{"id":7936,"href":"https:\/\/bibliolingua.eu\/et\/wp-json\/wp\/v2\/pages\/6261\/revisions\/7936"}],"wp:attachment":[{"href":"https:\/\/bibliolingua.eu\/et\/wp-json\/wp\/v2\/media?parent=6261"}],"curies":[{"name":"wp","href":"https:\/\/api.w.org\/{rel}","templated":true}]}}