{"id":7093,"date":"2023-06-21T11:32:09","date_gmt":"2023-06-21T09:32:09","guid":{"rendered":"https:\/\/bibliolingua.eu\/kasutustingimused\/"},"modified":"2024-01-11T16:50:44","modified_gmt":"2024-01-11T15:50:44","slug":"kasutustingimused","status":"publish","type":"page","link":"https:\/\/bibliolingua.eu\/et\/kasutustingimused\/","title":{"rendered":"Kasutustingimused"},"content":{"rendered":"\n<h2 class=\"wp-block-heading\">Tasuta materjalid mitte\u00e4riliseks kasutamiseks<\/h2>\n\n<p>K\u00f5ik BiblioLingua materjalid on avaldatud Creative Commonsi litsentsi alusel: autorile viitamine, materjalide jagamine vastavalt Creative Commonsi CC BY-NC-SA 4.0 DEED litsentsile<br\/><a href=\"https:\/\/creativecommons.org\/licenses\/by-nc-sa\/4.0\/\" data-type=\"URL\" data-id=\"https:\/\/creativecommons.org\/licenses\/by-nc-sa\/4.0\/\" target=\"_blank\" rel=\"noreferrer noopener\">https:\/\/creativecommons.org\/licenses\/by-nc-sa\/4.0\/deed.et.<\/a><\/p>\n\n<figure class=\"wp-block-image size-full\"><img loading=\"lazy\" decoding=\"async\" width=\"88\" height=\"31\" src=\"https:\/\/bibliolingua.eu\/wp-content\/uploads\/2023\/04\/88x31.png\" alt=\"\" class=\"wp-image-185\"\/><\/figure>\n\n<p>Lubatud on mitte\u00e4rilistel eesm\u00e4rkidel kasutamine. Seega on teil v\u00f5imalik kasutada k\u00f5iki BiblioLingua meeskonna loodud materjale (e-raamatuid, tekste, pilte, videoid jne) oma kursuste, koolituste, konverentside, l\u00f5put\u00f6\u00f6de jms jaoks seni, kuni viitate meie materjalidele kui oma peamisele allikale. Sobib, kui teete seda m\u00f5istlikul viisil, kuid seejuures ei tohi j\u00e4\u00e4da muljet, et litsentsiandja t\u00f5stab esile Teid v\u00f5i seda, et Teie materjali kasutate.<\/p>\n\n<p>Teil on keelatud kasutada neid materjale mistahes \u00e4rilistel eesm\u00e4rkidel (edasi m\u00fc\u00fca v\u00f5i registreerimistasu k\u00fcsida). Materjali kasutamisel tuleb korrektselt autoritele viidata, tuua \u00e4ra lintsentsi link ja m\u00e4rkida \u00e4ra, kas on tehtud muudatusi. Kui t\u00f6\u00f6tlete, kujundate \u00fcmber v\u00f5i arendate materjali edasi, siis peate oma t\u00f6\u00f6 levitamiseks kasutama sama litsentsi, mille all on algup\u00e4rand.<\/p>\n","protected":false},"excerpt":{"rendered":"<p>Tasuta materjalid mitte\u00e4riliseks kasutamiseks K\u00f5ik BiblioLingua materjalid on avaldatud Creative Commonsi litsentsi alusel: autorile viitamine, materjalide jagamine vastavalt Creative Commonsi CC BY-NC-SA 4.0 DEED litsentsilehttps:\/\/creativecommons.org\/licenses\/by-nc-sa\/4.0\/deed.et. Lubatud on mitte\u00e4rilistel eesm\u00e4rkidel kasutamine. Seega on teil v\u00f5imalik kasutada k\u00f5iki BiblioLingua meeskonna loodud materjale (e-raamatuid, tekste, pilte, videoid jne) oma kursuste, koolituste, konverentside, l\u00f5put\u00f6\u00f6de jms jaoks seni, kuni viitate [&hellip;]<\/p>\n","protected":false},"author":3,"featured_media":0,"parent":0,"menu_order":0,"comment_status":"closed","ping_status":"closed","template":"","meta":{"_acf_changed":false,"_et_pb_use_builder":"off","_et_pb_old_content":"","_et_gb_content_width":"","footnotes":""},"class_list":["post-7093","page","type-page","status-publish","hentry"],"acf":[],"_links":{"self":[{"href":"https:\/\/bibliolingua.eu\/et\/wp-json\/wp\/v2\/pages\/7093","targetHints":{"allow":["GET"]}}],"collection":[{"href":"https:\/\/bibliolingua.eu\/et\/wp-json\/wp\/v2\/pages"}],"about":[{"href":"https:\/\/bibliolingua.eu\/et\/wp-json\/wp\/v2\/types\/page"}],"author":[{"embeddable":true,"href":"https:\/\/bibliolingua.eu\/et\/wp-json\/wp\/v2\/users\/3"}],"replies":[{"embeddable":true,"href":"https:\/\/bibliolingua.eu\/et\/wp-json\/wp\/v2\/comments?post=7093"}],"version-history":[{"count":10,"href":"https:\/\/bibliolingua.eu\/et\/wp-json\/wp\/v2\/pages\/7093\/revisions"}],"predecessor-version":[{"id":7952,"href":"https:\/\/bibliolingua.eu\/et\/wp-json\/wp\/v2\/pages\/7093\/revisions\/7952"}],"wp:attachment":[{"href":"https:\/\/bibliolingua.eu\/et\/wp-json\/wp\/v2\/media?parent=7093"}],"curies":[{"name":"wp","href":"https:\/\/api.w.org\/{rel}","templated":true}]}}