{"id":7101,"date":"2023-06-21T12:00:04","date_gmt":"2023-06-21T10:00:04","guid":{"rendered":"https:\/\/bibliolingua.eu\/juriidilised-nimetused\/"},"modified":"2024-01-11T13:28:32","modified_gmt":"2024-01-11T12:28:32","slug":"juriidilised-nimetused","status":"publish","type":"page","link":"https:\/\/bibliolingua.eu\/et\/juriidilised-nimetused\/","title":{"rendered":"\u00d5iguslikud selgitused"},"content":{"rendered":"\n<p>Vastavalt Prantsuse digitaalmajanduse usaldust k\u00e4sitlevate \u00f5igusaktide (loi pour la Confiance dans l&#8217;\u00c9conomie Num\u00e9rique) punktide 6\u2013III ja 19 s\u00e4tetele teatame teile, et:<\/p>\n\n<h2 class=\"wp-block-heading\">Veebimajutus<\/h2>\n\n<p>Infomaniak Network SA<br\/>Rue Eug\u00e8ne Marziano 25 \u2013 1227 Les Acacias \/ Geneva \u2013 \u0160VEITSI<br\/>Tel.: <a href=\"tel:+41%2022%20820%2035%2044\" target=\"_blank\" rel=\"noreferrer noopener\">+41 22 820 35 44<\/a><br\/>E-post: <a href=\"mailto:contact@infomaniak.com\" target=\"_blank\" rel=\"noreferrer noopener\">contact@infomaniak.com<\/a><br\/>Koduleht: <a href=\"https:\/\/www.infomaniak.com\/\" target=\"_blank\" rel=\"noreferrer noopener\">https:\/\/www.infomaniak.com\/<\/a><\/p>\n\n<h2 class=\"wp-block-heading\">Kirjastaja<\/h2>\n\n<p>See veebisait on valminud Les Apprimeurs ja BiblioLingua vahelise Erasmus+ projektipartnerluse tulemusena. Info halduri kohta on vastavalt seadusele edastatud veebisaiti majutavale ettev\u00f5ttele.<\/p>\n\n<h2 class=\"wp-block-heading\">BiblioLingua projekt<\/h2>\n\n<p>See projekt on rahastanud Euroopa Liidu poolt. Euroopa Komisjoni toetus sisu v\u00e4ljat\u00f6\u00f6tamisele ei t\u00e4henda selle kinnitamist, vaid see kajastab ainult autorite seisukohti ja komisjon ei vastuta selles sisalduva teabe mis tahes kasutamise eest.<\/p>\n\n<h2 class=\"wp-block-heading\">Isiklikud andmed<\/h2>\n\n<p>Sellel veebisaidil kogutud andmeid ei m\u00fc\u00fcda ega edastata kunagi kolmandatele isikutele ning me kasutame neid ainult sel eesm\u00e4rgil, milleks Te need andmed meile esitasite. Mitte mingil juhul ei kasuta me Teie andmeid muul eesm\u00e4rgil kui see, mis oli selgelt m\u00e4rgitud nende meile edastamisel.<\/p>\n\n<p>Seda veebisaiti k\u00fclastades v\u00f5idakse koguda veebi\u00fchenduse andmeid (nt IP-aadress, \u00fchenduse logid). Seda veebisaiti sirvides n\u00f5ustute neid meile edastama.<\/p>\n\n<p>Andmeid, mille te saadate selle veebisaidi kontaktlehe kaudu, kasutatakse ainult Teile vastamise eesm\u00e4rgil. Kogu nende vormide kaudu saadetud teave kustutatakse hiljemalt kolme aasta jooksul p\u00e4rast selle meile edastamist.<\/p>\n\n<p>E-posti aadressi, mille annate meile projekti materjalide testimiseks v\u00f5i BiblioLingua projektis osalemiseks selle veebisaidi avalehel, kasutatakse ainult selleks, et saata Teile teavet k\u00e4imasoleva projekti kohta. Tellimusest saate igal ajal loobuda, saates meile e-kirja aadressile <a rel=\"noreferrer noopener\" href=\"mailto:contact@lesapprimeurs.com\" target=\"_blank\">contact@lesapprimeurs.com<\/a><\/p>\n\n<p>Sellel veebisaidil edastatud andmetele on juurdep\u00e4\u00e4s ainult j\u00e4rgnevatel inimestel:<\/p>\n\n<ul class=\"wp-block-list\">\n<li>IP-aadresside, logide ja k\u00f5ikide \u00fchenduse andmete puhul ainult veebisaidi administraatorid<\/li>\n\n\n\n<li>&#8220;Liitu meiega&#8221; loendi jaoks edastatud e-posti aadresside puhul ainult veebisaidi administraatorid<\/li>\n\n\n\n<li>Kontaktivormi kaudu edastatava teabe puhul ainult vastav partner teie valitud riigis<\/li>\n\n\n\n<li>K\u00f5ikide isikuandmete kaitse, turvalisuse ja kasutamisega seotud k\u00fcsimuste korral v\u00f5tke meiega \u00fchendust e-posti aadressil <a href=\"mailto:contact@lesapprimeurs.com\" target=\"_blank\" rel=\"noreferrer noopener\">contact@lesapprimeurs.com<\/a><\/li>\n<\/ul>\n\n<p>Teil on igal ajal \u00f5igus n\u00f5uda osa v\u00f5i k\u00f5igi teid puudutavate isikuandmete kustutamist, saates e-kirja aadressile <a rel=\"noreferrer noopener\" href=\"mailto:contact@lesapprimeurs.com\" target=\"_blank\">contact@lesapprimeurs.com<\/a>.<\/p>\n\n<p>Kui vastus Teid ei rahulda saate esitada kaebuse riiklikule informaatika ja vabaduste komisjonile (CNIL): <a rel=\"noreferrer noopener\" href=\"https:\/\/www.cnil.fr\/fr\/plaintes\" target=\"_blank\">https:\/\/www.cnil.fr\/fr\/plaintes<\/a>.<\/p>\n\n<p>K\u00f5iki veebisaidi kasutamisega seotud vaidlusi reguleerivad Prantsusmaa seadused. Veebisaidi k\u00fclastajad tunnustavad ja aktsepteerivad asjaomaste kohtute ainup\u00e4devust, mis kuuluvad Pariisi apellatsioonikohtu (Cour d\u2019appel de Paris) jurisdiktsiooni alla.<\/p>\n\n<h2 class=\"wp-block-heading\">Kasutatud allikad<\/h2>\n\n<p>Koduleht \u2013 Nutitelefoniga teismeline : <a rel=\"noreferrer noopener\" href=\"https:\/\/www.freepik.com\" target=\"_blank\">Pilt: stories \/ Freepik<\/a><\/p>\n\n<p>Blogi \u2013 &#8220;Kakskeelsuse kognitiivsed eelised: mitme keele r\u00e4\u00e4kimise eelised&#8221; : <a href=\"https:\/\/www.freepik.com\/free-vector\/diverse-multilingual-people-group-saying-hello_25917823.htm\" target=\"_blank\" rel=\"noreferrer noopener\">Pilt: upklyak \/ Freepik<\/a><\/p>\n\n<p>Blogi \u2013 \u201cLugude jutustamine ja keele\u00f5pe\u201d : <a rel=\"noreferrer noopener\" href=\"https:\/\/unsplash.com\/fr\/@aaronburden?utm_source=unsplash&amp;utm_medium=referral&amp;utm_content=creditCopyText\" target=\"_blank\">Pilt: Aaron Burden \/ Unsplash<\/a><\/p>\n\n<p>Blogi \u2013 &#8220;Funktsionaalne lugemisoskus ja selle harjutamine&#8221; : <a href=\"https:\/\/unsplash.com\/fr\/@jeshoots\" data-type=\"link\" data-id=\"https:\/\/unsplash.com\/fr\/@jeshoots\" target=\"_blank\" rel=\"noreferrer noopener\">Pilt: JESHOOTS.COM \/ UnsplashPhoto<\/a><\/p>\n","protected":false},"excerpt":{"rendered":"<p>Vastavalt Prantsuse digitaalmajanduse usaldust k\u00e4sitlevate \u00f5igusaktide (loi pour la Confiance dans l&#8217;\u00c9conomie Num\u00e9rique) punktide 6\u2013III ja 19 s\u00e4tetele teatame teile, et: Veebimajutus Infomaniak Network SARue Eug\u00e8ne Marziano 25 \u2013 1227 Les Acacias \/ Geneva \u2013 \u0160VEITSITel.: +41 22 820 35 44E-post: contact@infomaniak.comKoduleht: https:\/\/www.infomaniak.com\/ Kirjastaja See veebisait on valminud Les Apprimeurs ja BiblioLingua vahelise Erasmus+ projektipartnerluse [&hellip;]<\/p>\n","protected":false},"author":3,"featured_media":0,"parent":0,"menu_order":0,"comment_status":"closed","ping_status":"closed","template":"","meta":{"_acf_changed":false,"_et_pb_use_builder":"off","_et_pb_old_content":"","_et_gb_content_width":"","footnotes":""},"class_list":["post-7101","page","type-page","status-publish","hentry"],"acf":[],"_links":{"self":[{"href":"https:\/\/bibliolingua.eu\/et\/wp-json\/wp\/v2\/pages\/7101","targetHints":{"allow":["GET"]}}],"collection":[{"href":"https:\/\/bibliolingua.eu\/et\/wp-json\/wp\/v2\/pages"}],"about":[{"href":"https:\/\/bibliolingua.eu\/et\/wp-json\/wp\/v2\/types\/page"}],"author":[{"embeddable":true,"href":"https:\/\/bibliolingua.eu\/et\/wp-json\/wp\/v2\/users\/3"}],"replies":[{"embeddable":true,"href":"https:\/\/bibliolingua.eu\/et\/wp-json\/wp\/v2\/comments?post=7101"}],"version-history":[{"count":7,"href":"https:\/\/bibliolingua.eu\/et\/wp-json\/wp\/v2\/pages\/7101\/revisions"}],"predecessor-version":[{"id":7901,"href":"https:\/\/bibliolingua.eu\/et\/wp-json\/wp\/v2\/pages\/7101\/revisions\/7901"}],"wp:attachment":[{"href":"https:\/\/bibliolingua.eu\/et\/wp-json\/wp\/v2\/media?parent=7101"}],"curies":[{"name":"wp","href":"https:\/\/api.w.org\/{rel}","templated":true}]}}