{"id":9980,"date":"2024-01-08T11:39:37","date_gmt":"2024-01-08T10:39:37","guid":{"rendered":"https:\/\/bibliolingua.eu\/rakendusvihik\/"},"modified":"2024-11-12T16:16:37","modified_gmt":"2024-11-12T15:16:37","slug":"juhised-opetajatele","status":"publish","type":"page","link":"https:\/\/bibliolingua.eu\/et\/juhised-opetajatele\/","title":{"rendered":"Juhised \u00f5petajatele"},"content":{"rendered":"<p>[et_pb_section fb_built=&#8221;1&#8243; _builder_version=&#8221;4.27.3&#8243; _module_preset=&#8221;default&#8221; background_color=&#8221;#0C71C3&#8243; custom_padding=&#8221;50px||50px||true|false&#8221; hover_enabled=&#8221;0&#8243; locked=&#8221;off&#8221; global_colors_info=&#8221;{}&#8221; theme_builder_area=&#8221;post_content&#8221; disabled_on=&#8221;on|on|on&#8221; disabled=&#8221;on&#8221; sticky_enabled=&#8221;0&#8243; collapsed=&#8221;on&#8221;][et_pb_row _builder_version=&#8221;4.20.2&#8243; _module_preset=&#8221;default&#8221; custom_padding=&#8221;0px||0px||true|false&#8221; global_colors_info=&#8221;{}&#8221; theme_builder_area=&#8221;post_content&#8221;][et_pb_column type=&#8221;4_4&#8243; _builder_version=&#8221;4.20.2&#8243; _module_preset=&#8221;default&#8221; global_colors_info=&#8221;{}&#8221; theme_builder_area=&#8221;post_content&#8221;][et_pb_text _builder_version=&#8221;4.20.2&#8243; _dynamic_attributes=&#8221;content&#8221; _module_preset=&#8221;8bb535d0-67f5-4977-8fda-512a67174802&#8243; text_orientation=&#8221;center&#8221; background_layout=&#8221;dark&#8221; global_colors_info=&#8221;{}&#8221; theme_builder_area=&#8221;post_content&#8221;]@ET-DC@eyJkeW5hbWljIjp0cnVlLCJjb250ZW50IjoicG9zdF90aXRsZSIsInNldHRpbmdzIjp7ImJlZm9yZSI6IjxoMT4iLCJhZnRlciI6IjxcL2gxPiJ9fQ==@[\/et_pb_text][\/et_pb_column][\/et_pb_row][et_pb_row column_structure=&#8221;1_2,1_2&#8243; use_custom_gutter=&#8221;on&#8221; make_equal=&#8221;on&#8221; _builder_version=&#8221;4.27.0&#8243; _module_preset=&#8221;default&#8221; background_color=&#8221;#ffffff&#8221; max_width=&#8221;1280px&#8221; custom_margin=&#8221;50px||||false|false&#8221; custom_padding=&#8221;60px|20px|60px|20px|true|true&#8221; border_radii=&#8221;on|20px|20px|20px|20px&#8221; global_colors_info=&#8221;{}&#8221; theme_builder_area=&#8221;post_content&#8221;][et_pb_column type=&#8221;1_2&#8243; _builder_version=&#8221;4.20.2&#8243; _module_preset=&#8221;default&#8221; global_colors_info=&#8221;{}&#8221; theme_builder_area=&#8221;post_content&#8221;][et_pb_text _builder_version=&#8221;4.27.0&#8243; _module_preset=&#8221;default&#8221; global_colors_info=&#8221;{}&#8221; theme_builder_area=&#8221;post_content&#8221;]<\/p>\n<h2 style=\"text-align: center;\">Rakendusvihik<\/h2>\n<p>[\/et_pb_text][et_pb_image src=&#8221;https:\/\/bibliolingua.eu\/wp-content\/uploads\/2024\/07\/implementation-booklet_ee-1.png&#8221; title_text=&#8221;implementation-booklet_en&#8221; url=&#8221;https:\/\/bibliolingua.eu\/wp-content\/uploads\/2024\/07\/Bibliolingua_Implementation-booklet_EE.pdf&#8221; url_new_window=&#8221;on&#8221; align=&#8221;center&#8221; _builder_version=&#8221;4.27.0&#8243; _module_preset=&#8221;default&#8221; max_width=&#8221;300px&#8221; global_colors_info=&#8221;{}&#8221; theme_builder_area=&#8221;post_content&#8221;][\/et_pb_image][et_pb_text _builder_version=&#8221;4.27.0&#8243; _module_preset=&#8221;default&#8221; global_colors_info=&#8221;{}&#8221; theme_builder_area=&#8221;post_content&#8221;]<\/p>\n<p>BiblioLingua rakendusvihik on abimaterjal, mis v\u00f5imaldab \u00f5petajatel t\u00e4iustada oma \u00f5petamismetoodikat v\u00f5\u00f5rkeele \u00f5ppes. Eesm\u00e4rk on pakkuda \u00f5petajatele teadmisi ja uusi praktilisi l\u00e4henemisviise digitaalsete t\u00f6\u00f6riistade abil ja Euroopa kirjandusklassika p\u00f5hjal keele\u00f5ppeks kohandatud e-raamatute kasutamiseks. <\/p>\n<p>\u00d5petajad saavad l\u00e4hemalt tutvuda kaasava \u00f5petamise praktikatega, seda eriti konkreetsete \u00f5pivajadustega \u00f5pilaste puhul. Vihikus kirjapandu aitab \u00f5petajatel BiblioLingua veebiplatvormil paremini navigeerida ja seda t\u00f5husalt kasutada. <\/p>\n<p>Antud abimaterjal on projekti erinevatest testperioodidest saadud praktiliste t\u00e4helepanekute ja tagasiside tulemus. Eesm\u00e4rgiks on pakkuda klassiruumis rakendamiseks reaalselt kohaldatavaid strateegiaid.<\/p>\n<p>[\/et_pb_text][et_pb_button button_url=&#8221;https:\/\/bibliolingua.eu\/wp-content\/uploads\/2024\/07\/Bibliolingua_Implementation-booklet_EE.pdf&#8221; url_new_window=&#8221;on&#8221; button_text=&#8221;Laadi alla&#8221; button_alignment=&#8221;center&#8221; _builder_version=&#8221;4.27.0&#8243; _module_preset=&#8221;6e5849c1-ddf8-4a79-b64d-f63c88eb2a7c&#8221; positioning=&#8221;absolute&#8221; position_origin_a=&#8221;bottom_center&#8221; position_origin_f=&#8221;bottom_center&#8221; vertical_offset=&#8221;-30px&#8221; global_colors_info=&#8221;{}&#8221; theme_builder_area=&#8221;post_content&#8221;][\/et_pb_button][\/et_pb_column][et_pb_column type=&#8221;1_2&#8243; _builder_version=&#8221;4.20.2&#8243; _module_preset=&#8221;default&#8221; global_colors_info=&#8221;{}&#8221; theme_builder_area=&#8221;post_content&#8221;][et_pb_text _builder_version=&#8221;4.27.0&#8243; _module_preset=&#8221;default&#8221; custom_margin_tablet=&#8221;50px||||false|false&#8221; custom_margin_phone=&#8221;50px||||false|false&#8221; custom_margin_last_edited=&#8221;on|tablet&#8221; global_colors_info=&#8221;{}&#8221; theme_builder_area=&#8221;post_content&#8221;]<\/p>\n<h2 style=\"text-align: center;\">E-raamatute loomise juhend<\/h2>\n<p>[\/et_pb_text][et_pb_image src=&#8221;https:\/\/bibliolingua.eu\/wp-content\/uploads\/2024\/09\/ET.jpg&#8221; title_text=&#8221;EE&#8221; url=&#8221;https:\/\/bibliolingua.eu\/wp-content\/uploads\/2024\/09\/WP2-A3-Creation-Manual_EST.pdf&#8221; url_new_window=&#8221;on&#8221; align=&#8221;center&#8221; _builder_version=&#8221;4.27.0&#8243; _module_preset=&#8221;default&#8221; max_width=&#8221;300px&#8221; module_alignment=&#8221;center&#8221; global_colors_info=&#8221;{}&#8221; theme_builder_area=&#8221;post_content&#8221;][\/et_pb_image][et_pb_text _builder_version=&#8221;4.27.0&#8243; _module_preset=&#8221;default&#8221; global_colors_info=&#8221;{}&#8221; theme_builder_area=&#8221;post_content&#8221;]<\/p>\n<p>K\u00e4esoleva juhendi eesm\u00e4rk on kujundada \u00f5petajatest uute keele\u00f5ppe ressursside loojad, aidates seel\u00e4bi kaasa keele\u00f5ppe uuenduslike ja erinevatele \u00f5ppijatele kohandatud meetodite levikule.<\/p>\n<p>Juhend k\u00e4sitleb e-raamatu loomise protsessi p\u00f5hiaspekte, alustades \u00f5igete raamatute valimisest ja teksti kohandamisest vastavalt \u00f5pilaste erinevatele vajadustele kuni visuaalide t\u00f5husa integreerimiseni. Keskendume ka kaasamisele, selgitame e-raamatute keele\u00f5ppes kasutamise erinevaid eeliseid, samuti nende \u00f5ppematerjalide integreerimist BiblioLingua platvormile. <\/p>\n<p>\u00d5ppige e-raamatute loomise protsessi, olge kaasava ja d\u00fcnaamilise \u00f5pikeskkonna loomisel enesekindlad ja loovad!<\/p>\n<p>[\/et_pb_text][et_pb_button button_url=&#8221;https:\/\/bibliolingua.eu\/wp-content\/uploads\/2024\/09\/WP2-A3-Creation-Manual_EST.pdf&#8221; url_new_window=&#8221;on&#8221; button_text=&#8221;Laadi alla&#8221; button_alignment=&#8221;center&#8221; _builder_version=&#8221;4.27.0&#8243; _dynamic_attributes=&#8221;button_url&#8221; _module_preset=&#8221;6e5849c1-ddf8-4a79-b64d-f63c88eb2a7c&#8221; positioning=&#8221;absolute&#8221; position_origin_a=&#8221;bottom_center&#8221; vertical_offset=&#8221;-30px&#8221; global_colors_info=&#8221;{}&#8221; theme_builder_area=&#8221;post_content&#8221;][\/et_pb_button][\/et_pb_column][\/et_pb_row][\/et_pb_section][et_pb_section fb_built=&#8221;1&#8243; disabled_on=&#8221;off|off|off&#8221; _builder_version=&#8221;4.27.3&#8243; _module_preset=&#8221;default&#8221; background_color=&#8221;#0C71C3&#8243; custom_padding=&#8221;50px||50px||true|false&#8221; hover_enabled=&#8221;0&#8243; locked=&#8221;off&#8221; global_colors_info=&#8221;{}&#8221; theme_builder_area=&#8221;post_content&#8221; sticky_enabled=&#8221;0&#8243;][et_pb_row _builder_version=&#8221;4.20.2&#8243; _module_preset=&#8221;default&#8221; custom_padding=&#8221;0px||0px||true|false&#8221; global_colors_info=&#8221;{}&#8221; theme_builder_area=&#8221;post_content&#8221;][et_pb_column type=&#8221;4_4&#8243; _builder_version=&#8221;4.20.2&#8243; _module_preset=&#8221;default&#8221; global_colors_info=&#8221;{}&#8221; theme_builder_area=&#8221;post_content&#8221;][et_pb_text _builder_version=&#8221;4.20.2&#8243; _dynamic_attributes=&#8221;content&#8221; _module_preset=&#8221;8bb535d0-67f5-4977-8fda-512a67174802&#8243; text_orientation=&#8221;center&#8221; background_layout=&#8221;dark&#8221; global_colors_info=&#8221;{}&#8221; theme_builder_area=&#8221;post_content&#8221;]@ET-DC@eyJkeW5hbWljIjp0cnVlLCJjb250ZW50IjoicG9zdF90aXRsZSIsInNldHRpbmdzIjp7ImJlZm9yZSI6IjxoMT4iLCJhZnRlciI6IjxcL2gxPiJ9fQ==@[\/et_pb_text][\/et_pb_column][\/et_pb_row][et_pb_row column_structure=&#8221;1_3,2_3&#8243; use_custom_gutter=&#8221;on&#8221; make_equal=&#8221;on&#8221; _builder_version=&#8221;4.27.3&#8243; _module_preset=&#8221;default&#8221; background_color=&#8221;#ffffff&#8221; custom_margin=&#8221;50px||||false|false&#8221; custom_padding=&#8221;50px|50px|50px|50px|true|true&#8221; hover_enabled=&#8221;0&#8243; border_radii=&#8221;on|20px|20px|20px|20px&#8221; global_colors_info=&#8221;{}&#8221; theme_builder_area=&#8221;post_content&#8221; sticky_enabled=&#8221;0&#8243;][et_pb_column type=&#8221;1_3&#8243; _builder_version=&#8221;4.20.2&#8243; _module_preset=&#8221;default&#8221; global_colors_info=&#8221;{}&#8221; theme_builder_area=&#8221;post_content&#8221;][et_pb_image src=&#8221;https:\/\/bibliolingua.eu\/wp-content\/uploads\/2024\/07\/implementation-booklet_ee-1.png&#8221; title_text=&#8221;implementation-booklet_en&#8221; url=&#8221;https:\/\/bibliolingua.eu\/wp-content\/uploads\/2024\/07\/Bibliolingua_Implementation-booklet_EE.pdf&#8221; url_new_window=&#8221;on&#8221; align=&#8221;center&#8221; _builder_version=&#8221;4.27.0&#8243; _module_preset=&#8221;default&#8221; max_width=&#8221;300px&#8221; global_colors_info=&#8221;{}&#8221; theme_builder_area=&#8221;post_content&#8221;][\/et_pb_image][\/et_pb_column][et_pb_column type=&#8221;2_3&#8243; _builder_version=&#8221;4.27.3&#8243; _module_preset=&#8221;default&#8221; hover_enabled=&#8221;0&#8243; global_colors_info=&#8221;{}&#8221; theme_builder_area=&#8221;post_content&#8221; sticky_enabled=&#8221;0&#8243;][et_pb_text _builder_version=&#8221;4.27.3&#8243; _module_preset=&#8221;default&#8221; hover_enabled=&#8221;0&#8243; global_colors_info=&#8221;{}&#8221; theme_builder_area=&#8221;post_content&#8221; sticky_enabled=&#8221;0&#8243;]<\/p>\n<h2>Rakendusvihik<\/h2>\n<p>[\/et_pb_text][et_pb_text _builder_version=&#8221;4.27.0&#8243; _module_preset=&#8221;default&#8221; global_colors_info=&#8221;{}&#8221; theme_builder_area=&#8221;post_content&#8221;]<\/p>\n<p>BiblioLingua rakendusvihik on abimaterjal, mis v\u00f5imaldab \u00f5petajatel t\u00e4iustada oma \u00f5petamismetoodikat v\u00f5\u00f5rkeele \u00f5ppes. Eesm\u00e4rk on pakkuda \u00f5petajatele teadmisi ja uusi praktilisi l\u00e4henemisviise digitaalsete t\u00f6\u00f6riistade abil ja Euroopa kirjandusklassika p\u00f5hjal keele\u00f5ppeks kohandatud e-raamatute kasutamiseks. <\/p>\n<p>\u00d5petajad saavad l\u00e4hemalt tutvuda kaasava \u00f5petamise praktikatega, seda eriti konkreetsete \u00f5pivajadustega \u00f5pilaste puhul. Vihikus kirjapandu aitab \u00f5petajatel BiblioLingua veebiplatvormil paremini navigeerida ja seda t\u00f5husalt kasutada. <\/p>\n<p>Antud abimaterjal on projekti erinevatest testperioodidest saadud praktiliste t\u00e4helepanekute ja tagasiside tulemus. Eesm\u00e4rgiks on pakkuda klassiruumis rakendamiseks reaalselt kohaldatavaid strateegiaid.<\/p>\n<p>[\/et_pb_text][et_pb_button button_url=&#8221;https:\/\/bibliolingua.eu\/wp-content\/uploads\/2024\/07\/Bibliolingua_Implementation-booklet_EE.pdf&#8221; url_new_window=&#8221;on&#8221; button_text=&#8221;Laadi alla&#8221; _builder_version=&#8221;4.27.3&#8243; _module_preset=&#8221;6e5849c1-ddf8-4a79-b64d-f63c88eb2a7c&#8221; position_origin_a=&#8221;bottom_center&#8221; position_origin_f=&#8221;bottom_center&#8221; hover_enabled=&#8221;0&#8243; global_colors_info=&#8221;{}&#8221; theme_builder_area=&#8221;post_content&#8221; sticky_enabled=&#8221;0&#8243; button_alignment_last_edited=&#8221;on|tablet&#8221; button_alignment_tablet=&#8221;center&#8221; button_alignment_phone=&#8221;center&#8221;][\/et_pb_button][\/et_pb_column][\/et_pb_row][et_pb_row column_structure=&#8221;1_3,2_3&#8243; use_custom_gutter=&#8221;on&#8221; make_equal=&#8221;on&#8221; _builder_version=&#8221;4.27.3&#8243; _module_preset=&#8221;default&#8221; background_color=&#8221;#ffffff&#8221; custom_margin=&#8221;50px||||false|false&#8221; custom_padding=&#8221;50px|50px|50px|50px|true|true&#8221; hover_enabled=&#8221;0&#8243; border_radii=&#8221;off|20px|20px||&#8221; global_colors_info=&#8221;{}&#8221; theme_builder_area=&#8221;post_content&#8221; sticky_enabled=&#8221;0&#8243;][et_pb_column type=&#8221;1_3&#8243; _builder_version=&#8221;4.20.2&#8243; _module_preset=&#8221;default&#8221; global_colors_info=&#8221;{}&#8221; theme_builder_area=&#8221;post_content&#8221;][et_pb_image src=&#8221;https:\/\/bibliolingua.eu\/wp-content\/uploads\/2024\/09\/ET.jpg&#8221; title_text=&#8221;EE&#8221; url=&#8221;https:\/\/bibliolingua.eu\/wp-content\/uploads\/2024\/09\/WP2-A3-Creation-Manual_EST.pdf&#8221; url_new_window=&#8221;on&#8221; align=&#8221;center&#8221; _builder_version=&#8221;4.27.0&#8243; _module_preset=&#8221;default&#8221; max_width=&#8221;300px&#8221; module_alignment=&#8221;center&#8221; global_colors_info=&#8221;{}&#8221; theme_builder_area=&#8221;post_content&#8221;][\/et_pb_image][\/et_pb_column][et_pb_column type=&#8221;2_3&#8243; _builder_version=&#8221;4.27.3&#8243; _module_preset=&#8221;default&#8221; hover_enabled=&#8221;0&#8243; global_colors_info=&#8221;{}&#8221; theme_builder_area=&#8221;post_content&#8221; sticky_enabled=&#8221;0&#8243;][et_pb_text _builder_version=&#8221;4.27.3&#8243; _module_preset=&#8221;default&#8221; custom_margin_tablet=&#8221;50px||||false|false&#8221; custom_margin_phone=&#8221;50px||||false|false&#8221; custom_margin_last_edited=&#8221;on|tablet&#8221; hover_enabled=&#8221;0&#8243; global_colors_info=&#8221;{}&#8221; theme_builder_area=&#8221;post_content&#8221; sticky_enabled=&#8221;0&#8243;]<\/p>\n<h2>E-raamatute loomise juhend<\/h2>\n<p>[\/et_pb_text][et_pb_text _builder_version=&#8221;4.27.0&#8243; _module_preset=&#8221;default&#8221; global_colors_info=&#8221;{}&#8221; theme_builder_area=&#8221;post_content&#8221;]<\/p>\n<p>K\u00e4esoleva juhendi eesm\u00e4rk on kujundada \u00f5petajatest uute keele\u00f5ppe ressursside loojad, aidates seel\u00e4bi kaasa keele\u00f5ppe uuenduslike ja erinevatele \u00f5ppijatele kohandatud meetodite levikule.<\/p>\n<p>Juhend k\u00e4sitleb e-raamatu loomise protsessi p\u00f5hiaspekte, alustades \u00f5igete raamatute valimisest ja teksti kohandamisest vastavalt \u00f5pilaste erinevatele vajadustele kuni visuaalide t\u00f5husa integreerimiseni. Keskendume ka kaasamisele, selgitame e-raamatute keele\u00f5ppes kasutamise erinevaid eeliseid, samuti nende \u00f5ppematerjalide integreerimist BiblioLingua platvormile. <\/p>\n<p>\u00d5ppige e-raamatute loomise protsessi, olge kaasava ja d\u00fcnaamilise \u00f5pikeskkonna loomisel enesekindlad ja loovad!<\/p>\n<p>[\/et_pb_text][et_pb_button button_url=&#8221;https:\/\/bibliolingua.eu\/wp-content\/uploads\/2024\/09\/WP2-A3-Creation-Manual_EST.pdf&#8221; url_new_window=&#8221;on&#8221; button_text=&#8221;Laadi alla&#8221; _builder_version=&#8221;4.27.3&#8243; _dynamic_attributes=&#8221;button_url&#8221; _module_preset=&#8221;6e5849c1-ddf8-4a79-b64d-f63c88eb2a7c&#8221; position_origin_a=&#8221;bottom_center&#8221; vertical_offset=&#8221;-30px&#8221; hover_enabled=&#8221;0&#8243; global_colors_info=&#8221;{}&#8221; theme_builder_area=&#8221;post_content&#8221; sticky_enabled=&#8221;0&#8243; button_alignment_last_edited=&#8221;on|tablet&#8221; button_alignment_tablet=&#8221;center&#8221; button_alignment_phone=&#8221;center&#8221;][\/et_pb_button][\/et_pb_column][\/et_pb_row][et_pb_row use_custom_gutter=&#8221;on&#8221; make_equal=&#8221;on&#8221; _builder_version=&#8221;4.27.3&#8243; _module_preset=&#8221;default&#8221; background_color=&#8221;#ffffff&#8221; custom_margin=&#8221;0px||||false|false&#8221; custom_padding=&#8221;0px|50px|50px|50px|false|true&#8221; hover_enabled=&#8221;0&#8243; border_radii=&#8221;off|||20px|20px&#8221; global_colors_info=&#8221;{}&#8221; theme_builder_area=&#8221;post_content&#8221; sticky_enabled=&#8221;0&#8243;][et_pb_column type=&#8221;4_4&#8243; _builder_version=&#8221;4.20.2&#8243; _module_preset=&#8221;default&#8221; global_colors_info=&#8221;{}&#8221; theme_builder_area=&#8221;post_content&#8221;][et_pb_image _builder_version=&#8221;4.27.3&#8243; _module_preset=&#8221;default&#8221; theme_builder_area=&#8221;post_content&#8221; title_text=&#8221;bibliolingua_youtube&#8221; src=&#8221;https:\/\/bibliolingua.eu\/wp-content\/uploads\/2024\/11\/bibliolingua_youtube.jpg&#8221; hover_enabled=&#8221;0&#8243; sticky_enabled=&#8221;0&#8243; url=&#8221;https:\/\/www.youtube.com\/channel\/UCWG6_v1IKk8RPBoXbiean5A&#8221; url_new_window=&#8221;on&#8221; custom_padding=&#8221;50px||||false|false&#8221; custom_css_main_element=&#8221;border-top: 1px solid rgba(42,43,92,.5);&#8221;][\/et_pb_image][et_pb_button _builder_version=&#8221;4.27.3&#8243; _module_preset=&#8221;6e5849c1-ddf8-4a79-b64d-f63c88eb2a7c&#8221; theme_builder_area=&#8221;post_content&#8221; button_text=&#8221;Watch the videos&#8221; button_alignment=&#8221;center&#8221; button_url=&#8221;https:\/\/www.youtube.com\/channel\/UCWG6_v1IKk8RPBoXbiean5A&#8221; url_new_window=&#8221;on&#8221; hover_enabled=&#8221;0&#8243; sticky_enabled=&#8221;0&#8243;][\/et_pb_button][\/et_pb_column][\/et_pb_row][\/et_pb_section]<\/p>\n","protected":false},"excerpt":{"rendered":"<p>RakendusvihikBiblioLingua rakendusvihik on abimaterjal, mis v\u00f5imaldab \u00f5petajatel t\u00e4iustada oma \u00f5petamismetoodikat v\u00f5\u00f5rkeele \u00f5ppes. Eesm\u00e4rk on pakkuda \u00f5petajatele teadmisi ja uusi praktilisi l\u00e4henemisviise digitaalsete t\u00f6\u00f6riistade abil ja Euroopa kirjandusklassika p\u00f5hjal keele\u00f5ppeks kohandatud e-raamatute kasutamiseks. \u00d5petajad saavad l\u00e4hemalt tutvuda kaasava \u00f5petamise praktikatega, seda eriti konkreetsete \u00f5pivajadustega \u00f5pilaste puhul. Vihikus kirjapandu aitab \u00f5petajatel BiblioLingua veebiplatvormil paremini navigeerida ja seda [&hellip;]<\/p>\n","protected":false},"author":3,"featured_media":0,"parent":0,"menu_order":0,"comment_status":"closed","ping_status":"closed","template":"","meta":{"_acf_changed":false,"_et_pb_use_builder":"on","_et_pb_old_content":"","_et_gb_content_width":"","footnotes":""},"class_list":["post-9980","page","type-page","status-publish","hentry"],"acf":[],"_links":{"self":[{"href":"https:\/\/bibliolingua.eu\/et\/wp-json\/wp\/v2\/pages\/9980","targetHints":{"allow":["GET"]}}],"collection":[{"href":"https:\/\/bibliolingua.eu\/et\/wp-json\/wp\/v2\/pages"}],"about":[{"href":"https:\/\/bibliolingua.eu\/et\/wp-json\/wp\/v2\/types\/page"}],"author":[{"embeddable":true,"href":"https:\/\/bibliolingua.eu\/et\/wp-json\/wp\/v2\/users\/3"}],"replies":[{"embeddable":true,"href":"https:\/\/bibliolingua.eu\/et\/wp-json\/wp\/v2\/comments?post=9980"}],"version-history":[{"count":44,"href":"https:\/\/bibliolingua.eu\/et\/wp-json\/wp\/v2\/pages\/9980\/revisions"}],"predecessor-version":[{"id":12144,"href":"https:\/\/bibliolingua.eu\/et\/wp-json\/wp\/v2\/pages\/9980\/revisions\/12144"}],"wp:attachment":[{"href":"https:\/\/bibliolingua.eu\/et\/wp-json\/wp\/v2\/media?parent=9980"}],"curies":[{"name":"wp","href":"https:\/\/api.w.org\/{rel}","templated":true}]}}