{"id":3936,"date":"2023-06-21T11:41:14","date_gmt":"2023-06-21T09:41:14","guid":{"rendered":"https:\/\/bibliolingua.eu\/partenaires\/"},"modified":"2024-11-05T14:33:28","modified_gmt":"2024-11-05T13:33:28","slug":"partenaires","status":"publish","type":"page","link":"https:\/\/bibliolingua.eu\/fr\/partenaires\/","title":{"rendered":"Partenaires"},"content":{"rendered":"\n<div class=\"wp-block-columns is-layout-flex wp-container-core-columns-is-layout-9d6595d7 wp-block-columns-is-layout-flex\">\n<div class=\"wp-block-column is-layout-flow wp-block-column-is-layout-flow\" style=\"flex-basis:10%\">\n<div class=\"flag flagBE\"><\/div>\n<\/div>\n\n\n\n<div class=\"wp-block-column is-layout-flow wp-block-column-is-layout-flow\" style=\"flex-basis:90%\">\n<h2 class=\"wp-block-heading\">LogoPsyCom<\/h2>\n\n\n\n<p>Belgique<\/p>\n<\/div>\n<\/div>\n\n<div style=\"height:30px\" aria-hidden=\"true\" class=\"wp-block-spacer\"><\/div>\n\n<p>Logopsycom est un centre d\u2019innovation p\u00e9dagogique qui cr\u00e9e et utilise des m\u00e9thodes ou outils alternatifs (num\u00e9riques ou non) pour accompagner les \u00e9coles, les centres de formation professionnelle, les organisations \u00e9ducatives, les jeunes et les parents. Elle a d\u2019abord \u00e9t\u00e9 cr\u00e9\u00e9e en tant qu\u2019entreprise de soins, sp\u00e9cialis\u00e9e dans les troubles d\u2019apprentissage chez les jeunes, en particulier dans les troubles \u201cdys\u201d (dyspraxie, dysphasie, dyslexie, etc.), \u00e9galement appel\u00e9es troubles sp\u00e9cifiques d\u2019apprentissage et travaille donc toujours sur l\u2019accessibilit\u00e9 du contenu.<\/p>\n\n<a href=\"https:\/\/logopsycom.com\/\" class=\"partnerButton\" target=\"_blank\" rel=\"noopener\"><img decoding=\"async\" src=\"https:\/\/bibliolingua.eu\/wp-content\/uploads\/2023\/04\/web.png\" width=\"26px\"\/><\/a>\n<a href=\"https:\/\/www.facebook.com\/Logopsycom\/\" class=\"partnerButton\" target=\"_blank\" rel=\"noopener\"><img decoding=\"async\" src=\"https:\/\/bibliolingua.eu\/wp-content\/uploads\/2023\/04\/fb.png\" width=\"12px\"\/><\/a>\n\n<div style=\"height:60px\" aria-hidden=\"true\" class=\"wp-block-spacer\"><\/div>\n\n<div class=\"wp-block-columns is-layout-flex wp-container-core-columns-is-layout-9d6595d7 wp-block-columns-is-layout-flex\">\n<div class=\"wp-block-column is-layout-flow wp-block-column-is-layout-flow\" style=\"flex-basis:10%\">\n<div class=\"flag flagET\"><\/div>\n<\/div>\n\n\n\n<div class=\"wp-block-column is-layout-flow wp-block-column-is-layout-flow\" style=\"flex-basis:90%\">\n<h2 class=\"wp-block-heading\">Tartu Raatuse Kool<\/h2>\n\n\n\n<p>Estonie<\/p>\n<\/div>\n<\/div>\n\n<div style=\"height:30px\" aria-hidden=\"true\" class=\"wp-block-spacer\"><\/div>\n\n<p>L&rsquo;\u00e9cole Tartu Raatuse est une \u00e9cole primaire en Estonie qui utilise des m\u00e9thodes d&rsquo;enseignement modernes, comme le fait de ne pas utiliser un syst\u00e8me de notation traditionnel dans les classes primaires des ann\u00e9es 1 \u00e0 6. L&rsquo;\u00e9cole a d\u00e9j\u00e0 l&rsquo;exp\u00e9rience du projet BiblioLingua, qui consiste \u00e0 combiner diff\u00e9rents domaines d&rsquo;apprentissage des langues avec la promotion de la litt\u00e9rature et du patrimoine europ\u00e9ens. La devise de l&rsquo;\u00e9cole est la suivante : nous n&rsquo;enseignons pas des programmes ou des mati\u00e8res, mais des \u00e9l\u00e8ves !<\/p>\n\n<a href=\"https:\/\/raatuse.tartu.ee\/en\/\" class=\"partnerButton\" target=\"_blank\" rel=\"noopener\"><img decoding=\"async\" src=\"https:\/\/bibliolingua.eu\/wp-content\/uploads\/2023\/04\/web.png\" width=\"26px\"\/><\/a>\n<a href=\"https:\/\/www.facebook.com\/people\/Tartu-Raatuse-Kool\/100057033176530\/\" class=\"partnerButton\" target=\"_blank\" rel=\"noopener\"><img decoding=\"async\" src=\"https:\/\/bibliolingua.eu\/wp-content\/uploads\/2023\/04\/fb.png\" width=\"12px\"\/><\/a>\n\n<div style=\"height:60px\" aria-hidden=\"true\" class=\"wp-block-spacer\"><\/div>\n\n<div class=\"wp-block-columns is-layout-flex wp-container-core-columns-is-layout-9d6595d7 wp-block-columns-is-layout-flex\">\n<div class=\"wp-block-column is-layout-flow wp-block-column-is-layout-flow\" style=\"flex-basis:10%\">\n<div class=\"flag flagIT\"><\/div>\n<\/div>\n\n\n\n<div class=\"wp-block-column is-layout-flow wp-block-column-is-layout-flow\" style=\"flex-basis:90%\">\n<h2 class=\"wp-block-heading\">Istituto dei Sordi di Torino<\/h2>\n\n\n\n<p>Italie<\/p>\n<\/div>\n<\/div>\n\n<div style=\"height:30px\" aria-hidden=\"true\" class=\"wp-block-spacer\"><\/div>\n\n<p>L\u2019Istituto dei Sordi est l\u2019une des plus anciennes \u00e9coles de sourds d\u2019Italie. Elle a \u00e9t\u00e9 fond\u00e9e en 1814 et collabore avec environ 250 \u00e9tudiants sourds de la maternelle \u00e0 l\u2019universit\u00e9.<\/p>\n\n<a href=\"http:\/\/www.istitutosorditorino.org\" class=\"partnerButton\" target=\"_blank\" rel=\"noopener\"><img decoding=\"async\" src=\"https:\/\/bibliolingua.eu\/wp-content\/uploads\/2023\/04\/web.png\" width=\"26px\"\/><\/a>\n<a href=\"https:\/\/www.facebook.com\/Istituto-dei-Sordi-di-Torino-148350511989647\/\" class=\"partnerButton\" target=\"_blank\" rel=\"noopener\"><img decoding=\"async\" src=\"https:\/\/bibliolingua.eu\/wp-content\/uploads\/2023\/04\/fb.png\" width=\"12px\"\/><\/a>\n\n<div style=\"height:60px\" aria-hidden=\"true\" class=\"wp-block-spacer\"><\/div>\n\n<div class=\"wp-block-columns is-layout-flex wp-container-core-columns-is-layout-9d6595d7 wp-block-columns-is-layout-flex\">\n<div class=\"wp-block-column is-layout-flow wp-block-column-is-layout-flow\" style=\"flex-basis:10%\">\n<div class=\"flag flagES\"><\/div>\n<\/div>\n\n\n\n<div class=\"wp-block-column is-layout-flow wp-block-column-is-layout-flow\" style=\"flex-basis:90%\">\n<h2 class=\"wp-block-heading\">Babel Idioma y Cultura S.L.<\/h2>\n\n\n\n<p>Espagne<\/p>\n<\/div>\n<\/div>\n\n<div style=\"height:30px\" aria-hidden=\"true\" class=\"wp-block-spacer\"><\/div>\n\n<p>Babel Idiomas est un centre priv\u00e9 de formation d&rsquo;enseignants et d&rsquo;enseignement des langues situ\u00e9 \u00e0 M\u00e1laga (Espagne). Depuis 1999, il propose des cours d&rsquo;anglais, d&rsquo;espagnol, d&rsquo;allemand et de fran\u00e7ais \u00e0 des \u00e9tudiants de tous \u00e2ges et de tous horizons. En plus de g\u00e9rer deux centres de langues, Babel Idiomas enseigne \u00e9galement dans trois \u00e9coles locales, o\u00f9 ils proposent des cours d&rsquo;anglais extrascolaires \u00e0 leurs \u00e9l\u00e8ves. Babel Idiomas propose \u00e9galement une gamme sp\u00e9ciale de cours d&rsquo;anglais adapt\u00e9s aux \u00e9tudiants souffrant de dyslexie.<\/p>\n\n<a href=\"https:\/\/www.babelidiomas.es\/\" class=\"partnerButton\" target=\"_blank\" rel=\"noopener\"><img decoding=\"async\" src=\"https:\/\/bibliolingua.eu\/wp-content\/uploads\/2023\/04\/web.png\" width=\"26px\"\/><\/a>\n<a href=\"https:\/\/es-es.facebook.com\/BabelIdiomasMalaga\/\" class=\"partnerButton\" target=\"_blank\" rel=\"noopener\"><img decoding=\"async\" src=\"https:\/\/bibliolingua.eu\/wp-content\/uploads\/2023\/04\/fb.png\" width=\"12px\"\/><\/a>\n\n<div style=\"height:60px\" aria-hidden=\"true\" class=\"wp-block-spacer\"><\/div>\n\n<div class=\"wp-block-columns is-layout-flex wp-container-core-columns-is-layout-9d6595d7 wp-block-columns-is-layout-flex\">\n<div class=\"wp-block-column is-layout-flow wp-block-column-is-layout-flow\" style=\"flex-basis:10%\">\n<div class=\"flag flagFR\"><\/div>\n<\/div>\n\n\n\n<div class=\"wp-block-column is-layout-flow wp-block-column-is-layout-flow\" style=\"flex-basis:90%\">\n<h2 class=\"wp-block-heading\">Les Apprimeurs<\/h2>\n\n\n\n<p>France<\/p>\n<\/div>\n<\/div>\n\n<div style=\"height:30px\" aria-hidden=\"true\" class=\"wp-block-spacer\"><\/div>\n\n<p>Les Apprimeurs est une soci\u00e9t\u00e9 fran\u00e7aise sp\u00e9cialis\u00e9e dans la cr\u00e9ation de solutions num\u00e9riques sur mesure pour les secteurs de l\u2019\u00e9ducation, de la culture et de la formation.<\/p>\n\n<a href=\"https:\/\/lesapprimeurs.com\/\" class=\"partnerButton\" target=\"_blank\" rel=\"noopener\"><img decoding=\"async\" src=\"https:\/\/bibliolingua.eu\/wp-content\/uploads\/2023\/04\/web.png\" width=\"26px\"\/><\/a>\n<a href=\"https:\/\/www.facebook.com\/lesapprimeurs\/\" class=\"partnerButton\" target=\"_blank\" rel=\"noopener\"><img decoding=\"async\" src=\"https:\/\/bibliolingua.eu\/wp-content\/uploads\/2023\/04\/fb.png\" width=\"12px\"\/><\/a>\n\n<div style=\"height:60px\" aria-hidden=\"true\" class=\"wp-block-spacer\"><\/div>\n\n<div class=\"wp-block-columns is-layout-flex wp-container-core-columns-is-layout-9d6595d7 wp-block-columns-is-layout-flex\">\n<div class=\"wp-block-column is-layout-flow wp-block-column-is-layout-flow\" style=\"flex-basis:10%\">\n<div class=\"flag flagSK\"><\/div>\n<\/div>\n\n\n\n<div class=\"wp-block-column is-layout-flow wp-block-column-is-layout-flow\" style=\"flex-basis:90%\">\n<h2 class=\"wp-block-heading\">Zakladna skola, Skultetyho 1, Nitra<\/h2>\n\n\n\n<p>Slovaquie<\/p>\n<\/div>\n<\/div>\n\n<div style=\"height:30px\" aria-hidden=\"true\" class=\"wp-block-spacer\"><\/div>\n\n<p>Z\u00e1kladn\u00e1 \u0161kola, \u0160kult\u00e9tyho 1, Nitra, est une \u00e9cole slovaque qui propose un enseignement primaire et secondaire inf\u00e9rieur. Les cours sont dispens\u00e9s dans le cadre de projets et de m\u00e9thodes novatrices dans le processus d&rsquo;enseignement et d&rsquo;apprentissage. Les \u00e9l\u00e8ves de Z\u00e1kladn\u00e1 \u0161kola apprennent l&rsquo;anglais d\u00e8s le premier cours. Ils apprennent \u00e9galement d&rsquo;autres langues \u00e9trang\u00e8res comme l&rsquo;allemand, l&rsquo;espagnol et le russe. L&rsquo;\u00e9cole a particip\u00e9 au programme : Le d\u00e9veloppement de l&rsquo;alphab\u00e9tisation environnementale et nous sommes devenus un membre actif des \u00e9co-\u00e9coles.<\/p>\n\n<div style=\"height:10px\" aria-hidden=\"true\" class=\"wp-block-spacer\"><\/div>\n\n<a href=\"https:\/\/zsskultetyhonitra.edupage.org\/\" class=\"partnerButton\" target=\"_blank\" rel=\"noopener\"><img decoding=\"async\" src=\"https:\/\/bibliolingua.eu\/wp-content\/uploads\/2023\/04\/web.png\" width=\"26px\"\/><\/a>\n<a href=\"https:\/\/www.facebook.com\/people\/Z%C3%A1kladn%C3%A1-%C5%A1kola-%C5%A0kult%C3%A9tyho-1-Nitra\/100063775350908\/\" class=\"partnerButton\" target=\"_blank\" rel=\"noopener\"><img decoding=\"async\" src=\"https:\/\/bibliolingua.eu\/wp-content\/uploads\/2023\/04\/fb.png\" width=\"12px\"\/><\/a>\n","protected":false},"excerpt":{"rendered":"<p>LogoPsyCom Belgique Logopsycom est un centre d\u2019innovation p\u00e9dagogique qui cr\u00e9e et utilise des m\u00e9thodes ou outils alternatifs (num\u00e9riques ou non) pour accompagner les \u00e9coles, les centres de formation professionnelle, les organisations \u00e9ducatives, les jeunes et les parents. Elle a d\u2019abord \u00e9t\u00e9 cr\u00e9\u00e9e en tant qu\u2019entreprise de soins, sp\u00e9cialis\u00e9e dans les troubles d\u2019apprentissage chez les jeunes, [&hellip;]<\/p>\n","protected":false},"author":3,"featured_media":0,"parent":0,"menu_order":0,"comment_status":"closed","ping_status":"closed","template":"","meta":{"_acf_changed":false,"_et_pb_use_builder":"off","_et_pb_old_content":"","_et_gb_content_width":"","footnotes":""},"class_list":["post-3936","page","type-page","status-publish","hentry"],"acf":[],"_links":{"self":[{"href":"https:\/\/bibliolingua.eu\/fr\/wp-json\/wp\/v2\/pages\/3936","targetHints":{"allow":["GET"]}}],"collection":[{"href":"https:\/\/bibliolingua.eu\/fr\/wp-json\/wp\/v2\/pages"}],"about":[{"href":"https:\/\/bibliolingua.eu\/fr\/wp-json\/wp\/v2\/types\/page"}],"author":[{"embeddable":true,"href":"https:\/\/bibliolingua.eu\/fr\/wp-json\/wp\/v2\/users\/3"}],"replies":[{"embeddable":true,"href":"https:\/\/bibliolingua.eu\/fr\/wp-json\/wp\/v2\/comments?post=3936"}],"version-history":[{"count":12,"href":"https:\/\/bibliolingua.eu\/fr\/wp-json\/wp\/v2\/pages\/3936\/revisions"}],"predecessor-version":[{"id":11815,"href":"https:\/\/bibliolingua.eu\/fr\/wp-json\/wp\/v2\/pages\/3936\/revisions\/11815"}],"wp:attachment":[{"href":"https:\/\/bibliolingua.eu\/fr\/wp-json\/wp\/v2\/media?parent=3936"}],"curies":[{"name":"wp","href":"https:\/\/api.w.org\/{rel}","templated":true}]}}