{"id":3939,"date":"2023-06-21T11:32:09","date_gmt":"2023-06-21T09:32:09","guid":{"rendered":"https:\/\/bibliolingua.eu\/conditions-dutilisation\/"},"modified":"2024-01-11T16:49:03","modified_gmt":"2024-01-11T15:49:03","slug":"conditions-dutilisation","status":"publish","type":"page","link":"https:\/\/bibliolingua.eu\/fr\/conditions-dutilisation\/","title":{"rendered":"Conditions d&rsquo;utilisation"},"content":{"rendered":"\n<h2 class=\"wp-block-heading\">Ressources gratuites pour utilisation non commerciale<\/h2>\n\n<p>Toutes les ressources de BiblioLingua sont publi\u00e9es sous la license Creative Commons :<br\/><a href=\"https:\/\/creativecommons.org\/licenses\/by-nc-sa\/4.0\/\" data-type=\"URL\" data-id=\"https:\/\/creativecommons.org\/licenses\/by-nc-sa\/4.0\/\" target=\"_blank\" rel=\"noreferrer noopener\">Attribution \u2013 Pas d\u2019Utilisation Commerciale \u2013 Partage dans les M\u00eames Conditions 4.0.<\/a><\/p>\n\n<figure class=\"wp-block-image size-full\"><img loading=\"lazy\" decoding=\"async\" width=\"88\" height=\"31\" src=\"https:\/\/bibliolingua.eu\/wp-content\/uploads\/2023\/04\/88x31.png\" alt=\"\" class=\"wp-image-185\"\/><\/figure>\n\n<p>Par cons\u00e9quent, vous pouvez utiliser toutes les ressources (ebooks, textes, images, vid\u00e9os, etc.) cr\u00e9\u00e9es par l\u2019\u00e9quipe de BiblioLingua pour vos cours, formations, conf\u00e9rences, th\u00e8ses, etc. tant que vous faites r\u00e9f\u00e9rence \u00e0 nos ressources comme source premi\u00e8re.<\/p>\n\n<p>Il vous est interdit d\u2019utiliser les ressources \u00e0 des fins commerciales (revente ou frais d\u2019acc\u00e8s) ; et si vous lib\u00e9rez les ressources telles quelles ou modifi\u00e9es, cela doit \u00eatre selon les m\u00eames conditions.<\/p>\n","protected":false},"excerpt":{"rendered":"<p>Ressources gratuites pour utilisation non commerciale Toutes les ressources de BiblioLingua sont publi\u00e9es sous la license Creative Commons :Attribution \u2013 Pas d\u2019Utilisation Commerciale \u2013 Partage dans les M\u00eames Conditions 4.0. Par cons\u00e9quent, vous pouvez utiliser toutes les ressources (ebooks, textes, images, vid\u00e9os, etc.) cr\u00e9\u00e9es par l\u2019\u00e9quipe de BiblioLingua pour vos cours, formations, conf\u00e9rences, th\u00e8ses, etc. [&hellip;]<\/p>\n","protected":false},"author":3,"featured_media":0,"parent":0,"menu_order":0,"comment_status":"closed","ping_status":"closed","template":"","meta":{"_acf_changed":false,"_et_pb_use_builder":"off","_et_pb_old_content":"","_et_gb_content_width":"","footnotes":""},"class_list":["post-3939","page","type-page","status-publish","hentry"],"acf":[],"_links":{"self":[{"href":"https:\/\/bibliolingua.eu\/fr\/wp-json\/wp\/v2\/pages\/3939","targetHints":{"allow":["GET"]}}],"collection":[{"href":"https:\/\/bibliolingua.eu\/fr\/wp-json\/wp\/v2\/pages"}],"about":[{"href":"https:\/\/bibliolingua.eu\/fr\/wp-json\/wp\/v2\/types\/page"}],"author":[{"embeddable":true,"href":"https:\/\/bibliolingua.eu\/fr\/wp-json\/wp\/v2\/users\/3"}],"replies":[{"embeddable":true,"href":"https:\/\/bibliolingua.eu\/fr\/wp-json\/wp\/v2\/comments?post=3939"}],"version-history":[{"count":4,"href":"https:\/\/bibliolingua.eu\/fr\/wp-json\/wp\/v2\/pages\/3939\/revisions"}],"predecessor-version":[{"id":7951,"href":"https:\/\/bibliolingua.eu\/fr\/wp-json\/wp\/v2\/pages\/3939\/revisions\/7951"}],"wp:attachment":[{"href":"https:\/\/bibliolingua.eu\/fr\/wp-json\/wp\/v2\/media?parent=3939"}],"curies":[{"name":"wp","href":"https:\/\/api.w.org\/{rel}","templated":true}]}}