{"id":3951,"date":"2023-06-21T12:00:04","date_gmt":"2023-06-21T10:00:04","guid":{"rendered":"https:\/\/bibliolingua.eu\/mentions-legales\/"},"modified":"2023-08-30T11:51:51","modified_gmt":"2023-08-30T09:51:51","slug":"mentions-legales","status":"publish","type":"page","link":"https:\/\/bibliolingua.eu\/fr\/mentions-legales\/","title":{"rendered":"Mentions l\u00e9gales"},"content":{"rendered":"\n<p>Les donn\u00e9es transmises sur ce site web ne sont accessibles qu\u2019aux services internes concern\u00e9s, \u00e0 savoir :<\/p>\n\n<h2 class=\"wp-block-heading\">H\u00e9bergement<\/h2>\n\n<p>Infomaniak Network SA<br\/>Rue Eug\u00e8ne Marziano 25 \u2013 1227 Les Acacias \/ Geneva \u2013 SWITZERLAND<br\/>T\u00e9l. : <a href=\"tel:+41%2022%20820%2035%2044\" target=\"_blank\" rel=\"noreferrer noopener\">+41 22 820 35 44<\/a><br\/>E-mail : <a href=\"mailto:contact@infomaniak.com\" target=\"_blank\" rel=\"noreferrer noopener\">contact@infomaniak.com<\/a><br\/>Site internet : <a href=\"https:\/\/www.infomaniak.com\/\" target=\"_blank\" rel=\"noreferrer noopener\">https:\/\/www.infomaniak.com\/<\/a><\/p>\n\n<h2 class=\"wp-block-heading\">\u00c9diteur<\/h2>\n\n<p>Ce site est publi\u00e9 par Les Apprimeurs et le partenariat du projet Erasmus+ BiblioLingua. Les informations concernant le responsable de la publication ont \u00e9t\u00e9 transmises \u00e0 l\u2019h\u00e9bergeur conform\u00e9ment \u00e0 la loi.<\/p>\n\n<h2 class=\"wp-block-heading\">Le projet BiblioLingua<\/h2>\n\n<p>Ce projet a \u00e9t\u00e9 financ\u00e9 par l\u2019Union europ\u00e9enne. Le soutien de la Commission europ\u00e9enne \u00e0 la production de cette publication ne constitue pas une approbation de son contenu, qui refl\u00e8te uniquement les opinions des auteurs, et la Commission ne peut \u00eatre tenue responsable de l\u2019utilisation qui pourrait \u00eatre faite des informations contenues dans cette publication.<\/p>\n\n<h2 class=\"wp-block-heading\">Donn\u00e9es personnelles<\/h2>\n\n<p>Les donn\u00e9es collect\u00e9es par ce site ne seront jamais vendues ou transmises \u00e0 des tiers, et seront utilis\u00e9es avec la plus grande discr\u00e9tion par nous, uniquement dans le but pour lequel vous nous avez fourni ces donn\u00e9es. En aucun cas nous n\u2019utiliserons vos donn\u00e9es \u00e0 d\u2019autres fins que celles clairement indiqu\u00e9es lorsque vous nous les avez fournies.<\/p>\n\n<p>Des donn\u00e9es de connexion (par exemple l\u2019adresse IP, les journaux de connexion) peuvent \u00eatre collect\u00e9es lorsque vous visitez ce site web. En naviguant sur ce site, vous acceptez de nous les transmettre.<\/p>\n\n<p>Les donn\u00e9es que vous envoyez explicitement par l\u2019interm\u00e9diaire de la page de contact de ce site web via des formulaires ne seront utilis\u00e9es qu\u2019\u00e0 des fins de r\u00e9ponse. Toutes les informations envoy\u00e9es par le biais de ces formulaires seront supprim\u00e9es au plus tard trois ans apr\u00e8s qu\u2019elles nous ont \u00e9t\u00e9 transmises.<\/p>\n\n<p>En outre, l\u2019adresse \u00e9lectronique que vous pouvez nous fournir pour tester nos ressources ou participer au projet BiblioLingua sur la page d\u2019accueil de ce site web ne sera utilis\u00e9e que pour vous envoyer des informations sur le projet en cours. Y Vous pouvez vous d\u00e9sinscrire \u00e0 tout moment en nous envoyant un e-mail \u00e0 <a rel=\"noreferrer noopener\" href=\"mailto:contact@lesapprimeurs.com\" target=\"_blank\">contact@lesapprimeurs.com<\/a><\/p>\n\n<p>Les donn\u00e9es transmises sur ce site web ne sont accessibles qu\u2019aux services internes concern\u00e9s, \u00e0 savoir :<\/p>\n\n<ul class=\"wp-block-list\">\n<li>Pour les adresses IP, les journaux et toutes les donn\u00e9es de connexion, seuls les administrateurs du site web.<\/li>\n\n\n\n<li>Pour les courriers \u00e9lectroniques transmis pour la liste Join us, seuls les administrateurs du site web.<\/li>\n\n\n\n<li>Pour les informations transmises par le biais du formulaire de contact, seul le partenaire concern\u00e9 de la langue que vous avez s\u00e9lectionn\u00e9e.<\/li>\n\n\n\n<li>Pour toute question relative \u00e0 la protection, \u00e0 la s\u00e9curit\u00e9 et \u00e0 l\u2019utilisation des donn\u00e9es personnelles, veuillez nous contacter \u00e0 l\u2019adresse \u00e9lectronique <a href=\"mailto:contact@lesapprimeurs.com\" target=\"_blank\" rel=\"noreferrer noopener\">contact@lesapprimeurs.com<\/a>.<\/li>\n<\/ul>\n\n<p>Vous avez le droit de demander \u00e0 tout moment la suppression d\u2019une partie ou de la totalit\u00e9 des donn\u00e9es personnelles vous concernant en envoyant un courriel \u00e0 <a rel=\"noreferrer noopener\" href=\"mailto:contact@lesapprimeurs.com\" target=\"_blank\">contact@lesapprimeurs.com<\/a>.<\/p>\n\n<p>Si la r\u00e9ponse n\u2019est pas satisfaisante, vous pouvez introduire une r\u00e9clamation aupr\u00e8s de la Commission nationale de l\u2019informatique et des libert\u00e9s (CNIL) : <a rel=\"noreferrer noopener\" href=\"https:\/\/www.cnil.fr\/fr\/plaintes\" target=\"_blank\">https:\/\/www.cnil.fr\/fr\/plaintes<\/a>.<\/p>\n\n<p>Tout litige relatif \u00e0 l\u2019utilisation du Site sera soumis au droit fran\u00e7ais. Les visiteurs du site Web reconnaissent et acceptent la comp\u00e9tence exclusive des tribunaux comp\u00e9tents relevant du ressort de la Cour d\u2019appel de Paris.<\/p>\n\n<h2 class=\"wp-block-heading\">Cr\u00e9dits<\/h2>\n\n<p>Page d&rsquo;accueil \u2013 Adolescente avec smartphone : <a rel=\"noreferrer noopener\" href=\"https:\/\/www.freepik.com\" target=\"_blank\">Image par stories \/ Freepik<\/a><\/p>\n\n<p>Blog &#8211; \u00ab\u00a0Cognitive advantages of bilingualism: the multifaceted benefits of speaking multiple languages\u00a0\u00bb : <a href=\"https:\/\/www.freepik.com\/free-vector\/diverse-multilingual-people-group-saying-hello_25917823.htm\" target=\"_blank\" rel=\"noreferrer noopener\">Image par upklyak \/ Freepik<\/a><\/p>\n\n<p>Blog &#8211; \u00ab\u00a0Storytelling and language learning\u00a0\u00bb : <a rel=\"noreferrer noopener\" href=\"https:\/\/unsplash.com\/fr\/@aaronburden?utm_source=unsplash&amp;utm_medium=referral&amp;utm_content=creditCopyText\" target=\"_blank\">Image par Aaron Burden \/ Unsplash<\/a><\/p>\n\n<p>Blog &#8211; \u00ab\u00a0Functional reading and its practices\u00a0\u00bb : <a href=\"https:\/\/unsplash.com\/fr\/@jeshoots\" data-type=\"link\" data-id=\"https:\/\/unsplash.com\/fr\/@jeshoots\" target=\"_blank\" rel=\"noreferrer noopener\">Image par JESHOOTS.COM \/ UnsplashPhoto<\/a><\/p>\n","protected":false},"excerpt":{"rendered":"<p>Les donn\u00e9es transmises sur ce site web ne sont accessibles qu\u2019aux services internes concern\u00e9s, \u00e0 savoir : H\u00e9bergement Infomaniak Network SARue Eug\u00e8ne Marziano 25 \u2013 1227 Les Acacias \/ Geneva \u2013 SWITZERLANDT\u00e9l. : +41 22 820 35 44E-mail : contact@infomaniak.comSite internet : https:\/\/www.infomaniak.com\/ \u00c9diteur Ce site est publi\u00e9 par Les Apprimeurs et le partenariat du [&hellip;]<\/p>\n","protected":false},"author":3,"featured_media":0,"parent":0,"menu_order":0,"comment_status":"closed","ping_status":"closed","template":"","meta":{"_acf_changed":false,"_et_pb_use_builder":"off","_et_pb_old_content":"","_et_gb_content_width":"","footnotes":""},"class_list":["post-3951","page","type-page","status-publish","hentry"],"acf":[],"_links":{"self":[{"href":"https:\/\/bibliolingua.eu\/fr\/wp-json\/wp\/v2\/pages\/3951","targetHints":{"allow":["GET"]}}],"collection":[{"href":"https:\/\/bibliolingua.eu\/fr\/wp-json\/wp\/v2\/pages"}],"about":[{"href":"https:\/\/bibliolingua.eu\/fr\/wp-json\/wp\/v2\/types\/page"}],"author":[{"embeddable":true,"href":"https:\/\/bibliolingua.eu\/fr\/wp-json\/wp\/v2\/users\/3"}],"replies":[{"embeddable":true,"href":"https:\/\/bibliolingua.eu\/fr\/wp-json\/wp\/v2\/comments?post=3951"}],"version-history":[{"count":1,"href":"https:\/\/bibliolingua.eu\/fr\/wp-json\/wp\/v2\/pages\/3951\/revisions"}],"predecessor-version":[{"id":3952,"href":"https:\/\/bibliolingua.eu\/fr\/wp-json\/wp\/v2\/pages\/3951\/revisions\/3952"}],"wp:attachment":[{"href":"https:\/\/bibliolingua.eu\/fr\/wp-json\/wp\/v2\/media?parent=3951"}],"curies":[{"name":"wp","href":"https:\/\/api.w.org\/{rel}","templated":true}]}}