{"id":6259,"date":"2023-07-11T14:03:14","date_gmt":"2023-07-11T12:03:14","guid":{"rendered":"https:\/\/bibliolingua.eu\/contactez-nous\/"},"modified":"2024-01-11T15:41:21","modified_gmt":"2024-01-11T14:41:21","slug":"contactez-nous","status":"publish","type":"page","link":"https:\/\/bibliolingua.eu\/fr\/contactez-nous\/","title":{"rendered":"Contactez-nous"},"content":{"rendered":"\n<p>Envie de nous contacter ? N&rsquo;h\u00e9sitez pas ! Que ce soit pour obtenir des informations ou devenir partenaire du projet, veuillez remplir le formulaire ci-dessous. Nous vous r\u00e9pondrons d\u00e8s que possible.<\/p>\n\n<div class=\"forminator-guttenberg\"><div class=\"forminator-ui forminator-custom-form forminator-custom-form-7915 forminator-design--flat  forminator_ajax\" data-forminator-render=\"0\" data-form=\"forminator-module-7915\" data-uid=\"69d941ceb458e\"><br\/><\/div><form\n\t\t\t\tid=\"forminator-module-7915\"\n\t\t\t\tclass=\"forminator-ui forminator-custom-form forminator-custom-form-7915 forminator-design--flat  forminator_ajax\"\n\t\t\t\tmethod=\"post\"\n\t\t\t\tdata-forminator-render=\"0\"\n\t\t\t\tdata-form-id=\"7915\"\n\t\t\t\t data-color-option=\"default\" data-design=\"flat\" data-grid=\"open\" style=\"display: none;\"\n\t\t\t\tdata-uid=\"69d941ceb458e\"\n\t\t\t><div role=\"alert\" aria-live=\"polite\" class=\"forminator-response-message forminator-error\" aria-hidden=\"true\"><\/div><div class=\"forminator-row\"><div id=\"text-1\" class=\"forminator-field-text forminator-col forminator-col-12 \"><div class=\"forminator-field\"><label for=\"forminator-field-text-1_69d941ceb458e\" id=\"forminator-field-text-1_69d941ceb458e-label\" class=\"forminator-label\">Nom<\/label><input type=\"text\" name=\"text-1\" value=\"\" placeholder=\"E.g. John Doe\" id=\"forminator-field-text-1_69d941ceb458e\" class=\"forminator-input forminator-name--field\" data-required=\"\" \/><\/div><\/div><\/div><div class=\"forminator-row\"><div id=\"email-1\" class=\"forminator-field-email forminator-col forminator-col-12 \"><div class=\"forminator-field\"><label for=\"forminator-field-email-1_69d941ceb458e\" id=\"forminator-field-email-1_69d941ceb458e-label\" class=\"forminator-label\">Adresse e-mail <span class=\"forminator-required\">*<\/span><\/label><input type=\"email\" name=\"email-1\" value=\"\" placeholder=\"E.g. john@doe.com\" id=\"forminator-field-email-1_69d941ceb458e\" class=\"forminator-input forminator-email--field\" data-required=\"true\" aria-required=\"true\" autocomplete=\"email\" \/><\/div><\/div><\/div><div class=\"forminator-row\"><div id=\"textarea-1\" class=\"forminator-field-textarea forminator-col forminator-col-12 \"><div class=\"forminator-field\"><label for=\"forminator-field-textarea-1_69d941ceb458e\" id=\"forminator-field-textarea-1_69d941ceb458e-label\" class=\"forminator-label\">Message<\/label><textarea name=\"textarea-1\" placeholder=\"Enter your message...\" id=\"forminator-field-textarea-1_69d941ceb458e\" class=\"forminator-textarea\" rows=\"6\" style=\"min-height:140px;\" maxlength=\"180\" ><\/textarea><span id=\"forminator-field-textarea-1_69d941ceb458e-description\" class=\"forminator-description\"><span data-limit=\"180\" data-type=\"characters\" data-editor=\"\">0 \/ 180<\/span><\/span><\/div><\/div><\/div><div class=\"forminator-row\"><div id=\"consent-1\" class=\"forminator-field-consent forminator-col forminator-col-12 \"><div class=\"forminator-field\"><div class=\"forminator-checkbox__wrapper\"><label id=\"forminator-field-consent-1_69d941ceb458e__label\" class=\"forminator-checkbox forminator-consent\"><input type=\"checkbox\" name=\"consent-1\" id=\"forminator-field-consent-1_69d941ceb458e\" value=\"checked\" aria-labelledby=\"forminator-field-consent-1_69d941ceb458e-label\" aria-describedby=\"forminator-field-consent-1_69d941ceb458e__description\" data-required=\"true\" aria-required=\"true\" \/><span class=\"forminator-checkbox-box\" aria-hidden=\"true\"><\/span><\/label><div id=\"forminator-field-consent-1_69d941ceb458e__description\" class=\"forminator-checkbox__label forminator-consent__label\"><p>J'accepte que ces donn\u00e9es puissent \u00eatre utilis\u00e9es par BiblioLingua pour me contacter.<\/p><\/div><\/div><\/div><\/div><\/div><input type=\"hidden\" name=\"referer_url\" value=\"\" \/><div class=\"forminator-row forminator-row-last\"><div class=\"forminator-col\"><div class=\"forminator-field\"><button class=\"forminator-button forminator-button-submit\">Envoyer le message<\/button><\/div><\/div><\/div><input type=\"hidden\" id=\"forminator_nonce\" name=\"forminator_nonce\" value=\"c5d97acdcb\" \/><input type=\"hidden\" name=\"_wp_http_referer\" value=\"\/fr\/wp-json\/wp\/v2\/pages\/6259\" \/><input type=\"hidden\" name=\"form_id\" value=\"7915\"><input type=\"hidden\" name=\"page_id\" value=\"6259\"><input type=\"hidden\" name=\"form_type\" value=\"default\"><input type=\"hidden\" name=\"current_url\" value=\"https:\/\/bibliolingua.eu\/fr\/contactez-nous\/\"><input type=\"hidden\" name=\"render_id\" value=\"0\"><input type=\"hidden\" name=\"action\" value=\"forminator_submit_form_custom-forms\"><label for=\"input_5\" class=\"forminator-hidden\" aria-hidden=\"true\">Veuillez ne pas remplir ce champ. <input id=\"input_5\" type=\"text\" name=\"input_5\" value=\"\" autocomplete=\"off\"><\/label><\/form><\/div>\n","protected":false},"excerpt":{"rendered":"<p>Envie de nous contacter ? N&rsquo;h\u00e9sitez pas ! Que ce soit pour obtenir des informations ou devenir partenaire du projet, veuillez remplir le formulaire ci-dessous. Nous vous r\u00e9pondrons d\u00e8s que possible.<\/p>\n","protected":false},"author":3,"featured_media":0,"parent":0,"menu_order":0,"comment_status":"closed","ping_status":"closed","template":"","meta":{"_acf_changed":false,"_et_pb_use_builder":"off","_et_pb_old_content":"","_et_gb_content_width":"","footnotes":""},"class_list":["post-6259","page","type-page","status-publish","hentry"],"acf":[],"_links":{"self":[{"href":"https:\/\/bibliolingua.eu\/fr\/wp-json\/wp\/v2\/pages\/6259","targetHints":{"allow":["GET"]}}],"collection":[{"href":"https:\/\/bibliolingua.eu\/fr\/wp-json\/wp\/v2\/pages"}],"about":[{"href":"https:\/\/bibliolingua.eu\/fr\/wp-json\/wp\/v2\/types\/page"}],"author":[{"embeddable":true,"href":"https:\/\/bibliolingua.eu\/fr\/wp-json\/wp\/v2\/users\/3"}],"replies":[{"embeddable":true,"href":"https:\/\/bibliolingua.eu\/fr\/wp-json\/wp\/v2\/comments?post=6259"}],"version-history":[{"count":9,"href":"https:\/\/bibliolingua.eu\/fr\/wp-json\/wp\/v2\/pages\/6259\/revisions"}],"predecessor-version":[{"id":7934,"href":"https:\/\/bibliolingua.eu\/fr\/wp-json\/wp\/v2\/pages\/6259\/revisions\/7934"}],"wp:attachment":[{"href":"https:\/\/bibliolingua.eu\/fr\/wp-json\/wp\/v2\/media?parent=6259"}],"curies":[{"name":"wp","href":"https:\/\/api.w.org\/{rel}","templated":true}]}}