{"id":6271,"date":"2023-04-27T11:15:12","date_gmt":"2023-04-27T09:15:12","guid":{"rendered":"https:\/\/bibliolingua.eu\/plans-de-cours\/"},"modified":"2024-10-22T18:31:20","modified_gmt":"2024-10-22T16:31:20","slug":"plans-de-cours","status":"publish","type":"page","link":"https:\/\/bibliolingua.eu\/fr\/plans-de-cours\/","title":{"rendered":"Plans de cours"},"content":{"rendered":"<p>[et_pb_section fb_built=\u00a0\u00bb1&Prime; _builder_version=\u00a0\u00bb4.20.2&Prime; _module_preset=\u00a0\u00bbdefault\u00a0\u00bb background_color=\u00a0\u00bb#0C71C3&Prime; custom_padding=\u00a0\u00bb50px||50px||true|false\u00a0\u00bb global_colors_info=\u00a0\u00bb{}\u00a0\u00bb theme_builder_area=\u00a0\u00bbet_body_layout\u00a0\u00bb][et_pb_row _builder_version=\u00a0\u00bb4.20.2&Prime; _module_preset=\u00a0\u00bbdefault\u00a0\u00bb custom_padding=\u00a0\u00bb0px||0px||true|false\u00a0\u00bb global_colors_info=\u00a0\u00bb{}\u00a0\u00bb theme_builder_area=\u00a0\u00bbet_body_layout\u00a0\u00bb][et_pb_column type=\u00a0\u00bb4_4&Prime; _builder_version=\u00a0\u00bb4.20.2&Prime; _module_preset=\u00a0\u00bbdefault\u00a0\u00bb global_colors_info=\u00a0\u00bb{}\u00a0\u00bb theme_builder_area=\u00a0\u00bbet_body_layout\u00a0\u00bb][et_pb_text _builder_version=\u00a0\u00bb4.20.2&Prime; _dynamic_attributes=\u00a0\u00bbcontent\u00a0\u00bb _module_preset=\u00a0\u00bb8bb535d0-67f5-4977-8fda-512a67174802&Prime; text_orientation=\u00a0\u00bbcenter\u00a0\u00bb background_layout=\u00a0\u00bbdark\u00a0\u00bb global_colors_info=\u00a0\u00bb{}\u00a0\u00bb theme_builder_area=\u00a0\u00bbet_body_layout\u00a0\u00bb]@ET-DC@eyJkeW5hbWljIjp0cnVlLCJjb250ZW50IjoicG9zdF90aXRsZSIsInNldHRpbmdzIjp7ImJlZm9yZSI6IjxoMT4iLCJhZnRlciI6IjxcL2gxPiJ9fQ==@[\/et_pb_text][\/et_pb_column][\/et_pb_row][et_pb_row _builder_version=\u00a0\u00bb4.24.2&Prime; _module_preset=\u00a0\u00bbdefault\u00a0\u00bb background_color=\u00a0\u00bbRGBA(255,255,255,0)\u00a0\u00bb max_width=\u00a0\u00bb500px\u00a0\u00bb custom_margin=\u00a0\u00bb50px||||false|false\u00a0\u00bb custom_padding=\u00a0\u00bb||||true|true\u00a0\u00bb hover_enabled=\u00a0\u00bb0&Prime; border_radii=\u00a0\u00bbon|20px|20px|20px|20px\u00a0\u00bb global_colors_info=\u00a0\u00bb{}\u00a0\u00bb theme_builder_area=\u00a0\u00bbet_body_layout\u00a0\u00bb sticky_enabled=\u00a0\u00bb0&Prime;][et_pb_column type=\u00a0\u00bb4_4&Prime; _builder_version=\u00a0\u00bb4.20.2&Prime; _module_preset=\u00a0\u00bbdefault\u00a0\u00bb global_colors_info=\u00a0\u00bb{}\u00a0\u00bb theme_builder_area=\u00a0\u00bbet_body_layout\u00a0\u00bb][et_pb_text _builder_version=\u00a0\u00bb4.24.2&Prime; _module_preset=\u00a0\u00bbdefault\u00a0\u00bb theme_builder_area=\u00a0\u00bbet_body_layout\u00a0\u00bb hover_enabled=\u00a0\u00bb0&Prime; sticky_enabled=\u00a0\u00bb0&Prime; background_layout=\u00a0\u00bbdark\u00a0\u00bb]<\/p>\n<p>En plus des plans de cours disponibles dans la biblioth\u00e8que d&rsquo;ebooks, vous pouvez t\u00e9l\u00e9charger d&rsquo;autres exemples ici.<\/p>\n<p>[\/et_pb_text][et_pb_code _builder_version=\u00a0\u00bb4.24.2&Prime; _module_preset=\u00a0\u00bbdefault\u00a0\u00bb theme_builder_area=\u00a0\u00bbet_body_layout\u00a0\u00bb hover_enabled=\u00a0\u00bb0&Prime; sticky_enabled=\u00a0\u00bb0&Prime; custom_margin=\u00a0\u00bb50px||||false|false\u00a0\u00bb]<a class=\"book\" href=\"\/wp-content\/uploads\/2024\/10\/bibliolingua-lesson-plan-level1-FR-1.pdf\" target=\"_blank\" rel=\"noopener\"><!-- [et_pb_line_break_holder] --><\/p>\n<div class=\"book__level\">Niveau 1<\/div>\n<p><!-- [et_pb_line_break_holder] --><button class=\"book__btn button\">T\u00e9l\u00e9charger<\/button><!-- [et_pb_line_break_holder] --><\/a><!-- [et_pb_line_break_holder] --><a class=\"book\" href=\"\/wp-content\/uploads\/2024\/10\/bibliolingua-lesson-plan-level2-FR-2.pdf\" target=\"_blank\" rel=\"noopener\"><!-- [et_pb_line_break_holder] --><\/p>\n<div class=\"book__level\">Niveau 2<\/div>\n<p><!-- [et_pb_line_break_holder] --><button class=\"book__btn button\">T\u00e9l\u00e9charger<\/button><!-- [et_pb_line_break_holder] --><\/a><!-- [et_pb_line_break_holder] --><a class=\"book\" href=\"\/wp-content\/uploads\/2024\/10\/bibliolingua-lesson-plan-level3-FR-1.pdf\" target=\"_blank\" rel=\"noopener\"><!-- [et_pb_line_break_holder] --><\/p>\n<div class=\"book__level\">Niveau 3<\/div>\n<p><!-- [et_pb_line_break_holder] --><button class=\"book__btn button\">T\u00e9l\u00e9charger<\/button><!-- [et_pb_line_break_holder] --><\/a>[\/et_pb_code][\/et_pb_column][\/et_pb_row][\/et_pb_section]<\/p>\n","protected":false},"excerpt":{"rendered":"<p>En plus des plans de cours disponibles dans la biblioth\u00e8que d&rsquo;ebooks, vous pouvez t\u00e9l\u00e9charger d&rsquo;autres exemples ici.<\/p>\n","protected":false},"author":3,"featured_media":0,"parent":0,"menu_order":0,"comment_status":"closed","ping_status":"closed","template":"","meta":{"_acf_changed":false,"_et_pb_use_builder":"on","_et_pb_old_content":"","_et_gb_content_width":"","footnotes":""},"class_list":["post-6271","page","type-page","status-publish","hentry"],"acf":[],"_links":{"self":[{"href":"https:\/\/bibliolingua.eu\/fr\/wp-json\/wp\/v2\/pages\/6271","targetHints":{"allow":["GET"]}}],"collection":[{"href":"https:\/\/bibliolingua.eu\/fr\/wp-json\/wp\/v2\/pages"}],"about":[{"href":"https:\/\/bibliolingua.eu\/fr\/wp-json\/wp\/v2\/types\/page"}],"author":[{"embeddable":true,"href":"https:\/\/bibliolingua.eu\/fr\/wp-json\/wp\/v2\/users\/3"}],"replies":[{"embeddable":true,"href":"https:\/\/bibliolingua.eu\/fr\/wp-json\/wp\/v2\/comments?post=6271"}],"version-history":[{"count":14,"href":"https:\/\/bibliolingua.eu\/fr\/wp-json\/wp\/v2\/pages\/6271\/revisions"}],"predecessor-version":[{"id":11290,"href":"https:\/\/bibliolingua.eu\/fr\/wp-json\/wp\/v2\/pages\/6271\/revisions\/11290"}],"wp:attachment":[{"href":"https:\/\/bibliolingua.eu\/fr\/wp-json\/wp\/v2\/media?parent=6271"}],"curies":[{"name":"wp","href":"https:\/\/api.w.org\/{rel}","templated":true}]}}