{"id":6283,"date":"2023-06-21T12:00:04","date_gmt":"2023-06-21T10:00:04","guid":{"rendered":"https:\/\/bibliolingua.eu\/menzioni-legali\/"},"modified":"2023-10-26T11:03:50","modified_gmt":"2023-10-26T09:03:50","slug":"menzioni-legali","status":"publish","type":"page","link":"https:\/\/bibliolingua.eu\/it\/menzioni-legali\/","title":{"rendered":"Menzioni legali"},"content":{"rendered":"\n<p>In conformit\u00e0 con le disposizioni delle clausole 6-III e 19 della legge francese sulla fiducia nell&#8217;economia digitale (loi pour la Confiance dans l\u2019\u00c9conomie Num\u00e9rique), con la presente vi informiamo che:<\/p>\n\n<h2 class=\"wp-block-heading\">Hosting<\/h2>\n\n<p>Infomaniak Network SA<br\/>Rue Eug\u00e8ne Marziano 25 \u2013 1227 Les Acacias \/ Geneva \u2013 SVIZZERA<br\/>Tel.: <a href=\"tel:+41%2022%20820%2035%2044\" target=\"_blank\" rel=\"noreferrer noopener\">+41 22 820 35 44<\/a><br\/>Email: <a href=\"mailto:contact@infomaniak.com\" target=\"_blank\" rel=\"noreferrer noopener\">contact@infomaniak.com<\/a><br\/>Sito web: <a href=\"https:\/\/www.infomaniak.com\/\" target=\"_blank\" rel=\"noreferrer noopener\">https:\/\/www.infomaniak.com\/<\/a><\/p>\n\n<h2 class=\"wp-block-heading\">Editore<\/h2>\n\n<p>Questo sito web \u00e8 pubblicato da Les Apprimeurs e dal partenariato del progetto BiblioLingua Erasmus+. Le informazioni relative al gestore della pubblicazione sono state trasmesse alla societ\u00e0 ospitante in conformit\u00e0 alla legge.<\/p>\n\n<h2 class=\"wp-block-heading\">Progetto BiblioLingua<\/h2>\n\n<p>Questo progetto \u00e8 stato finanziato dall&#8217;Unione Europea. Il sostegno della Commissione Europea alla produzione di questa pubblicazione non costituisce un\u2019approvazione dei contenuti, che riflettono esclusivamente il punto di vista degli autori, e la Commissione non pu\u00f2 essere ritenuta responsabile per qualsiasi uso che possa essere fatto delle informazioni in essa contenute.<\/p>\n\n<h2 class=\"wp-block-heading\">Dati personali<\/h2>\n\n<p>I dati raccolti da questo sito non saranno mai venduti o trasmessi a terzi e saranno utilizzati da noi con la massima discrezione, solo per lo scopo per il quale ci hai fornito questi dati. In nessun caso utilizzeremo i tuoi dati per scopi diversi da quelli chiaramente indicati quando ce li hai forniti.<\/p>\n\n<p>Quando visiti questo sito web possono essere raccolti dati di connessione (ad esempio indirizzo IP, log di connessione). Navigando su questo sito acconsenti a trasmetterceli.<\/p>\n\n<p>I dati che invierai esplicitamente tramite la pagina dei contatti di questo sito Web tramite moduli verranno utilizzati solo a fini di risposta. Tutte le informazioni inviate tramite questi moduli verranno cancellate entro e non oltre 3 anni dalla loro trasmissione.<\/p>\n\n<p>Inoltre, l&#8217;indirizzo email che potresti fornirci per testare le nostre risorse o partecipare al progetto BiblioLingua nella Home page di questo sito verr\u00e0 utilizzato solo per inviarti informazioni sul progetto in corso. Puoi annullare l&#8217;iscrizione in qualsiasi momento inviandoci un&#8217;e-mail a <a rel=\"noreferrer noopener\" href=\"mailto:contact@lesapprimeurs.com\" target=\"_blank\">contact@lesapprimeurs.com<\/a><\/p>\n\n<p>I dati trasmessi su questo sito web sono accessibili solo ai relativi servizi interni, vale a dire:<\/p>\n\n<ul class=\"wp-block-list\">\n<li>Per gli indirizzi IP, i log e tutti i dati di connessione solo gli amministratori del sito web.<\/li>\n\n\n\n<li>Per le email trasmesse per la lista Unisciti a noi, solo gli amministratori del sito.<\/li>\n\n\n\n<li>Per le informazioni trasmesse tramite il modulo di contatto, solo il partner pertinente della lingua selezionata.<\/li>\n\n\n\n<li>Per qualsiasi domanda relativa alla protezione, alla sicurezza e all&#8217;uso dei dati personali, vi preghiamo di contattarci all&#8217;indirizzo email <a href=\"mailto:contact@lesapprimeurs.com\" target=\"_blank\" rel=\"noreferrer noopener\">contact@lesapprimeurs.com<\/a>.<\/li>\n<\/ul>\n\n<p>Hai il diritto in qualsiasi momento di richiedere la cancellazione di parte o di tutti i dati personali che ti riguardano inviando un&#8217;e-mail a <a rel=\"noreferrer noopener\" href=\"mailto:contact@lesapprimeurs.com\" target=\"_blank\">contact@lesapprimeurs.com<\/a>.<\/p>\n\n<p>Se la risposta non \u00e8 soddisfacente, puoi presentare un reclamo alla Commissione Nazionale dell&#8217;Informatica e delle Libert\u00e0 (CNIL): <a rel=\"noreferrer noopener\" href=\"https:\/\/www.cnil.fr\/fr\/plaintes\" target=\"_blank\">https:\/\/www.cnil.fr\/fr\/plaintes<\/a>.<\/p>\n\n<p>Qualsiasi controversia relativa all&#8217;utilizzo del Sito sar\u00e0 soggetta alla legge francese. I visitatori del sito web riconoscono e accettano la giurisdizione esclusiva dei tribunali competenti che ricadono sotto la giurisdizione della Corte d&#8217;appello di Parigi (Cour d&#8217;appel de Paris).<\/p>\n\n<h2 class=\"wp-block-heading\">Crediti<\/h2>\n\n<p>Homepage \u2013 Adolescente con smartphone: <a rel=\"noreferrer noopener\" href=\"https:\/\/www.freepik.com\" target=\"_blank\">Immagine di stories \/ Freepik<\/a><\/p>\n\n<p>Blog \u2013 \u201cVantaggi cognitivi del bilinguismo: i molteplici vantaggi di parlare pi\u00f9 lingue\u201d: <a href=\"https:\/\/www.freepik.com\/free-vector\/diverse-multilingual-people-group-saying-hello_25917823.htm\" target=\"_blank\" rel=\"noreferrer noopener\">Immagine di upklyak \/ Freepik<\/a><\/p>\n\n<p>Blog \u2013 \u201cNarrazione e apprendimento delle lingue\u201d: <a rel=\"noreferrer noopener\" href=\"https:\/\/unsplash.com\/fr\/@aaronburden?utm_source=unsplash&amp;utm_medium=referral&amp;utm_content=creditCopyText\" target=\"_blank\">Immagine di Aaron Burden \/ Unsplash<\/a><\/p>\n\n<p>Blog \u2013 \u201cLettura funzionale e le sue pratiche\u201d:<a href=\"https:\/\/unsplash.com\/fr\/@jeshoots\" data-type=\"link\" data-id=\"https:\/\/unsplash.com\/fr\/@jeshoots\" target=\"_blank\" rel=\"noreferrer noopener\">Immagine di JESHOOTS.COM \/ UnsplashPhoto<\/a><\/p>\n","protected":false},"excerpt":{"rendered":"<p>In conformit\u00e0 con le disposizioni delle clausole 6-III e 19 della legge francese sulla fiducia nell&#8217;economia digitale (loi pour la Confiance dans l\u2019\u00c9conomie Num\u00e9rique), con la presente vi informiamo che: Hosting Infomaniak Network SARue Eug\u00e8ne Marziano 25 \u2013 1227 Les Acacias \/ Geneva \u2013 SVIZZERATel.: +41 22 820 35 44Email: contact@infomaniak.comSito web: https:\/\/www.infomaniak.com\/ Editore Questo [&hellip;]<\/p>\n","protected":false},"author":3,"featured_media":0,"parent":0,"menu_order":0,"comment_status":"closed","ping_status":"closed","template":"","meta":{"_acf_changed":false,"_et_pb_use_builder":"off","_et_pb_old_content":"","_et_gb_content_width":"","footnotes":""},"class_list":["post-6283","page","type-page","status-publish","hentry"],"acf":[],"_links":{"self":[{"href":"https:\/\/bibliolingua.eu\/it\/wp-json\/wp\/v2\/pages\/6283","targetHints":{"allow":["GET"]}}],"collection":[{"href":"https:\/\/bibliolingua.eu\/it\/wp-json\/wp\/v2\/pages"}],"about":[{"href":"https:\/\/bibliolingua.eu\/it\/wp-json\/wp\/v2\/types\/page"}],"author":[{"embeddable":true,"href":"https:\/\/bibliolingua.eu\/it\/wp-json\/wp\/v2\/users\/3"}],"replies":[{"embeddable":true,"href":"https:\/\/bibliolingua.eu\/it\/wp-json\/wp\/v2\/comments?post=6283"}],"version-history":[{"count":1,"href":"https:\/\/bibliolingua.eu\/it\/wp-json\/wp\/v2\/pages\/6283\/revisions"}],"predecessor-version":[{"id":6284,"href":"https:\/\/bibliolingua.eu\/it\/wp-json\/wp\/v2\/pages\/6283\/revisions\/6284"}],"wp:attachment":[{"href":"https:\/\/bibliolingua.eu\/it\/wp-json\/wp\/v2\/media?parent=6283"}],"curies":[{"name":"wp","href":"https:\/\/api.w.org\/{rel}","templated":true}]}}