{"id":6249,"date":"2023-06-21T11:26:25","date_gmt":"2023-06-21T09:26:25","guid":{"rendered":"https:\/\/bibliolingua.eu\/projekt\/"},"modified":"2024-01-11T13:50:05","modified_gmt":"2024-01-11T12:50:05","slug":"projekt","status":"publish","type":"page","link":"https:\/\/bibliolingua.eu\/sk\/projekt\/","title":{"rendered":"Projekt"},"content":{"rendered":"\n<p><strong>Cie\u013eom projektu BiblioLingua (projekt 2023-2025) je navrhn\u00fa\u0165 ponuku adaptovan\u00e9ho \u010d\u00edtania prepojen\u00edm osvojovania si druh\u00e9ho jazyka s propag\u00e1ciou eur\u00f3pskej literat\u00fary a dedi\u010dstva. T\u00e1to ponuka je ur\u010den\u00e1 \u017eiakom ni\u017e\u0161ieho stredn\u00e9ho vzdel\u00e1vania a u\u010dite\u013eom.<\/strong><\/p>\n\n<p>Pripravovan\u00e1 zbierka pozost\u00e1va zo 17. e-kn\u00edh s r\u00f4znymi \u00farov\u0148ami \u010d\u00edtania.<\/p>\n\n<p>Aby sme na\u0161u ponuku \u010do najlep\u0161ie prisp\u00f4sobili potreb\u00e1m \u017eiakov a u\u010dite\u013eov, spr\u00edstupn\u00edme s\u00favisiace pedagogick\u00e9 dokumenty. Tieto dokumenty bud\u00fa pozost\u00e1va\u0165 z pl\u00e1nov hod\u00edn pre u\u010dite\u013eov a pedagogick\u00fdch spisov pre \u0161tudentov.<\/p>\n\n<p>Okrem toho je cie\u013eom tohto projektu poskytn\u00fa\u0165 platformu, na ktorej bud\u00fa v\u0161etky zdroje vytvoren\u00e9 v r\u00e1mci projektu pr\u00edstupn\u00e9 bezplatne pre ka\u017ed\u00e9ho.<\/p>\n\n<p>Tento projekt zdru\u017euje 6 eur\u00f3pskych partnerov :<\/p>\n\n<ul class=\"wp-block-list\">\n<li>LogoPsyCom (koordin\u00e1tor), belgick\u00e1 spolo\u010dnos\u0165 \u0161pecializuj\u00faca sa na poruchy u\u010denia<\/li>\n\n\n\n<li>Les Apprimeurs, franc\u00fazska digit\u00e1lna agent\u00fara \u0161pecializuj\u00faca sa na implement\u00e1ciu inovat\u00edvnych rie\u0161en\u00ed, ktor\u00e9 podporuj\u00fa pr\u00edstup k z\u00e1kladn\u00fdm znalostiam<\/li>\n\n\n\n<li>In\u0161tit\u00fat pre nepo\u010duj\u00facich v Tur\u00edne v Taliansku, ktor\u00fd okrem in\u00e9ho pracuje s nepo\u010duj\u00facimi migrantmi.<\/li>\n\n\n\n<li>Babel Idiomas, s\u00fakromn\u00e9 \u0161koliace a jazykov\u00e9 vzdel\u00e1vacie centrum pre u\u010dite\u013eov v Malage (\u0160panielsko).<\/li>\n\n\n\n<li>Tartu Raatuse Kool, z\u00e1kladn\u00e1 \u0161kola v Est\u00f3nsku, ktor\u00e1 vyu\u017e\u00edva modern\u00e9 met\u00f3dy vyu\u010dovania.<\/li>\n\n\n\n<li>Z\u00e1kladn\u00e1 \u0161kola \u0160kult\u00e9tyho 1 Nitra je slovensk\u00e1 \u0161kola, ktor\u00e1 pon\u00faka z\u00e1kladn\u00e9 a ni\u017e\u0161ie stredn\u00e9 vzdel\u00e1vanie.<\/li>\n<\/ul>\n\n<p>BiblioLingua je financovan\u00e1 v r\u00e1mci programu Erasmus+.<br\/>V\u0161etky materi\u00e1ly vytvoren\u00fd po\u010das projektu bud\u00fa vo\u013ene pr\u00edstupn\u00e9.<br\/>\u010c\u00edslo projektu : 2022-2-BE01-KA220-SCH-000096799<\/p>\n","protected":false},"excerpt":{"rendered":"<p>Cie\u013eom projektu BiblioLingua (projekt 2023-2025) je navrhn\u00fa\u0165 ponuku adaptovan\u00e9ho \u010d\u00edtania prepojen\u00edm osvojovania si druh\u00e9ho jazyka s propag\u00e1ciou eur\u00f3pskej literat\u00fary a dedi\u010dstva. T\u00e1to ponuka je ur\u010den\u00e1 \u017eiakom ni\u017e\u0161ieho stredn\u00e9ho vzdel\u00e1vania a u\u010dite\u013eom. Pripravovan\u00e1 zbierka pozost\u00e1va zo 17. e-kn\u00edh s r\u00f4znymi \u00farov\u0148ami \u010d\u00edtania. Aby sme na\u0161u ponuku \u010do najlep\u0161ie prisp\u00f4sobili potreb\u00e1m \u017eiakov a u\u010dite\u013eov, spr\u00edstupn\u00edme s\u00favisiace pedagogick\u00e9 [&hellip;]<\/p>\n","protected":false},"author":3,"featured_media":0,"parent":0,"menu_order":0,"comment_status":"closed","ping_status":"closed","template":"","meta":{"_acf_changed":false,"_et_pb_use_builder":"off","_et_pb_old_content":"","_et_gb_content_width":"","footnotes":""},"class_list":["post-6249","page","type-page","status-publish","hentry"],"acf":[],"_links":{"self":[{"href":"https:\/\/bibliolingua.eu\/sk\/wp-json\/wp\/v2\/pages\/6249","targetHints":{"allow":["GET"]}}],"collection":[{"href":"https:\/\/bibliolingua.eu\/sk\/wp-json\/wp\/v2\/pages"}],"about":[{"href":"https:\/\/bibliolingua.eu\/sk\/wp-json\/wp\/v2\/types\/page"}],"author":[{"embeddable":true,"href":"https:\/\/bibliolingua.eu\/sk\/wp-json\/wp\/v2\/users\/3"}],"replies":[{"embeddable":true,"href":"https:\/\/bibliolingua.eu\/sk\/wp-json\/wp\/v2\/comments?post=6249"}],"version-history":[{"count":3,"href":"https:\/\/bibliolingua.eu\/sk\/wp-json\/wp\/v2\/pages\/6249\/revisions"}],"predecessor-version":[{"id":7911,"href":"https:\/\/bibliolingua.eu\/sk\/wp-json\/wp\/v2\/pages\/6249\/revisions\/7911"}],"wp:attachment":[{"href":"https:\/\/bibliolingua.eu\/sk\/wp-json\/wp\/v2\/media?parent=6249"}],"curies":[{"name":"wp","href":"https:\/\/api.w.org\/{rel}","templated":true}]}}