{"id":6257,"date":"2023-06-21T11:41:14","date_gmt":"2023-06-21T09:41:14","guid":{"rendered":"https:\/\/bibliolingua.eu\/partneri\/"},"modified":"2024-11-05T15:04:12","modified_gmt":"2024-11-05T14:04:12","slug":"partneri","status":"publish","type":"page","link":"https:\/\/bibliolingua.eu\/sk\/partneri\/","title":{"rendered":"Partneri"},"content":{"rendered":"\n<div class=\"wp-block-columns is-layout-flex wp-container-core-columns-is-layout-9d6595d7 wp-block-columns-is-layout-flex\">\n<div class=\"wp-block-column is-layout-flow wp-block-column-is-layout-flow\" style=\"flex-basis:10%\">\n<div class=\"flag flagBE\"><\/div>\n<\/div>\n\n\n\n<div class=\"wp-block-column is-layout-flow wp-block-column-is-layout-flow\" style=\"flex-basis:90%\">\n<h2 class=\"wp-block-heading\">LogoPsyCom<\/h2>\n\n\n\n<p>Belgicko<\/p>\n<\/div>\n<\/div>\n\n<div style=\"height:30px\" aria-hidden=\"true\" class=\"wp-block-spacer\"><\/div>\n\n<p>Logopsychom je vzdel\u00e1vacie inova\u010dn\u00e9 centrum, ktor\u00e9 vytv\u00e1ra a vyu\u017e\u00edva alternat\u00edvne met\u00f3dy a n\u00e1stroje (nielen digit\u00e1lne) na sprev\u00e1dzanie \u0161k\u00f4l, vzdel\u00e1vac\u00edch organiz\u00e1ci\u00ed ml\u00e1de\u017ee a rodi\u010dov. P\u00f4vodne bolo vytvoren\u00e9 ako opatrovate\u013esk\u00e1 spolo\u010dnos\u0165, ktor\u00e1 sa \u0161pecializuje na poruchy u\u010denia medzi ml\u00e1de\u017eou, najm\u00e4 na &#8222;dys&#8220; (dyspraxia, dysf\u00e1zia, dyslexia at\u010f.), tie\u017e naz\u00fdvan\u00e9 \u0161peci\u00e1lne v\u00fdchovno-vzdel\u00e1vacie potreby (\u0160VVP), a preto v\u017edy pracuje na dostupnosti obsahu.<\/p>\n\n<a href=\"https:\/\/logopsycom.com\/\" class=\"partnerButton\" target=\"_blank\" rel=\"noopener\"><img decoding=\"async\" src=\"https:\/\/bibliolingua.eu\/wp-content\/uploads\/2023\/04\/web.png\" width=\"26px\"\/><\/a>\n<a href=\"https:\/\/www.facebook.com\/Logopsycom\/\" class=\"partnerButton\" target=\"_blank\" rel=\"noopener\"><img decoding=\"async\" src=\"https:\/\/bibliolingua.eu\/wp-content\/uploads\/2023\/04\/fb.png\" width=\"12px\"\/><\/a>\n\n<div style=\"height:60px\" aria-hidden=\"true\" class=\"wp-block-spacer\"><\/div>\n\n<div class=\"wp-block-columns is-layout-flex wp-container-core-columns-is-layout-9d6595d7 wp-block-columns-is-layout-flex\">\n<div class=\"wp-block-column is-layout-flow wp-block-column-is-layout-flow\" style=\"flex-basis:10%\">\n<div class=\"flag flagET\"><\/div>\n<\/div>\n\n\n\n<div class=\"wp-block-column is-layout-flow wp-block-column-is-layout-flow\" style=\"flex-basis:90%\">\n<h2 class=\"wp-block-heading\">Tartu Raatuse Kool<\/h2>\n\n\n\n<p>Est\u00f3nsko<\/p>\n<\/div>\n<\/div>\n\n<div style=\"height:30px\" aria-hidden=\"true\" class=\"wp-block-spacer\"><\/div>\n\n<p>Tartu Raatuse je z\u00e1kladn\u00e1 \u0161kola v Est\u00f3nsku, ktor\u00e1 vyu\u017e\u00edva modern\u00e9 vyu\u010dovacie met\u00f3dy, ako napr\u00edklad nepou\u017e\u00edvanie tradi\u010dn\u00e9ho syst\u00e9mu hodnotenia zn\u00e1mkami v 1.-6. ro\u010dn\u00edku. \u0160kola u\u017e m\u00e1 sk\u00fasenosti, ktor\u00fdmi sa zaober\u00e1 aj projekt BiblioLingua &#8211; sp\u00e1ja r\u00f4zne oblasti jazykov\u00e9ho vzdel\u00e1vania s propag\u00e1ciou eur\u00f3pskej literat\u00fary a dedi\u010dstva. Mottom \u0161koly je &#8222;Nevyu\u010dujeme u\u010debn\u00e9 osnovy ani predmety, ale \u0161tudentov!&#8220;<\/p>\n\n<a href=\"https:\/\/raatuse.tartu.ee\/en\/\" class=\"partnerButton\" target=\"_blank\" rel=\"noopener\"><img decoding=\"async\" src=\"https:\/\/bibliolingua.eu\/wp-content\/uploads\/2023\/04\/web.png\" width=\"26px\"\/><\/a>\n<a href=\"https:\/\/www.facebook.com\/people\/Tartu-Raatuse-Kool\/100057033176530\/\" class=\"partnerButton\" target=\"_blank\" rel=\"noopener\"><img decoding=\"async\" src=\"https:\/\/bibliolingua.eu\/wp-content\/uploads\/2023\/04\/fb.png\" width=\"12px\"\/><\/a>\n\n<div style=\"height:60px\" aria-hidden=\"true\" class=\"wp-block-spacer\"><\/div>\n\n<div class=\"wp-block-columns is-layout-flex wp-container-core-columns-is-layout-9d6595d7 wp-block-columns-is-layout-flex\">\n<div class=\"wp-block-column is-layout-flow wp-block-column-is-layout-flow\" style=\"flex-basis:10%\">\n<div class=\"flag flagIT\"><\/div>\n<\/div>\n\n\n\n<div class=\"wp-block-column is-layout-flow wp-block-column-is-layout-flow\" style=\"flex-basis:90%\">\n<h2 class=\"wp-block-heading\">Istituto dei Sordi di Torino<\/h2>\n\n\n\n<p>Taliansko<\/p>\n<\/div>\n<\/div>\n\n<div style=\"height:30px\" aria-hidden=\"true\" class=\"wp-block-spacer\"><\/div>\n\n<p>Instituto dei Sordi je jednou z najstar\u0161\u00edch \u0161k\u00f4l pre nepo\u010duj\u00facich v Taliansku. Bola zalo\u017een\u00e1 v roku 1814 a spolupracuje s pribli\u017ene 250. nepo\u010duj\u00facimi \u0161tudentmi od matersk\u00fdch \u0161k\u00f4l a\u017e po univerzity.<\/p>\n\n<a href=\"http:\/\/www.istitutosorditorino.org\" class=\"partnerButton\" target=\"_blank\" rel=\"noopener\"><img decoding=\"async\" src=\"https:\/\/bibliolingua.eu\/wp-content\/uploads\/2023\/04\/web.png\" width=\"26px\"\/><\/a>\n<a href=\"https:\/\/www.facebook.com\/Istituto-dei-Sordi-di-Torino-148350511989647\/\" class=\"partnerButton\" target=\"_blank\" rel=\"noopener\"><img decoding=\"async\" src=\"https:\/\/bibliolingua.eu\/wp-content\/uploads\/2023\/04\/fb.png\" width=\"12px\"\/><\/a>\n\n<div style=\"height:60px\" aria-hidden=\"true\" class=\"wp-block-spacer\"><\/div>\n\n<div class=\"wp-block-columns is-layout-flex wp-container-core-columns-is-layout-9d6595d7 wp-block-columns-is-layout-flex\">\n<div class=\"wp-block-column is-layout-flow wp-block-column-is-layout-flow\" style=\"flex-basis:10%\">\n<div class=\"flag flagES\"><\/div>\n<\/div>\n\n\n\n<div class=\"wp-block-column is-layout-flow wp-block-column-is-layout-flow\" style=\"flex-basis:90%\">\n<h2 class=\"wp-block-heading\">Babel Idioma y Cultura S.L.<\/h2>\n\n\n\n<p>\u0160panielsko<\/p>\n<\/div>\n<\/div>\n\n<div style=\"height:30px\" aria-hidden=\"true\" class=\"wp-block-spacer\"><\/div>\n\n<p>Babel Idiomas je s\u00fakromn\u00e9 \u0161koliace a vzdel\u00e1vacie centrum pre u\u010dite\u013eov v Malage (\u0160panielsko). Od roku 1999 poskytuje jazykov\u00e9 vzdel\u00e1vanie v angli\u010dtine, \u0161paniel\u010dine, nem\u010dine a franc\u00faz\u0161tine pre \u0161tudentov v\u0161etk\u00fdch vekov\u00fdch kateg\u00f3ri\u00ed a vzdelania. Okrem toho, \u017ee Babel Idiomas prev\u00e1dzkuje 2 jazykov\u00e9 centr\u00e1, vyu\u010duje aj v 3 miestnych \u0161kol\u00e1ch, kde pre svojich \u0161tudentov poskytuje nad\u0161tandardn\u00e9 kurzy angli\u010dtiny. Babel Idiomas m\u00e1 tie\u017e rad \u0161peci\u00e1lnych kurzov angli\u010dtiny, ktor\u00e9 s\u00fa prisp\u00f4soben\u00e9 \u0161tudentom s dyslexiou.<\/p>\n\n<a href=\"https:\/\/www.babelidiomas.es\/\" class=\"partnerButton\" target=\"_blank\" rel=\"noopener\"><img decoding=\"async\" src=\"https:\/\/bibliolingua.eu\/wp-content\/uploads\/2023\/04\/web.png\" width=\"26px\"\/><\/a>\n<a href=\"https:\/\/es-es.facebook.com\/BabelIdiomasMalaga\/\" class=\"partnerButton\" target=\"_blank\" rel=\"noopener\"><img decoding=\"async\" src=\"https:\/\/bibliolingua.eu\/wp-content\/uploads\/2023\/04\/fb.png\" width=\"12px\"\/><\/a>\n\n<div style=\"height:60px\" aria-hidden=\"true\" class=\"wp-block-spacer\"><\/div>\n\n<div class=\"wp-block-columns is-layout-flex wp-container-core-columns-is-layout-9d6595d7 wp-block-columns-is-layout-flex\">\n<div class=\"wp-block-column is-layout-flow wp-block-column-is-layout-flow\" style=\"flex-basis:10%\">\n<div class=\"flag flagFR\"><\/div>\n<\/div>\n\n\n\n<div class=\"wp-block-column is-layout-flow wp-block-column-is-layout-flow\" style=\"flex-basis:90%\">\n<h2 class=\"wp-block-heading\">Les Apprimeurs<\/h2>\n\n\n\n<p>Franc\u00fazsko<\/p>\n<\/div>\n<\/div>\n\n<div style=\"height:30px\" aria-hidden=\"true\" class=\"wp-block-spacer\"><\/div>\n\n<p>Les Apprimeurs je franc\u00fazska spolo\u010dnos\u0165 \u0161pecializuj\u00faca sa na vytv\u00e1ranie na mieru \u0161it\u00fdch digit\u00e1lnych rie\u0161en\u00ed pre sektory vzdel\u00e1vania, kult\u00fary a odbornej pr\u00edpravy.<\/p>\n\n<a href=\"https:\/\/lesapprimeurs.com\/\" class=\"partnerButton\" target=\"_blank\" rel=\"noopener\"><img decoding=\"async\" src=\"https:\/\/bibliolingua.eu\/wp-content\/uploads\/2023\/04\/web.png\" width=\"26px\"\/><\/a>\n<a href=\"https:\/\/www.facebook.com\/lesapprimeurs\/\" class=\"partnerButton\" target=\"_blank\" rel=\"noopener\"><img decoding=\"async\" src=\"https:\/\/bibliolingua.eu\/wp-content\/uploads\/2023\/04\/fb.png\" width=\"12px\"\/><\/a>\n\n<div style=\"height:60px\" aria-hidden=\"true\" class=\"wp-block-spacer\"><\/div>\n\n<div class=\"wp-block-columns is-layout-flex wp-container-core-columns-is-layout-9d6595d7 wp-block-columns-is-layout-flex\">\n<div class=\"wp-block-column is-layout-flow wp-block-column-is-layout-flow\" style=\"flex-basis:10%\">\n<div class=\"flag flagSK\"><\/div>\n<\/div>\n\n\n\n<div class=\"wp-block-column is-layout-flow wp-block-column-is-layout-flow\" style=\"flex-basis:90%\">\n<h2 class=\"wp-block-heading\">Zakladna skola, Skultetyho 1, Nitra<\/h2>\n\n\n\n<p>Slovensko<\/p>\n<\/div>\n<\/div>\n\n<div style=\"height:30px\" aria-hidden=\"true\" class=\"wp-block-spacer\"><\/div>\n\n<p>Z\u00e1kladn\u00e1 \u0161kola \u0160kult\u00e9tyho 1 Nitra, je slovensk\u00e1 \u0161kola, ktor\u00e1 pon\u00faka prim\u00e1rne a ni\u017e\u0161ie stredn\u00e9 vzdel\u00e1vanie. Zah\u0155\u0148a projektov\u00fa pr\u00e1cu a inovat\u00edvne met\u00f3dy v procese vyu\u010dovania a u\u010denia sa. \u017diaci z\u00e1kladnej \u0161koly sa u\u010dia anglick\u00fd jazyk od prvej triedy. U\u010dia sa aj in\u00e9 cudzie jazyky, ako s\u00fa nem\u010dina, \u0161paniel\u010dina a ru\u0161tina. \u0160kola sa zapojila do programu: Rozvoj environment\u00e1lnej gramotnosti a stala sa akt\u00edvnym \u010dlenom Eko\u0161koly.<\/p>\n\n<div style=\"height:10px\" aria-hidden=\"true\" class=\"wp-block-spacer\"><\/div>\n\n<a href=\"https:\/\/zsskultetyhonitra.edupage.org\/\" class=\"partnerButton\" target=\"_blank\" rel=\"noopener\"><img decoding=\"async\" src=\"https:\/\/bibliolingua.eu\/wp-content\/uploads\/2023\/04\/web.png\" width=\"26px\"\/><\/a>\n<a href=\"https:\/\/www.facebook.com\/people\/Z%C3%A1kladn%C3%A1-%C5%A1kola-%C5%A0kult%C3%A9tyho-1-Nitra\/100063775350908\/\" class=\"partnerButton\" target=\"_blank\" rel=\"noopener\"><img decoding=\"async\" src=\"https:\/\/bibliolingua.eu\/wp-content\/uploads\/2023\/04\/fb.png\" width=\"12px\"\/><\/a>\n","protected":false},"excerpt":{"rendered":"<p>LogoPsyCom Belgicko Logopsychom je vzdel\u00e1vacie inova\u010dn\u00e9 centrum, ktor\u00e9 vytv\u00e1ra a vyu\u017e\u00edva alternat\u00edvne met\u00f3dy a n\u00e1stroje (nielen digit\u00e1lne) na sprev\u00e1dzanie \u0161k\u00f4l, vzdel\u00e1vac\u00edch organiz\u00e1ci\u00ed ml\u00e1de\u017ee a rodi\u010dov. P\u00f4vodne bolo vytvoren\u00e9 ako opatrovate\u013esk\u00e1 spolo\u010dnos\u0165, ktor\u00e1 sa \u0161pecializuje na poruchy u\u010denia medzi ml\u00e1de\u017eou, najm\u00e4 na &#8222;dys&#8220; (dyspraxia, dysf\u00e1zia, dyslexia at\u010f.), tie\u017e naz\u00fdvan\u00e9 \u0161peci\u00e1lne v\u00fdchovno-vzdel\u00e1vacie potreby (\u0160VVP), a preto v\u017edy [&hellip;]<\/p>\n","protected":false},"author":3,"featured_media":0,"parent":0,"menu_order":0,"comment_status":"closed","ping_status":"closed","template":"","meta":{"_acf_changed":false,"_et_pb_use_builder":"off","_et_pb_old_content":"","_et_gb_content_width":"","footnotes":""},"class_list":["post-6257","page","type-page","status-publish","hentry"],"acf":[],"_links":{"self":[{"href":"https:\/\/bibliolingua.eu\/sk\/wp-json\/wp\/v2\/pages\/6257","targetHints":{"allow":["GET"]}}],"collection":[{"href":"https:\/\/bibliolingua.eu\/sk\/wp-json\/wp\/v2\/pages"}],"about":[{"href":"https:\/\/bibliolingua.eu\/sk\/wp-json\/wp\/v2\/types\/page"}],"author":[{"embeddable":true,"href":"https:\/\/bibliolingua.eu\/sk\/wp-json\/wp\/v2\/users\/3"}],"replies":[{"embeddable":true,"href":"https:\/\/bibliolingua.eu\/sk\/wp-json\/wp\/v2\/comments?post=6257"}],"version-history":[{"count":11,"href":"https:\/\/bibliolingua.eu\/sk\/wp-json\/wp\/v2\/pages\/6257\/revisions"}],"predecessor-version":[{"id":11816,"href":"https:\/\/bibliolingua.eu\/sk\/wp-json\/wp\/v2\/pages\/6257\/revisions\/11816"}],"wp:attachment":[{"href":"https:\/\/bibliolingua.eu\/sk\/wp-json\/wp\/v2\/media?parent=6257"}],"curies":[{"name":"wp","href":"https:\/\/api.w.org\/{rel}","templated":true}]}}