{"id":6265,"date":"2023-07-11T14:03:14","date_gmt":"2023-07-11T12:03:14","guid":{"rendered":"https:\/\/bibliolingua.eu\/kontaktujte-nas\/"},"modified":"2024-01-11T16:09:09","modified_gmt":"2024-01-11T15:09:09","slug":"kontaktujte-nas","status":"publish","type":"page","link":"https:\/\/bibliolingua.eu\/sk\/kontaktujte-nas\/","title":{"rendered":"Kontaktujte n\u00e1s"},"content":{"rendered":"\n<p>Chcete n\u00e1s kontaktova\u0165? Nev\u00e1hajte! \u010ci u\u017e ide o inform\u00e1ciu alebo o to, aby ste sa stali partnerom projektu, vypl\u0148te pros\u00edm ni\u017e\u0161ie uveden\u00fd formul\u00e1r. Odpovieme v\u00e1m \u010do najsk\u00f4r.<\/p>\n\n<div class=\"forminator-guttenberg\"><div class=\"forminator-ui forminator-custom-form forminator-custom-form-7938 forminator-design--flat  forminator_ajax\" data-forminator-render=\"0\" data-form=\"forminator-module-7938\" data-uid=\"69dc33390e559\"><br\/><\/div><form\n\t\t\t\tid=\"forminator-module-7938\"\n\t\t\t\tclass=\"forminator-ui forminator-custom-form forminator-custom-form-7938 forminator-design--flat  forminator_ajax\"\n\t\t\t\tmethod=\"post\"\n\t\t\t\tdata-forminator-render=\"0\"\n\t\t\t\tdata-form-id=\"7938\"\n\t\t\t\t data-color-option=\"default\" data-design=\"flat\" data-grid=\"open\" style=\"display: none;\"\n\t\t\t\tdata-uid=\"69dc33390e559\"\n\t\t\t><div role=\"alert\" aria-live=\"polite\" class=\"forminator-response-message forminator-error\" aria-hidden=\"true\"><\/div><div class=\"forminator-row\"><div id=\"text-1\" class=\"forminator-field-text forminator-col forminator-col-12 \"><div class=\"forminator-field\"><label for=\"forminator-field-text-1_69dc33390e559\" id=\"forminator-field-text-1_69dc33390e559-label\" class=\"forminator-label\">Meno<\/label><input type=\"text\" name=\"text-1\" value=\"\" placeholder=\"E.g. John Doe\" id=\"forminator-field-text-1_69dc33390e559\" class=\"forminator-input forminator-name--field\" data-required=\"\" \/><\/div><\/div><\/div><div class=\"forminator-row\"><div id=\"email-1\" class=\"forminator-field-email forminator-col forminator-col-12 \"><div class=\"forminator-field\"><label for=\"forminator-field-email-1_69dc33390e559\" id=\"forminator-field-email-1_69dc33390e559-label\" class=\"forminator-label\">E-mail <span class=\"forminator-required\">*<\/span><\/label><input type=\"email\" name=\"email-1\" value=\"\" placeholder=\"E.g. john@doe.com\" id=\"forminator-field-email-1_69dc33390e559\" class=\"forminator-input forminator-email--field\" data-required=\"true\" aria-required=\"true\" autocomplete=\"email\" \/><\/div><\/div><\/div><div class=\"forminator-row\"><div id=\"textarea-1\" class=\"forminator-field-textarea forminator-col forminator-col-12 \"><div class=\"forminator-field\"><label for=\"forminator-field-textarea-1_69dc33390e559\" id=\"forminator-field-textarea-1_69dc33390e559-label\" class=\"forminator-label\">Spr\u00e1va<\/label><textarea name=\"textarea-1\" placeholder=\"Enter your message...\" id=\"forminator-field-textarea-1_69dc33390e559\" class=\"forminator-textarea\" rows=\"6\" style=\"min-height:140px;\" maxlength=\"180\" ><\/textarea><span id=\"forminator-field-textarea-1_69dc33390e559-description\" class=\"forminator-description\"><span data-limit=\"180\" data-type=\"characters\" data-editor=\"\">0 \/ 180<\/span><\/span><\/div><\/div><\/div><div class=\"forminator-row\"><div id=\"consent-1\" class=\"forminator-field-consent forminator-col forminator-col-12 \"><div class=\"forminator-field\"><div class=\"forminator-checkbox__wrapper\"><label id=\"forminator-field-consent-1_69dc33390e559__label\" class=\"forminator-checkbox forminator-consent\"><input type=\"checkbox\" name=\"consent-1\" id=\"forminator-field-consent-1_69dc33390e559\" value=\"checked\" aria-labelledby=\"forminator-field-consent-1_69dc33390e559-label\" aria-describedby=\"forminator-field-consent-1_69dc33390e559__description\" data-required=\"true\" aria-required=\"true\" \/><span class=\"forminator-checkbox-box\" aria-hidden=\"true\"><\/span><\/label><div id=\"forminator-field-consent-1_69dc33390e559__description\" class=\"forminator-checkbox__label forminator-consent__label\"><p>S\u00fahlas\u00edm s t\u00fdm, \u017ee tieto \u00fadaje m\u00f4\u017eu by\u0165 pou\u017eit\u00e9 spolo\u010dnos\u0165ou BiblioLingua na to, aby ma kontaktovala.<\/p><\/div><\/div><\/div><\/div><\/div><input type=\"hidden\" name=\"referer_url\" value=\"\" \/><div class=\"forminator-row forminator-row-last\"><div class=\"forminator-col\"><div class=\"forminator-field\"><button class=\"forminator-button forminator-button-submit\">Odosla\u0165 spr&aacute;vu<\/button><\/div><\/div><\/div><input type=\"hidden\" id=\"forminator_nonce\" name=\"forminator_nonce\" value=\"e0fa4ce943\" \/><input type=\"hidden\" name=\"_wp_http_referer\" value=\"\/sk\/wp-json\/wp\/v2\/pages\/6265\" \/><input type=\"hidden\" name=\"form_id\" value=\"7938\"><input type=\"hidden\" name=\"page_id\" value=\"6265\"><input type=\"hidden\" name=\"form_type\" value=\"default\"><input type=\"hidden\" name=\"current_url\" value=\"https:\/\/bibliolingua.eu\/sk\/kontaktujte-nas\/\"><input type=\"hidden\" name=\"render_id\" value=\"0\"><input type=\"hidden\" name=\"action\" value=\"forminator_submit_form_custom-forms\"><label for=\"input_5\" class=\"forminator-hidden\" aria-hidden=\"true\">Please do not fill in this field. <input id=\"input_5\" type=\"text\" name=\"input_5\" value=\"\" autocomplete=\"off\"><\/label><\/form><\/div>\n","protected":false},"excerpt":{"rendered":"<p>Chcete n\u00e1s kontaktova\u0165? Nev\u00e1hajte! \u010ci u\u017e ide o inform\u00e1ciu alebo o to, aby ste sa stali partnerom projektu, vypl\u0148te pros\u00edm ni\u017e\u0161ie uveden\u00fd formul\u00e1r. Odpovieme v\u00e1m \u010do najsk\u00f4r.<\/p>\n","protected":false},"author":3,"featured_media":0,"parent":0,"menu_order":0,"comment_status":"closed","ping_status":"closed","template":"","meta":{"_acf_changed":false,"_et_pb_use_builder":"off","_et_pb_old_content":"","_et_gb_content_width":"","footnotes":""},"class_list":["post-6265","page","type-page","status-publish","hentry"],"acf":[],"_links":{"self":[{"href":"https:\/\/bibliolingua.eu\/sk\/wp-json\/wp\/v2\/pages\/6265","targetHints":{"allow":["GET"]}}],"collection":[{"href":"https:\/\/bibliolingua.eu\/sk\/wp-json\/wp\/v2\/pages"}],"about":[{"href":"https:\/\/bibliolingua.eu\/sk\/wp-json\/wp\/v2\/types\/page"}],"author":[{"embeddable":true,"href":"https:\/\/bibliolingua.eu\/sk\/wp-json\/wp\/v2\/users\/3"}],"replies":[{"embeddable":true,"href":"https:\/\/bibliolingua.eu\/sk\/wp-json\/wp\/v2\/comments?post=6265"}],"version-history":[{"count":5,"href":"https:\/\/bibliolingua.eu\/sk\/wp-json\/wp\/v2\/pages\/6265\/revisions"}],"predecessor-version":[{"id":7941,"href":"https:\/\/bibliolingua.eu\/sk\/wp-json\/wp\/v2\/pages\/6265\/revisions\/7941"}],"wp:attachment":[{"href":"https:\/\/bibliolingua.eu\/sk\/wp-json\/wp\/v2\/media?parent=6265"}],"curies":[{"name":"wp","href":"https:\/\/api.w.org\/{rel}","templated":true}]}}