{"id":6269,"date":"2023-06-21T11:32:09","date_gmt":"2023-06-21T09:32:09","guid":{"rendered":"https:\/\/bibliolingua.eu\/dlzka-trvania\/"},"modified":"2024-01-11T16:54:19","modified_gmt":"2024-01-11T15:54:19","slug":"dlzka-trvania","status":"publish","type":"page","link":"https:\/\/bibliolingua.eu\/sk\/dlzka-trvania\/","title":{"rendered":"D\u013a\u017eka trvania"},"content":{"rendered":"\n<h2 class=\"wp-block-heading\">Vo\u013ene dostupn\u00e9 zdroje pre nekomer\u010dn\u00e9 \u00fa\u010dely .<\/h2>\n\n<p>V\u0161etky zdroje BiblioLingua s\u00fa publikovan\u00e9 pod licenciou Creative Commons:<br\/><a href=\"https:\/\/creativecommons.org\/licenses\/by-nc-sa\/4.0\/\" data-type=\"URL\" data-id=\"https:\/\/creativecommons.org\/licenses\/by-nc-sa\/4.0\/\" target=\"_blank\" rel=\"noreferrer noopener\">Attribution-NonCommercial-ShareAlike 4.0.<\/a><\/p>\n\n<figure class=\"wp-block-image size-full\"><img loading=\"lazy\" decoding=\"async\" width=\"88\" height=\"31\" src=\"https:\/\/bibliolingua.eu\/wp-content\/uploads\/2023\/04\/88x31.png\" alt=\"\" class=\"wp-image-185\"\/><\/figure>\n\n<p>M\u00f4\u017eete tak vyu\u017ei\u0165 v\u0161etky zdroje (e-knihy, texty, obr\u00e1zky, vide\u00e1 at\u010f.) vytvoren\u00e9 t\u00edmom BiblioLingua na vlastn\u00e9 kurzy, \u0161kolenia, konferencie,t\u00e9zy at\u010f.. pokia\u013e uv\u00e1dzate na\u0161e zdroje ako svoj hlavn\u00fd zdroj.<\/p>\n\n<p>M\u00e1te zak\u00e1zan\u00e9 pou\u017e\u00edva\u0165 zdroje na ak\u00e9ko\u013evek komer\u010dn\u00e9 \u00fa\u010dely (op\u00e4tovn\u00fd predaj alebo registra\u010dn\u00fd poplatok); a ak uvediete zdroje tak, ako s\u00fa alebo upraven\u00e9,mus\u00ed to by\u0165 za rovnak\u00fdch podmienok.<\/p>\n","protected":false},"excerpt":{"rendered":"<p>Vo\u013ene dostupn\u00e9 zdroje pre nekomer\u010dn\u00e9 \u00fa\u010dely . V\u0161etky zdroje BiblioLingua s\u00fa publikovan\u00e9 pod licenciou Creative Commons:Attribution-NonCommercial-ShareAlike 4.0. M\u00f4\u017eete tak vyu\u017ei\u0165 v\u0161etky zdroje (e-knihy, texty, obr\u00e1zky, vide\u00e1 at\u010f.) vytvoren\u00e9 t\u00edmom BiblioLingua na vlastn\u00e9 kurzy, \u0161kolenia, konferencie,t\u00e9zy at\u010f.. pokia\u013e uv\u00e1dzate na\u0161e zdroje ako svoj hlavn\u00fd zdroj. M\u00e1te zak\u00e1zan\u00e9 pou\u017e\u00edva\u0165 zdroje na ak\u00e9ko\u013evek komer\u010dn\u00e9 \u00fa\u010dely (op\u00e4tovn\u00fd predaj alebo [&hellip;]<\/p>\n","protected":false},"author":3,"featured_media":0,"parent":0,"menu_order":0,"comment_status":"closed","ping_status":"closed","template":"","meta":{"_acf_changed":false,"_et_pb_use_builder":"off","_et_pb_old_content":"","_et_gb_content_width":"","footnotes":""},"class_list":["post-6269","page","type-page","status-publish","hentry"],"acf":[],"_links":{"self":[{"href":"https:\/\/bibliolingua.eu\/sk\/wp-json\/wp\/v2\/pages\/6269","targetHints":{"allow":["GET"]}}],"collection":[{"href":"https:\/\/bibliolingua.eu\/sk\/wp-json\/wp\/v2\/pages"}],"about":[{"href":"https:\/\/bibliolingua.eu\/sk\/wp-json\/wp\/v2\/types\/page"}],"author":[{"embeddable":true,"href":"https:\/\/bibliolingua.eu\/sk\/wp-json\/wp\/v2\/users\/3"}],"replies":[{"embeddable":true,"href":"https:\/\/bibliolingua.eu\/sk\/wp-json\/wp\/v2\/comments?post=6269"}],"version-history":[{"count":2,"href":"https:\/\/bibliolingua.eu\/sk\/wp-json\/wp\/v2\/pages\/6269\/revisions"}],"predecessor-version":[{"id":7954,"href":"https:\/\/bibliolingua.eu\/sk\/wp-json\/wp\/v2\/pages\/6269\/revisions\/7954"}],"wp:attachment":[{"href":"https:\/\/bibliolingua.eu\/sk\/wp-json\/wp\/v2\/media?parent=6269"}],"curies":[{"name":"wp","href":"https:\/\/api.w.org\/{rel}","templated":true}]}}