{"id":6273,"date":"2023-04-27T11:15:12","date_gmt":"2023-04-27T09:15:12","guid":{"rendered":"https:\/\/bibliolingua.eu\/ucebne-plany\/"},"modified":"2024-10-23T11:48:52","modified_gmt":"2024-10-23T09:48:52","slug":"ucebne-plany","status":"publish","type":"page","link":"https:\/\/bibliolingua.eu\/sk\/ucebne-plany\/","title":{"rendered":"U\u010debn\u00e9 pl\u00e1ny"},"content":{"rendered":"<p>[et_pb_section fb_built=&#8220;1&#8243; _builder_version=&#8220;4.20.2&#8243; _module_preset=&#8220;default&#8220; background_color=&#8220;#0C71C3&#8243; custom_padding=&#8220;50px||50px||true|false&#8220; global_colors_info=&#8220;{}&#8220; theme_builder_area=&#8220;et_body_layout&#8220;][et_pb_row _builder_version=&#8220;4.20.2&#8243; _module_preset=&#8220;default&#8220; custom_padding=&#8220;0px||0px||true|false&#8220; global_colors_info=&#8220;{}&#8220; theme_builder_area=&#8220;et_body_layout&#8220;][et_pb_column type=&#8220;4_4&#8243; _builder_version=&#8220;4.20.2&#8243; _module_preset=&#8220;default&#8220; global_colors_info=&#8220;{}&#8220; theme_builder_area=&#8220;et_body_layout&#8220;][et_pb_text _builder_version=&#8220;4.20.2&#8243; _dynamic_attributes=&#8220;content&#8220; _module_preset=&#8220;8bb535d0-67f5-4977-8fda-512a67174802&#8243; text_orientation=&#8220;center&#8220; background_layout=&#8220;dark&#8220; global_colors_info=&#8220;{}&#8220; theme_builder_area=&#8220;et_body_layout&#8220;]@ET-DC@eyJkeW5hbWljIjp0cnVlLCJjb250ZW50IjoicG9zdF90aXRsZSIsInNldHRpbmdzIjp7ImJlZm9yZSI6IjxoMT4iLCJhZnRlciI6IjxcL2gxPiJ9fQ==@[\/et_pb_text][\/et_pb_column][\/et_pb_row][et_pb_row _builder_version=&#8220;4.24.2&#8243; _module_preset=&#8220;default&#8220; background_color=&#8220;RGBA(255,255,255,0)&#8220; max_width=&#8220;500px&#8220; custom_margin=&#8220;50px||||false|false&#8220; custom_padding=&#8220;||||true|true&#8220; hover_enabled=&#8220;0&#8243; border_radii=&#8220;on|20px|20px|20px|20px&#8220; global_colors_info=&#8220;{}&#8220; theme_builder_area=&#8220;et_body_layout&#8220; sticky_enabled=&#8220;0&#8243;][et_pb_column type=&#8220;4_4&#8243; _builder_version=&#8220;4.20.2&#8243; _module_preset=&#8220;default&#8220; global_colors_info=&#8220;{}&#8220; theme_builder_area=&#8220;et_body_layout&#8220;][et_pb_text _builder_version=&#8220;4.24.2&#8243; _module_preset=&#8220;default&#8220; theme_builder_area=&#8220;et_body_layout&#8220; hover_enabled=&#8220;0&#8243; sticky_enabled=&#8220;0&#8243; background_layout=&#8220;dark&#8220;]<\/p>\n<p>Okrem pl\u00e1nov hod\u00edn, ktor\u00e9 s\u00fa k dispoz\u00edcii v kni\u017enici elektronick\u00fdch kn\u00edh, si m\u00f4\u017eete stiahnu\u0165 \u010fal\u0161ie pr\u00edklady priamo tu.<\/p>\n<p>[\/et_pb_text][et_pb_code _builder_version=&#8220;4.24.2&#8243; _module_preset=&#8220;default&#8220; theme_builder_area=&#8220;et_body_layout&#8220; hover_enabled=&#8220;0&#8243; sticky_enabled=&#8220;0&#8243; custom_margin=&#8220;50px||||false|false&#8220;]<a class=\"book\" href=\"\/wp-content\/uploads\/2024\/10\/bibliolingua_lesson-plans_level-1_SK.pdf\" target=\"_blank\" rel=\"noopener\"><!-- [et_pb_line_break_holder] --><\/p>\n<div class=\"book__level\">\u00darove\u0148 1<\/div>\n<p><!-- [et_pb_line_break_holder] --><button class=\"book__btn button\">Stiahnu\u0165<\/button><!-- [et_pb_line_break_holder] --><\/a><!-- [et_pb_line_break_holder] --><a class=\"book\" href=\"\/wp-content\/uploads\/2024\/10\/bibliolingua_lesson-plans_level-2_SK.pdf\" target=\"_blank\" rel=\"noopener\"><!-- [et_pb_line_break_holder] --><\/p>\n<div class=\"book__level\">\u00darove\u0148 2<\/div>\n<p><!-- [et_pb_line_break_holder] --><button class=\"book__btn button\">Stiahnu\u0165<\/button><!-- [et_pb_line_break_holder] --><\/a><!-- [et_pb_line_break_holder] --><a class=\"book\" href=\"\/wp-content\/uploads\/2024\/10\/bibliolingua_lesson-plans_level-3_SK.pdf\" target=\"_blank\" rel=\"noopener\"><!-- [et_pb_line_break_holder] --><\/p>\n<div class=\"book__level\">\u00darove\u0148 3<\/div>\n<p><!-- [et_pb_line_break_holder] --><button class=\"book__btn button\">Stiahnu\u0165<\/button><!-- [et_pb_line_break_holder] --><\/a>[\/et_pb_code][\/et_pb_column][\/et_pb_row][\/et_pb_section]<\/p>\n","protected":false},"excerpt":{"rendered":"<p>Okrem pl\u00e1nov hod\u00edn, ktor\u00e9 s\u00fa k dispoz\u00edcii v kni\u017enici elektronick\u00fdch kn\u00edh, si m\u00f4\u017eete stiahnu\u0165 \u010fal\u0161ie pr\u00edklady priamo tu.<\/p>\n","protected":false},"author":3,"featured_media":0,"parent":0,"menu_order":0,"comment_status":"closed","ping_status":"closed","template":"","meta":{"_acf_changed":false,"_et_pb_use_builder":"on","_et_pb_old_content":"","_et_gb_content_width":"","footnotes":""},"class_list":["post-6273","page","type-page","status-publish","hentry"],"acf":[],"_links":{"self":[{"href":"https:\/\/bibliolingua.eu\/sk\/wp-json\/wp\/v2\/pages\/6273","targetHints":{"allow":["GET"]}}],"collection":[{"href":"https:\/\/bibliolingua.eu\/sk\/wp-json\/wp\/v2\/pages"}],"about":[{"href":"https:\/\/bibliolingua.eu\/sk\/wp-json\/wp\/v2\/types\/page"}],"author":[{"embeddable":true,"href":"https:\/\/bibliolingua.eu\/sk\/wp-json\/wp\/v2\/users\/3"}],"replies":[{"embeddable":true,"href":"https:\/\/bibliolingua.eu\/sk\/wp-json\/wp\/v2\/comments?post=6273"}],"version-history":[{"count":5,"href":"https:\/\/bibliolingua.eu\/sk\/wp-json\/wp\/v2\/pages\/6273\/revisions"}],"predecessor-version":[{"id":11396,"href":"https:\/\/bibliolingua.eu\/sk\/wp-json\/wp\/v2\/pages\/6273\/revisions\/11396"}],"wp:attachment":[{"href":"https:\/\/bibliolingua.eu\/sk\/wp-json\/wp\/v2\/media?parent=6273"}],"curies":[{"name":"wp","href":"https:\/\/api.w.org\/{rel}","templated":true}]}}