{"id":7112,"date":"2023-04-27T11:06:13","date_gmt":"2023-04-27T09:06:13","guid":{"rendered":"https:\/\/bibliolingua.eu\/domovska-stranka\/"},"modified":"2024-11-05T14:28:25","modified_gmt":"2024-11-05T13:28:25","slug":"domovska-stranka","status":"publish","type":"page","link":"https:\/\/bibliolingua.eu\/sk\/","title":{"rendered":"Domovsk\u00e1 str\u00e1nka"},"content":{"rendered":"<p>[et_pb_section fb_built=&#8220;1&#8243; _builder_version=&#8220;4.20.2&#8243; _module_preset=&#8220;default&#8220; background_color=&#8220;#0C71C3&#8243; background_enable_image=&#8220;off&#8220; background_size=&#8220;custom&#8220; background_position=&#8220;top_left&#8220; background_repeat=&#8220;repeat&#8220; width=&#8220;100%&#8220; custom_margin=&#8220;||||false|false&#8220; custom_padding=&#8220;0px||0px||true|false&#8220; global_colors_info=&#8220;{}&#8220;][et_pb_row column_structure=&#8220;2_5,3_5&#8243; make_equal=&#8220;on&#8220; _builder_version=&#8220;4.20.2&#8243; _module_preset=&#8220;default&#8220; positioning=&#8220;none&#8220; max_width=&#8220;1256px&#8220; min_height=&#8220;550px&#8220; custom_margin=&#8220;0px||0px||false|false&#8220; custom_padding=&#8220;0px||0px||true|false&#8220; global_colors_info=&#8220;{}&#8220;][et_pb_column type=&#8220;2_5&#8243; module_class=&#8220;centrer-verticalement&#8220; _builder_version=&#8220;4.20.2&#8243; _module_preset=&#8220;default&#8220; custom_padding=&#8220;50px||50px||true|false&#8220; custom_padding_tablet=&#8220;50px||50px||true|false&#8220; custom_padding_phone=&#8220;||0px||false|false&#8220; custom_padding_last_edited=&#8220;on|phone&#8220; global_colors_info=&#8220;{}&#8220;][et_pb_text _builder_version=&#8220;4.20.2&#8243; _module_preset=&#8220;8bb535d0-67f5-4977-8fda-512a67174802&#8243; text_font=&#8220;Nunito||||||||&#8220; header_font=&#8220;||||||||&#8220; header_2_font=&#8220;||||||||&#8220; background_layout=&#8220;dark&#8220; max_width=&#8220;410px&#8220; module_alignment=&#8220;left&#8220; custom_margin=&#8220;||0px||false|false&#8220; header_font_tablet=&#8220;&#8220; header_font_phone=&#8220;&#8220; header_font_last_edited=&#8220;on|desktop&#8220; header_font_size_tablet=&#8220;1.88rem&#8220; header_font_size_phone=&#8220;1.88rem&#8220; header_font_size_last_edited=&#8220;on|phone&#8220; global_colors_info=&#8220;{}&#8220;]<\/p>\n<h1>Eur\u00f3pska klasick\u00e1 literat\u00fara adaptovan\u00e1 pre \u017eiakov ni\u017e\u0161ieho stredn\u00e9ho vzdel\u00e1vania<\/h1>\n<p>Cie\u013eom projektu Bibliolingua je pon\u00faknu\u0165 adaptovan\u00e9 a dostupn\u00e9 \u010d\u00edtanie pre \u017eiakov ni\u017e\u0161ieho stredn\u00e9ho vzdel\u00e1vania prepojen\u00edm osvojovania si druh\u00e9ho jazyka s propag\u00e1ciou eur\u00f3pskej literat\u00fary a dedi\u010dstva.<\/p>\n<p>[\/et_pb_text][et_pb_button button_url=&#8220;@ET-DC@eyJkeW5hbWljIjp0cnVlLCJjb250ZW50IjoicG9zdF9saW5rX3VybF9wYWdlIiwic2V0dGluZ3MiOnsicG9zdF9pZCI6IjE0MDcifX0=@&#8220; button_text=&#8220;Viac inform\u00e1ci\u00ed&#8220; _builder_version=&#8220;4.20.2&#8243; _dynamic_attributes=&#8220;button_url&#8220; _module_preset=&#8220;292905c6-1605-4a4f-8ca3-c5d1881773d6&#8243; global_colors_info=&#8220;{}&#8220;][\/et_pb_button][\/et_pb_column][et_pb_column type=&#8220;3_5&#8243; module_class=&#8220;home-header__illustration&#8220; _builder_version=&#8220;4.20.2&#8243; _module_preset=&#8220;default&#8220; positioning=&#8220;none&#8220; global_colors_info=&#8220;{}&#8220;][et_pb_image src=&#8220;https:\/\/bibliolingua.eu\/wp-content\/uploads\/2023\/06\/illustration-home-2.png&#8220; title_text=&#8220;illustration-home&#8220; show_bottom_space=&#8220;off&#8220; _builder_version=&#8220;4.20.2&#8243; _module_preset=&#8220;default&#8220; position_origin_a=&#8220;bottom_right&#8220; vertical_offset=&#8220;-20px&#8220; z_index=&#8220;1&#8243; width=&#8220;120%&#8220; width_phone=&#8220;100%&#8220; width_last_edited=&#8220;off|desktop&#8220; max_width=&#8220;697px&#8220; custom_margin=&#8220;||-20px|100px|false|false&#8220; custom_margin_tablet=&#8220;||-20px|100px|false|false&#8220; custom_margin_phone=&#8220;|||0px|false|false&#8220; custom_margin_last_edited=&#8220;on|phone&#8220; global_colors_info=&#8220;{}&#8220;][\/et_pb_image][\/et_pb_column][\/et_pb_row][\/et_pb_section][et_pb_section fb_built=&#8220;1&#8243; _builder_version=&#8220;4.20.2&#8243; _module_preset=&#8220;default&#8220; custom_padding=&#8220;50px||50px||true|false&#8220; global_colors_info=&#8220;{}&#8220;][et_pb_row _builder_version=&#8220;4.20.2&#8243; _module_preset=&#8220;default&#8220; max_width=&#8220;1256px&#8220; custom_margin=&#8220;0px||0px||false|false&#8220; custom_padding=&#8220;0px||0px||true|false&#8220; global_colors_info=&#8220;{}&#8220;][et_pb_column type=&#8220;4_4&#8243; _builder_version=&#8220;4.16&#8243; _module_preset=&#8220;default&#8220; global_colors_info=&#8220;{}&#8220;][et_pb_text _builder_version=&#8220;4.20.2&#8243; _module_preset=&#8220;default&#8220; header_2_font=&#8220;||||||||&#8220; text_orientation=&#8220;center&#8220; module_alignment=&#8220;center&#8220; custom_margin=&#8220;||||false|false&#8220; custom_padding=&#8220;||||false|false&#8220; header_font_last_edited=&#8220;off|desktop&#8220; header_font_size_tablet=&#8220;&#8220; header_font_size_phone=&#8220;45px&#8220; header_font_size_last_edited=&#8220;on|phone&#8220; header_2_font_size_tablet=&#8220;50px&#8220; header_2_font_size_phone=&#8220;45px&#8220; header_2_font_size_last_edited=&#8220;off|desktop&#8220; locked=&#8220;off&#8220; global_colors_info=&#8220;{}&#8220;]<\/p>\n<h2>Eur\u00f3pske partnerstvo<\/h2>\n<p>[\/et_pb_text][\/et_pb_column][\/et_pb_row][et_pb_row column_structure=&#8220;1_6,1_6,1_6,1_6,1_6,1_6&#8243; _builder_version=&#8220;4.20.2&#8243; _module_preset=&#8220;default&#8220; max_width=&#8220;1256px&#8220; custom_margin=&#8220;25px||||false|false&#8220; custom_padding=&#8220;0px||0px||true|false&#8220; global_colors_info=&#8220;{}&#8220;][et_pb_column type=&#8220;1_6&#8243; _builder_version=&#8220;4.20.2&#8243; _module_preset=&#8220;default&#8220; global_colors_info=&#8220;{}&#8220;][et_pb_image src=&#8220;https:\/\/bibliolingua.eu\/wp-content\/uploads\/2023\/04\/logopsycom.png&#8220; title_text=&#8220;Logopsycom&#8220; align=&#8220;center&#8220; module_class=&#8220;partner&#8220; _builder_version=&#8220;4.20.2&#8243; _module_preset=&#8220;default&#8220; locked=&#8220;off&#8220; global_colors_info=&#8220;{}&#8220;][\/et_pb_image][\/et_pb_column][et_pb_column type=&#8220;1_6&#8243; _builder_version=&#8220;4.20.2&#8243; _module_preset=&#8220;default&#8220; global_colors_info=&#8220;{}&#8220;][et_pb_image src=&#8220;https:\/\/bibliolingua.eu\/wp-content\/uploads\/2023\/04\/tartu-raatuse-kool.png&#8220; alt=&#8220;Tartu Raatuse Kool&#8220; title_text=&#8220;Tartu Raatuse Kool&#8220; align=&#8220;center&#8220; module_class=&#8220;partner&#8220; _builder_version=&#8220;4.20.2&#8243; _module_preset=&#8220;default&#8220; locked=&#8220;off&#8220; global_colors_info=&#8220;{}&#8220;][\/et_pb_image][\/et_pb_column][et_pb_column type=&#8220;1_6&#8243; _builder_version=&#8220;4.20.2&#8243; _module_preset=&#8220;default&#8220; global_colors_info=&#8220;{}&#8220;][et_pb_image src=&#8220;https:\/\/bibliolingua.eu\/wp-content\/uploads\/2023\/05\/istituto-dei-sorti-di-torino-1.png&#8220; alt=&#8220;Istituto dei Sordi di Torino&#8220; title_text=&#8220;Istituto dei Sordi di Torino&#8220; align=&#8220;center&#8220; module_class=&#8220;partner&#8220; _builder_version=&#8220;4.20.2&#8243; _module_preset=&#8220;default&#8220; locked=&#8220;off&#8220; global_colors_info=&#8220;{}&#8220;][\/et_pb_image][\/et_pb_column][et_pb_column type=&#8220;1_6&#8243; _builder_version=&#8220;4.20.2&#8243; _module_preset=&#8220;default&#8220; global_colors_info=&#8220;{}&#8220;][et_pb_image src=&#8220;https:\/\/bibliolingua.eu\/wp-content\/uploads\/2023\/04\/babel.png&#8220; alt=&#8220;Babel Idioma y Cultura S.L.&#8220; title_text=&#8220;Babel Idioma y Cultura S.L.&#8220; align=&#8220;center&#8220; module_class=&#8220;partner&#8220; _builder_version=&#8220;4.20.2&#8243; _module_preset=&#8220;default&#8220; locked=&#8220;off&#8220; global_colors_info=&#8220;{}&#8220;][\/et_pb_image][\/et_pb_column][et_pb_column type=&#8220;1_6&#8243; _builder_version=&#8220;4.20.2&#8243; _module_preset=&#8220;default&#8220; global_colors_info=&#8220;{}&#8220;][et_pb_image src=&#8220;https:\/\/bibliolingua.eu\/wp-content\/uploads\/2023\/04\/lesapprimeurs.png&#8220; alt=&#8220;Les Apprimeurs&#8220; title_text=&#8220;Les Apprimeurs&#8220; align=&#8220;center&#8220; module_class=&#8220;partner&#8220; _builder_version=&#8220;4.20.2&#8243; _module_preset=&#8220;default&#8220; global_colors_info=&#8220;{}&#8220;][\/et_pb_image][\/et_pb_column][et_pb_column type=&#8220;1_6&#8243; _builder_version=&#8220;4.20.2&#8243; _module_preset=&#8220;default&#8220; global_colors_info=&#8220;{}&#8220;][et_pb_image src=&#8220;https:\/\/bibliolingua.eu\/wp-content\/uploads\/2023\/04\/zakladna-skola-skultetyho-ul.png&#8220; alt=&#8220;Z\u00e1kladn\u00e1 \u0161kola \u0160kult\u00e9tyho ul.&#8220; title_text=&#8220;Z\u00e1kladn\u00e1 \u0161kola \u0160kult\u00e9tyho ul.&#8220; align=&#8220;center&#8220; module_class=&#8220;partner&#8220; _builder_version=&#8220;4.20.2&#8243; _module_preset=&#8220;default&#8220; global_colors_info=&#8220;{}&#8220;][\/et_pb_image][\/et_pb_column][\/et_pb_row][\/et_pb_section][et_pb_section fb_built=&#8220;1&#8243; disabled_on=&#8220;off|off|off&#8220; _builder_version=&#8220;4.20.2&#8243; _module_preset=&#8220;default&#8220; background_color=&#8220;#0C71C3&#8243; background_size=&#8220;contain&#8220; background_position=&#8220;top_left&#8220; background_repeat=&#8220;repeat-x&#8220; height=&#8220;100%&#8220; custom_padding=&#8220;0px||0px||true|false&#8220; global_colors_info=&#8220;{}&#8220;][et_pb_row column_structure=&#8220;3_5,2_5&#8243; make_equal=&#8220;on&#8220; custom_padding_last_edited=&#8220;on|phone&#8220; disabled_on=&#8220;off|off|off&#8220; _builder_version=&#8220;4.20.2&#8243; _module_preset=&#8220;default&#8220; background_image=&#8220;https:\/\/bibliolingua.eu\/wp-content\/uploads\/2023\/06\/ebooks-1.png&#8220; background_size=&#8220;custom&#8220; background_image_width=&#8220;58%&#8220; background_position=&#8220;bottom_left&#8220; max_width=&#8220;1256px&#8220; min_height=&#8220;350px&#8220; custom_margin=&#8220;0px||0px||false|false&#8220; custom_padding=&#8220;50px||50px||true|false&#8220; custom_padding_tablet=&#8220;50px||50px||true|false&#8220; custom_padding_phone=&#8220;||29vw||false|false&#8220; background_last_edited=&#8220;on|tablet&#8220; background_image_width_phone=&#8220;100%&#8220; global_colors_info=&#8220;{}&#8220;][et_pb_column type=&#8220;3_5&#8243; _builder_version=&#8220;4.16&#8243; _module_preset=&#8220;default&#8220; custom_css_main_element=&#8220;width: 70% !important;&#8220; global_colors_info=&#8220;{}&#8220; custom_css_main_element_last_edited=&#8220;on|phone&#8220; custom_css_main_element_tablet=&#8220;width: 55% !important;&#8220; custom_css_main_element_phone=&#8220;width: 100% !important;&#8220;][\/et_pb_column][et_pb_column type=&#8220;2_5&#8243; module_class=&#8220;centrer-verticalement&#8220; _builder_version=&#8220;4.20.2&#8243; _module_preset=&#8220;default&#8220; z_index=&#8220;0&#8243; custom_padding=&#8220;||||false|false&#8220; custom_css_main_element=&#8220;width: 30% !important;||max-width:300px;&#8220; global_colors_info=&#8220;{}&#8220; custom_css_main_element_last_edited=&#8220;on|phone&#8220; custom_css_main_element_phone=&#8220;width: 40% !important;&#8220; custom_css_main_element_tablet=&#8220;width: 30% !important;||max-width:300px;&#8220;][et_pb_text _builder_version=&#8220;4.20.2&#8243; _module_preset=&#8220;default&#8220; text_font=&#8220;Nunito||||||||&#8220; header_font=&#8220;||||||||&#8220; header_2_font=&#8220;||||||||&#8220; background_layout=&#8220;dark&#8220; max_width=&#8220;410px&#8220; module_alignment=&#8220;left&#8220; custom_margin=&#8220;|0px|0px||false|false&#8220; header_font_tablet=&#8220;&#8220; header_font_phone=&#8220;&#8220; header_font_last_edited=&#8220;on|desktop&#8220; global_colors_info=&#8220;{}&#8220;]<\/p>\n<h2>Kni\u017enica elektronick\u00fdch kn\u00edh<\/h2>\n<p>[\/et_pb_text][et_pb_button button_url=&#8220;@ET-DC@eyJkeW5hbWljIjp0cnVlLCJjb250ZW50IjoicG9zdF9saW5rX3VybF9wYWdlIiwic2V0dGluZ3MiOnsicG9zdF9pZCI6IjE2NTcifX0=@&#8220; button_text=&#8220;Viac inform\u00e1ci\u00ed&#8220; _builder_version=&#8220;4.20.2&#8243; _dynamic_attributes=&#8220;button_url&#8220; _module_preset=&#8220;292905c6-1605-4a4f-8ca3-c5d1881773d6&#8243; global_colors_info=&#8220;{}&#8220;][\/et_pb_button][\/et_pb_column][\/et_pb_row][\/et_pb_section][et_pb_section fb_built=&#8220;1&#8243; disabled_on=&#8220;off|off|off&#8220; module_class=&#8220;resources&#8220; _builder_version=&#8220;4.20.2&#8243; _module_preset=&#8220;default&#8220; background_color=&#8220;#ffffff&#8220; background_size=&#8220;contain&#8220; background_position=&#8220;top_left&#8220; background_repeat=&#8220;repeat-x&#8220; height=&#8220;100%&#8220; custom_padding=&#8220;0px||0px||true|false&#8220; global_colors_info=&#8220;{}&#8220;][et_pb_row column_structure=&#8220;1_3,1_3,1_3&#8243; use_custom_gutter=&#8220;on&#8220; gutter_width=&#8220;2&#8243; make_equal=&#8220;on&#8220; custom_padding_last_edited=&#8220;off|desktop&#8220; disabled_on=&#8220;off|off|off&#8220; _builder_version=&#8220;4.20.2&#8243; _module_preset=&#8220;default&#8220; background_size=&#8220;custom&#8220; background_position=&#8220;bottom_left&#8220; max_width=&#8220;1256px&#8220; custom_margin=&#8220;0px||0px||false|false&#8220; custom_padding=&#8220;50px||50px||true|false&#8220; custom_padding_tablet=&#8220;50px||50px||true|false&#8220; custom_padding_phone=&#8220;||||false|false&#8220; background_last_edited=&#8220;off|tablet&#8220; global_colors_info=&#8220;{}&#8220;][et_pb_column type=&#8220;1_3&#8243; module_class=&#8220;centrer-verticalement&#8220; _builder_version=&#8220;4.20.2&#8243; _module_preset=&#8220;default&#8220; global_colors_info=&#8220;{}&#8220; custom_css_main_element_last_edited=&#8220;on|phone&#8220;][et_pb_text _builder_version=&#8220;4.20.2&#8243; _module_preset=&#8220;default&#8220; text_font=&#8220;Nunito||||||||&#8220; header_font=&#8220;||||||||&#8220; header_2_font=&#8220;||||||||&#8220; max_width=&#8220;410px&#8220; module_alignment=&#8220;left&#8220; custom_margin=&#8220;|0px|0px||false|false&#8220; header_font_tablet=&#8220;&#8220; header_font_phone=&#8220;&#8220; header_font_last_edited=&#8220;on|desktop&#8220; global_colors_info=&#8220;{}&#8220;]<\/p>\n<h2>Zdroje<br \/>pre u\u010dite\u013eov<\/h2>\n<p>[\/et_pb_text][\/et_pb_column][et_pb_column type=&#8220;1_3&#8243; _builder_version=&#8220;4.20.2&#8243; _module_preset=&#8220;default&#8220; z_index=&#8220;0&#8243; custom_padding=&#8220;|||80px|false|false&#8220; custom_padding_tablet=&#8220;|||70px|false|false&#8220; custom_padding_phone=&#8220;|||70px|false|false&#8220; custom_padding_last_edited=&#8220;on|desktop&#8220; global_colors_info=&#8220;{}&#8220; custom_css_main_element_last_edited=&#8220;on|desktop&#8220;][et_pb_text _builder_version=&#8220;4.27.2&#8243; _module_preset=&#8220;default&#8220; text_font=&#8220;Nunito||||||||&#8220; header_font=&#8220;||||||||&#8220; header_2_font=&#8220;||||||||&#8220; max_width=&#8220;280px&#8220; module_alignment=&#8220;left&#8220; custom_margin=&#8220;|0px|0px||false|false&#8220; header_font_tablet=&#8220;&#8220; header_font_phone=&#8220;&#8220; header_font_last_edited=&#8220;on|desktop&#8220; global_colors_info=&#8220;{}&#8220;]<\/p>\n<h2>Pr\u00edru\u010dky pre u\u010dite\u013eov<\/h2>\n<p>[\/et_pb_text][et_pb_button button_url=&#8220;https:\/\/bibliolingua.eu\/sk\/prirucky-pre-ucitelov\/&#8220; button_text=&#8220;Viac inform\u00e1ci\u00ed&#8220; _builder_version=&#8220;4.27.2&#8243; _module_preset=&#8220;6e5849c1-ddf8-4a79-b64d-f63c88eb2a7c&#8220; global_colors_info=&#8220;{}&#8220;][\/et_pb_button][\/et_pb_column][et_pb_column type=&#8220;1_3&#8243; _builder_version=&#8220;4.20.2&#8243; _module_preset=&#8220;default&#8220; z_index=&#8220;0&#8243; custom_padding=&#8220;|||85px|false|false&#8220; custom_padding_tablet=&#8220;|||70px|false|false&#8220; custom_padding_phone=&#8220;|||70px|false|false&#8220; custom_padding_last_edited=&#8220;on|desktop&#8220; global_colors_info=&#8220;{}&#8220; custom_css_main_element_last_edited=&#8220;off|phone&#8220;][et_pb_text _builder_version=&#8220;4.20.2&#8243; _module_preset=&#8220;default&#8220; text_font=&#8220;Nunito||||||||&#8220; header_font=&#8220;||||||||&#8220; header_2_font=&#8220;||||||||&#8220; max_width=&#8220;170px&#8220; module_alignment=&#8220;left&#8220; custom_margin=&#8220;|0px|0px||false|false&#8220; header_font_tablet=&#8220;&#8220; header_font_phone=&#8220;&#8220; header_font_last_edited=&#8220;on|desktop&#8220; global_colors_info=&#8220;{}&#8220;]<\/p>\n<h2>U\u010debn\u00e9 pl\u00e1ny<\/h2>\n<p>[\/et_pb_text][et_pb_button button_url=&#8220;https:\/\/bibliolingua.eu\/sk\/ucebne-plany\/&#8220; button_text=&#8220;Viac inform\u00e1ci\u00ed&#8220; _builder_version=&#8220;4.27.2&#8243; _module_preset=&#8220;6e5849c1-ddf8-4a79-b64d-f63c88eb2a7c&#8220; global_colors_info=&#8220;{}&#8220;][\/et_pb_button][\/et_pb_column][\/et_pb_row][\/et_pb_section][et_pb_section fb_built=&#8220;1&#8243; disabled_on=&#8220;off|off|off&#8220; _builder_version=&#8220;4.20.2&#8243; _module_preset=&#8220;default&#8220; background_color=&#8220;#ffffff&#8220; background_image=&#8220;https:\/\/bibliolingua.eu\/wp-content\/uploads\/2023\/10\/bibliodos_background.png&#8220; background_position=&#8220;top_left&#8220; background_repeat=&#8220;repeat-x&#8220; height=&#8220;100%&#8220; custom_padding=&#8220;0px||0px||true|false&#8220; global_colors_info=&#8220;{}&#8220;][et_pb_row column_structure=&#8220;1_2,1_2&#8243; use_custom_gutter=&#8220;on&#8220; gutter_width=&#8220;2&#8243; make_equal=&#8220;on&#8220; custom_padding_last_edited=&#8220;on|phone&#8220; disabled_on=&#8220;off|off|off&#8220; _builder_version=&#8220;4.20.2&#8243; _module_preset=&#8220;default&#8220; background_size=&#8220;custom&#8220; background_position=&#8220;bottom_left&#8220; max_width=&#8220;1256px&#8220; custom_margin=&#8220;0px||0px||false|false&#8220; custom_padding=&#8220;50px||50px||true|false&#8220; custom_padding_tablet=&#8220;50px||50px||true|false&#8220; custom_padding_phone=&#8220;||29vw||false|false&#8220; background_last_edited=&#8220;off|tablet&#8220; global_colors_info=&#8220;{}&#8220;][et_pb_column type=&#8220;1_2&#8243; module_class=&#8220;centrer-verticalement&#8220; _builder_version=&#8220;4.20.2&#8243; _module_preset=&#8220;default&#8220; global_colors_info=&#8220;{}&#8220; custom_css_main_element_last_edited=&#8220;on|phone&#8220;][et_pb_text _builder_version=&#8220;4.20.2&#8243; _module_preset=&#8220;default&#8220; text_font=&#8220;Nunito||||||||&#8220; header_font=&#8220;||||||||&#8220; header_2_font=&#8220;||||||||&#8220; background_layout=&#8220;dark&#8220; max_width=&#8220;410px&#8220; module_alignment=&#8220;left&#8220; custom_margin=&#8220;|0px|0px||false|false&#8220; header_font_tablet=&#8220;&#8220; header_font_phone=&#8220;&#8220; header_font_last_edited=&#8220;on|desktop&#8220; global_colors_info=&#8220;{}&#8220;]<\/p>\n<h2>Chcete vidie\u0165 eur\u00f3psku klasiku upraven\u00fa pre dospel\u00fdch za\u010diato\u010dn\u00edkov?<\/h2>\n<p>[\/et_pb_text][et_pb_button button_url=&#8220;https:\/\/bibliodos.eu\/&#8220; url_new_window=&#8220;on&#8220; button_text=&#8220;Nav\u0161t\u00edvte str\u00e1nku biblidos.eu&#8220; _builder_version=&#8220;4.24.0&#8243; _module_preset=&#8220;292905c6-1605-4a4f-8ca3-c5d1881773d6&#8243; global_colors_info=&#8220;{}&#8220;][\/et_pb_button][\/et_pb_column][et_pb_column type=&#8220;1_2&#8243; _builder_version=&#8220;4.20.2&#8243; _module_preset=&#8220;default&#8220; z_index=&#8220;0&#8243; custom_padding=&#8220;||||false|false&#8220; global_colors_info=&#8220;{}&#8220; custom_css_main_element_last_edited=&#8220;on|desktop&#8220;][et_pb_image src=&#8220;https:\/\/bibliolingua.eu\/wp-content\/uploads\/2023\/10\/bibliodos_bel-ami.png&#8220; title_text=&#8220;bibliodos_bel-ami&#8220; _builder_version=&#8220;4.20.2&#8243; _module_preset=&#8220;default&#8220; max_width=&#8220;500px&#8220; global_colors_info=&#8220;{}&#8220;][\/et_pb_image][\/et_pb_column][\/et_pb_row][\/et_pb_section]<\/p>\n","protected":false},"excerpt":{"rendered":"<p>Eur\u00f3pska klasick\u00e1 literat\u00fara adaptovan\u00e1 pre \u017eiakov ni\u017e\u0161ieho stredn\u00e9ho vzdel\u00e1vania Cie\u013eom projektu Bibliolingua je pon\u00faknu\u0165 adaptovan\u00e9 a dostupn\u00e9 \u010d\u00edtanie pre \u017eiakov ni\u017e\u0161ieho stredn\u00e9ho vzdel\u00e1vania prepojen\u00edm osvojovania si druh\u00e9ho jazyka s propag\u00e1ciou eur\u00f3pskej literat\u00fary a dedi\u010dstva.Eur\u00f3pske partnerstvoKni\u017enica elektronick\u00fdch kn\u00edhZdrojepre u\u010dite\u013eovPr\u00edru\u010dky pre u\u010dite\u013eovU\u010debn\u00e9 pl\u00e1nyChcete vidie\u0165 eur\u00f3psku klasiku upraven\u00fa pre dospel\u00fdch za\u010diato\u010dn\u00edkov?<\/p>\n","protected":false},"author":3,"featured_media":0,"parent":0,"menu_order":0,"comment_status":"closed","ping_status":"closed","template":"","meta":{"_acf_changed":false,"_et_pb_use_builder":"on","_et_pb_old_content":"","_et_gb_content_width":"","footnotes":""},"class_list":["post-7112","page","type-page","status-publish","hentry"],"acf":[],"_links":{"self":[{"href":"https:\/\/bibliolingua.eu\/sk\/wp-json\/wp\/v2\/pages\/7112","targetHints":{"allow":["GET"]}}],"collection":[{"href":"https:\/\/bibliolingua.eu\/sk\/wp-json\/wp\/v2\/pages"}],"about":[{"href":"https:\/\/bibliolingua.eu\/sk\/wp-json\/wp\/v2\/types\/page"}],"author":[{"embeddable":true,"href":"https:\/\/bibliolingua.eu\/sk\/wp-json\/wp\/v2\/users\/3"}],"replies":[{"embeddable":true,"href":"https:\/\/bibliolingua.eu\/sk\/wp-json\/wp\/v2\/comments?post=7112"}],"version-history":[{"count":9,"href":"https:\/\/bibliolingua.eu\/sk\/wp-json\/wp\/v2\/pages\/7112\/revisions"}],"predecessor-version":[{"id":11808,"href":"https:\/\/bibliolingua.eu\/sk\/wp-json\/wp\/v2\/pages\/7112\/revisions\/11808"}],"wp:attachment":[{"href":"https:\/\/bibliolingua.eu\/sk\/wp-json\/wp\/v2\/media?parent=7112"}],"curies":[{"name":"wp","href":"https:\/\/api.w.org\/{rel}","templated":true}]}}