{"id":9996,"date":"2024-01-08T11:39:37","date_gmt":"2024-01-08T10:39:37","guid":{"rendered":"https:\/\/bibliolingua.eu\/implementacna-brozura\/"},"modified":"2024-11-12T16:19:41","modified_gmt":"2024-11-12T15:19:41","slug":"prirucky-pre-ucitelov","status":"publish","type":"page","link":"https:\/\/bibliolingua.eu\/sk\/prirucky-pre-ucitelov\/","title":{"rendered":"Pr\u00edru\u010dky pre u\u010dite\u013eov"},"content":{"rendered":"<p>[et_pb_section fb_built=&#8220;1&#8243; _builder_version=&#8220;4.27.3&#8243; _module_preset=&#8220;default&#8220; background_color=&#8220;#0C71C3&#8243; custom_padding=&#8220;50px||50px||true|false&#8220; hover_enabled=&#8220;0&#8243; locked=&#8220;off&#8220; global_colors_info=&#8220;{}&#8220; theme_builder_area=&#8220;post_content&#8220; disabled_on=&#8220;on|on|on&#8220; disabled=&#8220;on&#8220; sticky_enabled=&#8220;0&#8243; collapsed=&#8220;on&#8220;][et_pb_row _builder_version=&#8220;4.20.2&#8243; _module_preset=&#8220;default&#8220; custom_padding=&#8220;0px||0px||true|false&#8220; global_colors_info=&#8220;{}&#8220; theme_builder_area=&#8220;post_content&#8220;][et_pb_column type=&#8220;4_4&#8243; _builder_version=&#8220;4.20.2&#8243; _module_preset=&#8220;default&#8220; global_colors_info=&#8220;{}&#8220; theme_builder_area=&#8220;post_content&#8220;][et_pb_text _builder_version=&#8220;4.20.2&#8243; _dynamic_attributes=&#8220;content&#8220; _module_preset=&#8220;8bb535d0-67f5-4977-8fda-512a67174802&#8243; text_orientation=&#8220;center&#8220; background_layout=&#8220;dark&#8220; global_colors_info=&#8220;{}&#8220; theme_builder_area=&#8220;post_content&#8220;]@ET-DC@eyJkeW5hbWljIjp0cnVlLCJjb250ZW50IjoicG9zdF90aXRsZSIsInNldHRpbmdzIjp7ImJlZm9yZSI6IjxoMT4iLCJhZnRlciI6IjxcL2gxPiJ9fQ==@[\/et_pb_text][\/et_pb_column][\/et_pb_row][et_pb_row column_structure=&#8220;1_2,1_2&#8243; use_custom_gutter=&#8220;on&#8220; make_equal=&#8220;on&#8220; _builder_version=&#8220;4.27.0&#8243; _module_preset=&#8220;default&#8220; background_color=&#8220;#ffffff&#8220; max_width=&#8220;1280px&#8220; custom_margin=&#8220;50px||||false|false&#8220; custom_padding=&#8220;60px|20px|60px|20px|true|true&#8220; border_radii=&#8220;on|20px|20px|20px|20px&#8220; global_colors_info=&#8220;{}&#8220; theme_builder_area=&#8220;post_content&#8220;][et_pb_column type=&#8220;1_2&#8243; _builder_version=&#8220;4.20.2&#8243; _module_preset=&#8220;default&#8220; global_colors_info=&#8220;{}&#8220; theme_builder_area=&#8220;post_content&#8220;][et_pb_text _builder_version=&#8220;4.27.0&#8243; _module_preset=&#8220;default&#8220; global_colors_info=&#8220;{}&#8220; theme_builder_area=&#8220;post_content&#8220;]<\/p>\n<h2 style=\"text-align: center;\">Implementa\u010dn\u00e1 bro\u017e\u00farka<\/h2>\n<p>[\/et_pb_text][et_pb_image src=&#8220;https:\/\/bibliolingua.eu\/wp-content\/uploads\/2024\/07\/implementation-booklet_sk.png&#8220; title_text=&#8220;implementation-booklet_en&#8220; url=&#8220;https:\/\/bibliolingua.eu\/wp-content\/uploads\/2024\/07\/Bibliolingua_Implementation-booklet_SK.pdf&#8220; url_new_window=&#8220;on&#8220; align=&#8220;center&#8220; _builder_version=&#8220;4.27.0&#8243; _module_preset=&#8220;default&#8220; max_width=&#8220;300px&#8220; global_colors_info=&#8220;{}&#8220; theme_builder_area=&#8220;post_content&#8220;][\/et_pb_image][et_pb_text _builder_version=&#8220;4.27.0&#8243; _module_preset=&#8220;default&#8220; global_colors_info=&#8220;{}&#8220; theme_builder_area=&#8220;post_content&#8220;]<\/p>\n<p>Implementa\u010dn\u00e1 bro\u017e\u00fara BiblioLingua je zdroj, ktor\u00fd umo\u017en\u00ed pedag\u00f3gom zlep\u0161i\u0165 metodiku v\u00fdu\u010dby cudz\u00edch jazykov. Jej cie\u013eom je poskytn\u00fa\u0165 u\u010dite\u013eom poznatky a praktick\u00e9 pr\u00edstupy k vyu\u017e\u00edvaniu digit\u00e1lnych n\u00e1strojov a elektronick\u00fdch adapt\u00e1ci\u00ed klasickej eur\u00f3pskej literat\u00fary. <\/p>\n<p>Prostredn\u00edctvom tejto bro\u017e\u00fary pedag\u00f3govia z\u00edskaj\u00fa hlb\u0161ie pochopenie inkluz\u00edvnych vyu\u010dovac\u00edch postupov, najm\u00e4 pre \u0161tudentov so \u0161pecifick\u00fdmi vzdel\u00e1vac\u00edmi potrebami. Bro\u017e\u00fara tie\u017e umo\u017e\u0148uje u\u010dite\u013eom efekt\u00edvne sa orientova\u0165 a pou\u017e\u00edva\u0165 online platformu BiblioLingua. <\/p>\n<p>Tento zdroj je v\u00fdsledkom praktick\u00fdch pozorovan\u00ed a sp\u00e4tnej v\u00e4zby z r\u00f4znych f\u00e1z testovania, \u010do zaru\u010duje, \u017ee pon\u00faka re\u00e1lne pou\u017eite\u013en\u00e9 strat\u00e9gie na implement\u00e1ciu v triede.<\/p>\n<p>[\/et_pb_text][et_pb_button button_url=&#8220;https:\/\/bibliolingua.eu\/wp-content\/uploads\/2024\/07\/Bibliolingua_Implementation-booklet_SK.pdf&#8220; url_new_window=&#8220;on&#8220; button_text=&#8220;Stiahnu\u0165&#8220; button_alignment=&#8220;center&#8220; _builder_version=&#8220;4.27.0&#8243; _module_preset=&#8220;6e5849c1-ddf8-4a79-b64d-f63c88eb2a7c&#8220; positioning=&#8220;absolute&#8220; position_origin_a=&#8220;bottom_center&#8220; position_origin_f=&#8220;bottom_center&#8220; vertical_offset=&#8220;-30px&#8220; global_colors_info=&#8220;{}&#8220; theme_builder_area=&#8220;post_content&#8220;][\/et_pb_button][\/et_pb_column][et_pb_column type=&#8220;1_2&#8243; _builder_version=&#8220;4.20.2&#8243; _module_preset=&#8220;default&#8220; global_colors_info=&#8220;{}&#8220; theme_builder_area=&#8220;post_content&#8220;][et_pb_text _builder_version=&#8220;4.27.0&#8243; _module_preset=&#8220;default&#8220; custom_margin_tablet=&#8220;50px||||false|false&#8220; custom_margin_phone=&#8220;50px||||false|false&#8220; custom_margin_last_edited=&#8220;on|tablet&#8220; global_colors_info=&#8220;{}&#8220; theme_builder_area=&#8220;post_content&#8220;]<\/p>\n<h2 style=\"text-align: center;\">Manu\u00e1l tvorby<\/h2>\n<p>[\/et_pb_text][et_pb_image src=&#8220;https:\/\/bibliolingua.eu\/wp-content\/uploads\/2024\/09\/SK.jpg&#8220; title_text=&#8220;SL&#8220; url=&#8220;https:\/\/bibliolingua.eu\/wp-content\/uploads\/2024\/09\/WP2-A3-Creation-Manual_SL.pdf&#8220; url_new_window=&#8220;on&#8220; align=&#8220;center&#8220; _builder_version=&#8220;4.27.0&#8243; _module_preset=&#8220;default&#8220; max_width=&#8220;300px&#8220; module_alignment=&#8220;center&#8220; global_colors_info=&#8220;{}&#8220; theme_builder_area=&#8220;post_content&#8220;][\/et_pb_image][et_pb_text _builder_version=&#8220;4.27.0&#8243; _module_preset=&#8220;default&#8220; global_colors_info=&#8220;{}&#8220; theme_builder_area=&#8220;post_content&#8220;]<\/p>\n<p>Vo svojej podstate m\u00e1 Tvoriv\u00e1 pr\u00edru\u010dka za cie\u013e zmeni\u0165 u\u010dite\u013eov na dynamick\u00fdch tvorcov, podporova\u0165 kult\u00faru inov\u00e1cie a prisp\u00f4sobovanie v jazykovom vzdel\u00e1van\u00ed.<\/p>\n<p>T\u00e1to pr\u00edru\u010dka sa zaober\u00e1 k\u013e\u00fa\u010dov\u00fdmi aspektmi procesu tvorby e-kn\u00edh, od v\u00fdberu spr\u00e1vnych kn\u00edh a prisp\u00f4sobenia textu tak, aby vyhovoval r\u00f4znym potreb\u00e1m \u0161tudentov, a\u017e po efekt\u00edvne za\u010dlenenie vizu\u00e1lov. Zameriava sa tie\u017e na inkluz\u00edvnos\u0165, vysvet\u013euje r\u00f4zne v\u00fdhody za\u010dlenenia elektronick\u00fdch kn\u00edh do v\u00fdu\u010dby jazykov, ako aj integr\u00e1ciu t\u00fdchto vzdel\u00e1vac\u00edch zdrojov na platformu BiblioLingua. <\/p>\n<p>S istotou zvl\u00e1dnite proces tvorby e-kn\u00edh s istotou a vytvorte inkluz\u00edvne a dynamick\u00e9 vzdel\u00e1vacie prostredie!<\/p>\n<p>[\/et_pb_text][et_pb_button button_url=&#8220;https:\/\/bibliolingua.eu\/wp-content\/uploads\/2024\/09\/WP2-A3-Creation-Manual_SL.pdf&#8220; url_new_window=&#8220;on&#8220; button_text=&#8220;Stiahnu\u0165&#8220; button_alignment=&#8220;center&#8220; _builder_version=&#8220;4.27.0&#8243; _dynamic_attributes=&#8220;button_url&#8220; _module_preset=&#8220;6e5849c1-ddf8-4a79-b64d-f63c88eb2a7c&#8220; positioning=&#8220;absolute&#8220; position_origin_a=&#8220;bottom_center&#8220; vertical_offset=&#8220;-30px&#8220; global_colors_info=&#8220;{}&#8220; theme_builder_area=&#8220;post_content&#8220;][\/et_pb_button][\/et_pb_column][\/et_pb_row][\/et_pb_section][et_pb_section fb_built=&#8220;1&#8243; disabled_on=&#8220;off|off|off&#8220; _builder_version=&#8220;4.27.3&#8243; _module_preset=&#8220;default&#8220; background_color=&#8220;#0C71C3&#8243; custom_padding=&#8220;50px||50px||true|false&#8220; hover_enabled=&#8220;0&#8243; locked=&#8220;off&#8220; global_colors_info=&#8220;{}&#8220; theme_builder_area=&#8220;post_content&#8220; sticky_enabled=&#8220;0&#8243;][et_pb_row _builder_version=&#8220;4.20.2&#8243; _module_preset=&#8220;default&#8220; custom_padding=&#8220;0px||0px||true|false&#8220; global_colors_info=&#8220;{}&#8220; theme_builder_area=&#8220;post_content&#8220;][et_pb_column type=&#8220;4_4&#8243; _builder_version=&#8220;4.20.2&#8243; _module_preset=&#8220;default&#8220; global_colors_info=&#8220;{}&#8220; theme_builder_area=&#8220;post_content&#8220;][et_pb_text _builder_version=&#8220;4.20.2&#8243; _dynamic_attributes=&#8220;content&#8220; _module_preset=&#8220;8bb535d0-67f5-4977-8fda-512a67174802&#8243; text_orientation=&#8220;center&#8220; background_layout=&#8220;dark&#8220; global_colors_info=&#8220;{}&#8220; theme_builder_area=&#8220;post_content&#8220;]@ET-DC@eyJkeW5hbWljIjp0cnVlLCJjb250ZW50IjoicG9zdF90aXRsZSIsInNldHRpbmdzIjp7ImJlZm9yZSI6IjxoMT4iLCJhZnRlciI6IjxcL2gxPiJ9fQ==@[\/et_pb_text][\/et_pb_column][\/et_pb_row][et_pb_row column_structure=&#8220;1_3,2_3&#8243; use_custom_gutter=&#8220;on&#8220; make_equal=&#8220;on&#8220; _builder_version=&#8220;4.27.3&#8243; _module_preset=&#8220;default&#8220; background_color=&#8220;#ffffff&#8220; custom_margin=&#8220;50px||||false|false&#8220; custom_padding=&#8220;50px|50px|50px|50px|true|true&#8220; hover_enabled=&#8220;0&#8243; border_radii=&#8220;on|20px|20px|20px|20px&#8220; global_colors_info=&#8220;{}&#8220; theme_builder_area=&#8220;post_content&#8220; sticky_enabled=&#8220;0&#8243;][et_pb_column type=&#8220;1_3&#8243; _builder_version=&#8220;4.20.2&#8243; _module_preset=&#8220;default&#8220; global_colors_info=&#8220;{}&#8220; theme_builder_area=&#8220;post_content&#8220;][et_pb_image src=&#8220;https:\/\/bibliolingua.eu\/wp-content\/uploads\/2024\/07\/implementation-booklet_sk.png&#8220; title_text=&#8220;implementation-booklet_en&#8220; url=&#8220;https:\/\/bibliolingua.eu\/wp-content\/uploads\/2024\/07\/Bibliolingua_Implementation-booklet_SK.pdf&#8220; url_new_window=&#8220;on&#8220; align=&#8220;center&#8220; _builder_version=&#8220;4.27.0&#8243; _module_preset=&#8220;default&#8220; max_width=&#8220;300px&#8220; global_colors_info=&#8220;{}&#8220; theme_builder_area=&#8220;post_content&#8220;][\/et_pb_image][\/et_pb_column][et_pb_column type=&#8220;2_3&#8243; _builder_version=&#8220;4.27.3&#8243; _module_preset=&#8220;default&#8220; hover_enabled=&#8220;0&#8243; global_colors_info=&#8220;{}&#8220; theme_builder_area=&#8220;post_content&#8220; sticky_enabled=&#8220;0&#8243;][et_pb_text _builder_version=&#8220;4.27.3&#8243; _module_preset=&#8220;default&#8220; hover_enabled=&#8220;0&#8243; global_colors_info=&#8220;{}&#8220; theme_builder_area=&#8220;post_content&#8220; sticky_enabled=&#8220;0&#8243;]<\/p>\n<h2>Implementa\u010dn\u00e1 bro\u017e\u00farka<\/h2>\n<p>[\/et_pb_text][et_pb_text _builder_version=&#8220;4.27.0&#8243; _module_preset=&#8220;default&#8220; global_colors_info=&#8220;{}&#8220; theme_builder_area=&#8220;post_content&#8220;]<\/p>\n<p>Implementa\u010dn\u00e1 bro\u017e\u00fara BiblioLingua je zdroj, ktor\u00fd umo\u017en\u00ed pedag\u00f3gom zlep\u0161i\u0165 metodiku v\u00fdu\u010dby cudz\u00edch jazykov. Jej cie\u013eom je poskytn\u00fa\u0165 u\u010dite\u013eom poznatky a praktick\u00e9 pr\u00edstupy k vyu\u017e\u00edvaniu digit\u00e1lnych n\u00e1strojov a elektronick\u00fdch adapt\u00e1ci\u00ed klasickej eur\u00f3pskej literat\u00fary. <\/p>\n<p>Prostredn\u00edctvom tejto bro\u017e\u00fary pedag\u00f3govia z\u00edskaj\u00fa hlb\u0161ie pochopenie inkluz\u00edvnych vyu\u010dovac\u00edch postupov, najm\u00e4 pre \u0161tudentov so \u0161pecifick\u00fdmi vzdel\u00e1vac\u00edmi potrebami. Bro\u017e\u00fara tie\u017e umo\u017e\u0148uje u\u010dite\u013eom efekt\u00edvne sa orientova\u0165 a pou\u017e\u00edva\u0165 online platformu BiblioLingua. <\/p>\n<p>Tento zdroj je v\u00fdsledkom praktick\u00fdch pozorovan\u00ed a sp\u00e4tnej v\u00e4zby z r\u00f4znych f\u00e1z testovania, \u010do zaru\u010duje, \u017ee pon\u00faka re\u00e1lne pou\u017eite\u013en\u00e9 strat\u00e9gie na implement\u00e1ciu v triede.<\/p>\n<p>[\/et_pb_text][et_pb_button button_url=&#8220;https:\/\/bibliolingua.eu\/wp-content\/uploads\/2024\/07\/Bibliolingua_Implementation-booklet_SK.pdf&#8220; url_new_window=&#8220;on&#8220; button_text=&#8220;Stiahnu\u0165&#8220; _builder_version=&#8220;4.27.3&#8243; _module_preset=&#8220;6e5849c1-ddf8-4a79-b64d-f63c88eb2a7c&#8220; position_origin_a=&#8220;bottom_center&#8220; position_origin_f=&#8220;bottom_center&#8220; hover_enabled=&#8220;0&#8243; global_colors_info=&#8220;{}&#8220; theme_builder_area=&#8220;post_content&#8220; sticky_enabled=&#8220;0&#8243; button_alignment_last_edited=&#8220;on|tablet&#8220; button_alignment_tablet=&#8220;center&#8220; button_alignment_phone=&#8220;center&#8220;][\/et_pb_button][\/et_pb_column][\/et_pb_row][et_pb_row column_structure=&#8220;1_3,2_3&#8243; use_custom_gutter=&#8220;on&#8220; make_equal=&#8220;on&#8220; _builder_version=&#8220;4.27.3&#8243; _module_preset=&#8220;default&#8220; background_color=&#8220;#ffffff&#8220; custom_margin=&#8220;50px||||false|false&#8220; custom_padding=&#8220;50px|50px|50px|50px|true|true&#8220; hover_enabled=&#8220;0&#8243; border_radii=&#8220;off|20px|20px||&#8220; global_colors_info=&#8220;{}&#8220; theme_builder_area=&#8220;post_content&#8220; sticky_enabled=&#8220;0&#8243;][et_pb_column type=&#8220;1_3&#8243; _builder_version=&#8220;4.20.2&#8243; _module_preset=&#8220;default&#8220; global_colors_info=&#8220;{}&#8220; theme_builder_area=&#8220;post_content&#8220;][et_pb_image src=&#8220;https:\/\/bibliolingua.eu\/wp-content\/uploads\/2024\/09\/SK.jpg&#8220; title_text=&#8220;SL&#8220; url=&#8220;https:\/\/bibliolingua.eu\/wp-content\/uploads\/2024\/09\/WP2-A3-Creation-Manual_SL.pdf&#8220; url_new_window=&#8220;on&#8220; align=&#8220;center&#8220; _builder_version=&#8220;4.27.0&#8243; _module_preset=&#8220;default&#8220; max_width=&#8220;300px&#8220; module_alignment=&#8220;center&#8220; global_colors_info=&#8220;{}&#8220; theme_builder_area=&#8220;post_content&#8220;][\/et_pb_image][\/et_pb_column][et_pb_column type=&#8220;2_3&#8243; _builder_version=&#8220;4.27.3&#8243; _module_preset=&#8220;default&#8220; hover_enabled=&#8220;0&#8243; global_colors_info=&#8220;{}&#8220; theme_builder_area=&#8220;post_content&#8220; sticky_enabled=&#8220;0&#8243;][et_pb_text _builder_version=&#8220;4.27.3&#8243; _module_preset=&#8220;default&#8220; custom_margin_tablet=&#8220;50px||||false|false&#8220; custom_margin_phone=&#8220;50px||||false|false&#8220; custom_margin_last_edited=&#8220;on|tablet&#8220; hover_enabled=&#8220;0&#8243; global_colors_info=&#8220;{}&#8220; theme_builder_area=&#8220;post_content&#8220; sticky_enabled=&#8220;0&#8243;]<\/p>\n<h2>Manu\u00e1l tvorby<\/h2>\n<p>[\/et_pb_text][et_pb_text _builder_version=&#8220;4.27.0&#8243; _module_preset=&#8220;default&#8220; global_colors_info=&#8220;{}&#8220; theme_builder_area=&#8220;post_content&#8220;]<\/p>\n<p>Vo svojej podstate m\u00e1 Tvoriv\u00e1 pr\u00edru\u010dka za cie\u013e zmeni\u0165 u\u010dite\u013eov na dynamick\u00fdch tvorcov, podporova\u0165 kult\u00faru inov\u00e1cie a prisp\u00f4sobovanie v jazykovom vzdel\u00e1van\u00ed.<\/p>\n<p>T\u00e1to pr\u00edru\u010dka sa zaober\u00e1 k\u013e\u00fa\u010dov\u00fdmi aspektmi procesu tvorby e-kn\u00edh, od v\u00fdberu spr\u00e1vnych kn\u00edh a prisp\u00f4sobenia textu tak, aby vyhovoval r\u00f4znym potreb\u00e1m \u0161tudentov, a\u017e po efekt\u00edvne za\u010dlenenie vizu\u00e1lov. Zameriava sa tie\u017e na inkluz\u00edvnos\u0165, vysvet\u013euje r\u00f4zne v\u00fdhody za\u010dlenenia elektronick\u00fdch kn\u00edh do v\u00fdu\u010dby jazykov, ako aj integr\u00e1ciu t\u00fdchto vzdel\u00e1vac\u00edch zdrojov na platformu BiblioLingua. <\/p>\n<p>S istotou zvl\u00e1dnite proces tvorby e-kn\u00edh s istotou a vytvorte inkluz\u00edvne a dynamick\u00e9 vzdel\u00e1vacie prostredie!<\/p>\n<p>[\/et_pb_text][et_pb_button button_url=&#8220;https:\/\/bibliolingua.eu\/wp-content\/uploads\/2024\/09\/WP2-A3-Creation-Manual_SL.pdf&#8220; url_new_window=&#8220;on&#8220; button_text=&#8220;Stiahnu\u0165&#8220; _builder_version=&#8220;4.27.3&#8243; _dynamic_attributes=&#8220;button_url&#8220; _module_preset=&#8220;6e5849c1-ddf8-4a79-b64d-f63c88eb2a7c&#8220; position_origin_a=&#8220;bottom_center&#8220; vertical_offset=&#8220;-30px&#8220; hover_enabled=&#8220;0&#8243; global_colors_info=&#8220;{}&#8220; theme_builder_area=&#8220;post_content&#8220; sticky_enabled=&#8220;0&#8243; button_alignment_last_edited=&#8220;on|tablet&#8220; button_alignment_tablet=&#8220;center&#8220; button_alignment_phone=&#8220;center&#8220;][\/et_pb_button][\/et_pb_column][\/et_pb_row][et_pb_row use_custom_gutter=&#8220;on&#8220; make_equal=&#8220;on&#8220; _builder_version=&#8220;4.27.3&#8243; _module_preset=&#8220;default&#8220; background_color=&#8220;#ffffff&#8220; custom_margin=&#8220;0px||||false|false&#8220; custom_padding=&#8220;0px|50px|50px|50px|false|true&#8220; hover_enabled=&#8220;0&#8243; border_radii=&#8220;off|||20px|20px&#8220; global_colors_info=&#8220;{}&#8220; theme_builder_area=&#8220;post_content&#8220; sticky_enabled=&#8220;0&#8243;][et_pb_column type=&#8220;4_4&#8243; _builder_version=&#8220;4.20.2&#8243; _module_preset=&#8220;default&#8220; global_colors_info=&#8220;{}&#8220; theme_builder_area=&#8220;post_content&#8220;][et_pb_image _builder_version=&#8220;4.27.3&#8243; _module_preset=&#8220;default&#8220; theme_builder_area=&#8220;post_content&#8220; title_text=&#8220;bibliolingua_youtube&#8220; src=&#8220;https:\/\/bibliolingua.eu\/wp-content\/uploads\/2024\/11\/bibliolingua_youtube.jpg&#8220; hover_enabled=&#8220;0&#8243; sticky_enabled=&#8220;0&#8243; url=&#8220;https:\/\/www.youtube.com\/channel\/UCWG6_v1IKk8RPBoXbiean5A&#8220; url_new_window=&#8220;on&#8220; custom_padding=&#8220;50px||||false|false&#8220; custom_css_main_element=&#8220;border-top: 1px solid rgba(42,43,92,.5);&#8220;][\/et_pb_image][et_pb_button _builder_version=&#8220;4.27.3&#8243; _module_preset=&#8220;6e5849c1-ddf8-4a79-b64d-f63c88eb2a7c&#8220; theme_builder_area=&#8220;post_content&#8220; button_text=&#8220;Watch the videos&#8220; button_alignment=&#8220;center&#8220; button_url=&#8220;https:\/\/www.youtube.com\/channel\/UCWG6_v1IKk8RPBoXbiean5A&#8220; url_new_window=&#8220;on&#8220; hover_enabled=&#8220;0&#8243; sticky_enabled=&#8220;0&#8243;][\/et_pb_button][\/et_pb_column][\/et_pb_row][\/et_pb_section]<\/p>\n","protected":false},"excerpt":{"rendered":"<p>Implementa\u010dn\u00e1 bro\u017e\u00farkaImplementa\u010dn\u00e1 bro\u017e\u00fara BiblioLingua je zdroj, ktor\u00fd umo\u017en\u00ed pedag\u00f3gom zlep\u0161i\u0165 metodiku v\u00fdu\u010dby cudz\u00edch jazykov. Jej cie\u013eom je poskytn\u00fa\u0165 u\u010dite\u013eom poznatky a praktick\u00e9 pr\u00edstupy k vyu\u017e\u00edvaniu digit\u00e1lnych n\u00e1strojov a elektronick\u00fdch adapt\u00e1ci\u00ed klasickej eur\u00f3pskej literat\u00fary. Prostredn\u00edctvom tejto bro\u017e\u00fary pedag\u00f3govia z\u00edskaj\u00fa hlb\u0161ie pochopenie inkluz\u00edvnych vyu\u010dovac\u00edch postupov, najm\u00e4 pre \u0161tudentov so \u0161pecifick\u00fdmi vzdel\u00e1vac\u00edmi potrebami. Bro\u017e\u00fara tie\u017e umo\u017e\u0148uje u\u010dite\u013eom efekt\u00edvne [&hellip;]<\/p>\n","protected":false},"author":3,"featured_media":0,"parent":0,"menu_order":0,"comment_status":"closed","ping_status":"closed","template":"","meta":{"_acf_changed":false,"_et_pb_use_builder":"on","_et_pb_old_content":"","_et_gb_content_width":"","footnotes":""},"class_list":["post-9996","page","type-page","status-publish","hentry"],"acf":[],"_links":{"self":[{"href":"https:\/\/bibliolingua.eu\/sk\/wp-json\/wp\/v2\/pages\/9996","targetHints":{"allow":["GET"]}}],"collection":[{"href":"https:\/\/bibliolingua.eu\/sk\/wp-json\/wp\/v2\/pages"}],"about":[{"href":"https:\/\/bibliolingua.eu\/sk\/wp-json\/wp\/v2\/types\/page"}],"author":[{"embeddable":true,"href":"https:\/\/bibliolingua.eu\/sk\/wp-json\/wp\/v2\/users\/3"}],"replies":[{"embeddable":true,"href":"https:\/\/bibliolingua.eu\/sk\/wp-json\/wp\/v2\/comments?post=9996"}],"version-history":[{"count":44,"href":"https:\/\/bibliolingua.eu\/sk\/wp-json\/wp\/v2\/pages\/9996\/revisions"}],"predecessor-version":[{"id":12150,"href":"https:\/\/bibliolingua.eu\/sk\/wp-json\/wp\/v2\/pages\/9996\/revisions\/12150"}],"wp:attachment":[{"href":"https:\/\/bibliolingua.eu\/sk\/wp-json\/wp\/v2\/media?parent=9996"}],"curies":[{"name":"wp","href":"https:\/\/api.w.org\/{rel}","templated":true}]}}